{"id":3707,"date":"2025-10-08T14:10:34","date_gmt":"2025-10-08T12:10:34","guid":{"rendered":"https:\/\/www.laprairiehotel.ch\/decouvrir-la-region\/"},"modified":"2026-02-13T18:04:20","modified_gmt":"2026-02-13T17:04:20","slug":"die-region-entdecken","status":"publish","type":"page","link":"https:\/\/www.laprairiehotel.ch\/de\/die-region-entdecken\/","title":{"rendered":"Die Region entdecken"},"content":{"rendered":"\n    <section class=\"wp-block page-section text-carrousel panel-color frame  \"  style=\"\" data-color=\"gold\">\n\n                    <div class=\"text-carrousel-inner\">\n                <div class=\"row row-reverse-mob row-reverse-desktop-s row-reverse\">\n                    <div class=\"col-xl-6 offset-xl-6 col-lg-10 offset-lg-2 content-area\">\n                        <div class=\"white-box scroll-box parallax-el\" data-parallax-ratio=\"10\" data-parallax-speed=\"0.6\" data-scroll-speed=\"7\">\n\n                                                            <span>Golf &amp; Aktivit\u00e4ten<\/span>\n                                                                                        <h2>Ein aktiver Aufenthalt im Herzen der Natur<\/h2>\n                                                                                        <p data-start=\"162\" data-end=\"413\">Im H\u00f4tel la Prairie ist alles auf Liebhaber von Natur, Entspannung und sportlichen Aktivit\u00e4ten ausgerichtet. Eingebettet in eine gr\u00fcne Umgebung l\u00e4dt unser Haus dazu ein, Ihren Aufenthalt in vollen Z\u00fcgen zu genie\u00dfen \u2013 zwischen Sport, Natur und Komfort.<\/p>\n<ul>\n<li data-start=\"417\" data-end=\"462\">Kostenloser Zugang zu unserem Minigolfplatz<\/li>\n<li data-start=\"465\" data-end=\"525\">Partnerschaft und Verg\u00fcnstigungen mit dem Golf de Vuissens<\/li>\n<li data-start=\"528\" data-end=\"583\">Gr\u00fcnfl\u00e4chen, ideal zum Entspannen oder Spazierengehen<\/li>\n<li data-start=\"586\" data-end=\"614\">Fahrradverleih auf Anfrage<\/li>\n<li data-start=\"617\" data-end=\"650\">Rad- und Wanderwege in der N\u00e4he<\/li>\n<li data-start=\"653\" data-end=\"707\">Pers\u00f6nliche Beratung zu Aktivit\u00e4ten an der Rezeption<\/li>\n<li data-start=\"710\" data-end=\"769\">Ausgewogenes Fr\u00fchst\u00fcck mit frischen, saisonalen Produkten<\/li>\n<\/ul>\n                                                                                                            <\/div>\n                    <\/div>\n                                            <div class=\"col-xl-8 col-lg-10 p-0-mob img-area\">\n                                                        <div class=\"section-single-img\">\n                                                                    <div class=\"image\">\n                                        <img decoding=\"async\" src=\"https:\/\/www.laprairiehotel.ch\/app\/uploads\/sites\/2\/2024\/08\/minigolf.jpg\" alt=\"\" class=\"width-100\" \/>\n                                    <\/div>\n                                                            <\/div>\n                        <\/div>\n                    \n                <\/div>\n            <\/div>\n            <\/section>\n\n\n\n    <section class=\"wp-block page-section text-carrousel panel-color frame  \"  style=\"\" data-color=\"gold\">\n\n                    <div class=\"text-carrousel-inner\">\n                <div class=\"row row-reverse-mob row-reverse-desktop-s \">\n                    <div class=\"col-xl-6 col-lg-10 content-area\">\n                        <div class=\"white-box scroll-box parallax-el\" data-parallax-ratio=\"10\" data-parallax-speed=\"0.6\" data-scroll-speed=\"7\">\n\n                                                            <span>Velo &amp; Aktivit\u00e4ten<\/span>\n                                                                                        <h2>Unverzichtbare Velorouten<\/h2>\n                                                                                        <p>&nbsp;<\/p>\n<p>Unsere zentrale Lage in Yverdon-les-Bains ist ein idealer Ausgangspunkt, um die Region mit dem Velo zu erkunden \u2013 zwischen Seen, Landschaft und Jura:<\/p>\n<ul>\n<li><em>Chemin des Trois-Lacs<\/em>: ikonische Strecke zwischen Seen, Schilfgebieten und D\u00f6rfern<\/li>\n<li><em>Grande Cari\u00e7aie<\/em>: flache Routen, perfekt f\u00fcr entspannte Ausfahrten<\/li>\n<li>Anstiege nach Mauborget oder Sainte-Croix: f\u00fcr ge\u00fcbte Velofahrer mit Lust auf H\u00f6henmeter<\/li>\n<li>Rundtouren um den Neuenburgersee: mit Badepausen oder Degustationen<\/li>\n<\/ul>\n<p><a href=\"https:\/\/map.schweizmobil.ch\/?lang=fr\" target=\"_blank\" rel=\"noopener\">\u2192 <\/a><a href=\"https:\/\/map.schweizmobil.ch\/?lang=fr\" target=\"_blank\" rel=\"noopener\">Entdecken Sie die Routen auf SuisseMobile<\/a><\/p>\n                                                                                                            <\/div>\n                    <\/div>\n                                            <div class=\"col-xl-8 offset-xl-4 col-lg-10 offset-lg-2 p-0-mob img-area\">\n                                                        <div class=\"section-single-img\">\n                                                                    <div class=\"image\">\n                                        <img decoding=\"async\" src=\"https:\/\/www.laprairiehotel.ch\/app\/uploads\/sites\/2\/2024\/08\/Yverdon3.jpg\" alt=\"\" class=\"width-100\" \/>\n                                    <\/div>\n                                                            <\/div>\n                        <\/div>\n                    \n                <\/div>\n            <\/div>\n            <\/section>\n\n\n\n    <section class=\"wp-block page-section text-carrousel panel-color frame  \"  style=\"\" data-color=\"gold\">\n\n                    <div class=\"text-carrousel-inner\">\n                <div class=\"row row-reverse-mob row-reverse-desktop-s row-reverse\">\n                    <div class=\"col-xl-6 offset-xl-6 col-lg-10 offset-lg-2 content-area\">\n                        <div class=\"white-box scroll-box parallax-el\" data-parallax-ratio=\"10\" data-parallax-speed=\"0.6\" data-scroll-speed=\"7\">\n\n                                                                                        <h2>Aktivit\u00e4ten in Yverdon-les-Bains<\/h2>\n                                                                                        <ul>\n<li data-start=\"771\" data-end=\"888\">Kultur &amp; Museen<\/li>\n<li data-start=\"771\" data-end=\"888\">Shows &amp; darstellende K\u00fcnste<\/li>\n<li data-start=\"771\" data-end=\"888\">Spazierg\u00e4nge &amp; lokales Leben<\/li>\n<\/ul>\n                                                                                        <a class=\"link\" href=\"https:\/\/www.laprairiehotel.ch\/de\/die-region-entdecken\/erlebnisse-in-yverdon\/\" target=\"_self\">Weitere Outdoor-Aktivit\u00e4ten<\/a>\n                                                                                <\/div>\n                    <\/div>\n                                            <div class=\"col-xl-8 col-lg-10 p-0-mob img-area\">\n                                                        <div class=\"section-single-img\">\n                                                                    <div class=\"image\">\n                                        <img decoding=\"async\" src=\"https:\/\/www.laprairiehotel.ch\/app\/uploads\/sites\/2\/2025\/11\/IMG_5547-2-950x640.jpg\" alt=\"\" class=\"width-100\" \/>\n                                    <\/div>\n                                                            <\/div>\n                        <\/div>\n                    \n                <\/div>\n            <\/div>\n            <\/section>\n\n\n\n\n    <section class=\"wp-block tile-list page-section \"  style=\"\">\n        <div class=\"row\">\n                            <div class=\"room-item col-lg-6 col-md-12\">\n                                            <div class=\"row\">\n                            <div class=\"col-10 img-zone\">\n                                                                <div class=\"single-item\">\n                                                                            <div><img decoding=\"async\" src=\"https:\/\/www.laprairiehotel.ch\/app\/uploads\/sites\/2\/2024\/08\/ski_de_fonds-575x390.jpeg\" class=\"width-100\" \/><\/div>\n                                                                    <\/div>\n                            <\/div>\n                            <div class=\"col-2 room-nav\">\n                                                            <\/div>\n                        <\/div>\n                                        <div class=\"row\">\n                        <div class=\"col-md-10 offset-md-2\">\n                            <div class=\"white-box \">\n                                                                    <h3>Weitere Outdoor-Aktivit\u00e4ten<\/h3>\n                                                                                                    <ul>\n<li>Wandern &amp; Trailrunning<\/li>\n<li>Gleitschirmfliegen in Mauborget<\/li>\n<li>Langlauf im Jura<\/li>\n<li>Thermalb\u00e4der von Yverdon<\/li>\n<li>Golf de Vuissens<\/li>\n<\/ul>\n                                                                                                    <a class=\"link\" href=\"https:\/\/www.laprairiehotel.ch\/de\/die-region-entdecken\/outdoor-aktivitaten\/\" target=\"_self\">Entdecken<\/a>\n                                                            <\/div>\n                        <\/div>\n                    <\/div>\n                <\/div>\n                            <div class=\"room-item col-lg-6 col-md-12\">\n                                            <div class=\"row\">\n                            <div class=\"col-10 img-zone\">\n                                                                <div class=\"single-item\">\n                                                                            <div><img decoding=\"async\" src=\"https:\/\/www.laprairiehotel.ch\/app\/uploads\/sites\/2\/2025\/11\/IMG_7101-780x530.jpg\" class=\"width-100\" \/><\/div>\n                                                                    <\/div>\n                            <\/div>\n                            <div class=\"col-2 room-nav\">\n                                                            <\/div>\n                        <\/div>\n                                        <div class=\"row\">\n                        <div class=\"col-md-10 offset-md-2\">\n                            <div class=\"white-box \">\n                                                                    <h3>Die Region erkunden<\/h3>\n                                                                                                    <ul>\n<li>Sainte-Croix &amp; Les Rasses<\/li>\n<li>Romainm\u00f4tier<\/li>\n<li>Grandson<\/li>\n<li>Neuch\u00e2tel, Lausanne, Fribourg<\/li>\n<\/ul>\n                                                                                                    <a class=\"link\" href=\"https:\/\/www.laprairiehotel.ch\/de\/die-region-entdecken\/die-region-erkunden\/\" target=\"_self\">Entdecken<\/a>\n                                                            <\/div>\n                        <\/div>\n                    <\/div>\n                <\/div>\n                    <\/div>\n    <\/section>\n\n\n\n\n    \n\n\n<h2 class=\"wp-block-heading has-text-align-center\"><strong><strong>Starten Sie Ihr Abenteuer direkt vom Hotel aus!<\/strong><\/strong><\/h2>\n\n\n\n<p class=\"has-text-align-center\">Ob Sie Golf spielen, gerne mit dem Fahrrad unterwegs sind oder einfach einen Moment der Ruhe inmitten der Natur suchen \u2013 das H\u00f4tel de la Prairie ist der ideale Ausgangspunkt f\u00fcr Ihre aktiven Ausfl\u00fcge.<\/p>\n\n\n\n<div class=\"wp-block-buttons is-content-justification-center is-layout-flex wp-container-core-buttons-is-layout-16018d1d wp-block-buttons-is-layout-flex\">\n<div class=\"wp-block-button\"><a class=\"wp-block-button__link wp-element-button\" href=\"https:\/\/app.mews.com\/distributor\/8f77ef0e-e29e-41d5-bd17-b25000a07bc1\">Jetzt buchen<\/a><\/div>\n<\/div>\n\n\n\n<p><\/p>\n","protected":false},"excerpt":{"rendered":"<p>Starten Sie Ihr Abenteuer direkt vom Hotel aus! Ob Sie Golf spielen, gerne mit dem Fahrrad unterwegs sind oder einfach einen Moment der Ruhe inmitten der Natur suchen \u2013 das H\u00f4tel de la Prairie ist der ideale Ausgangspunkt f\u00fcr Ihre aktiven Ausfl\u00fcge.<\/p>\n","protected":false},"author":5,"featured_media":1678,"parent":0,"menu_order":3,"comment_status":"closed","ping_status":"closed","template":"","meta":{"_acf_changed":false,"footnotes":""},"class_list":["post-3707","page","type-page","status-publish","has-post-thumbnail","hentry"],"acf":[],"aioseo_notices":[],"_links":{"self":[{"href":"https:\/\/www.laprairiehotel.ch\/de\/wp-json\/wp\/v2\/pages\/3707","targetHints":{"allow":["GET"]}}],"collection":[{"href":"https:\/\/www.laprairiehotel.ch\/de\/wp-json\/wp\/v2\/pages"}],"about":[{"href":"https:\/\/www.laprairiehotel.ch\/de\/wp-json\/wp\/v2\/types\/page"}],"author":[{"embeddable":true,"href":"https:\/\/www.laprairiehotel.ch\/de\/wp-json\/wp\/v2\/users\/5"}],"replies":[{"embeddable":true,"href":"https:\/\/www.laprairiehotel.ch\/de\/wp-json\/wp\/v2\/comments?post=3707"}],"version-history":[{"count":2,"href":"https:\/\/www.laprairiehotel.ch\/de\/wp-json\/wp\/v2\/pages\/3707\/revisions"}],"predecessor-version":[{"id":3984,"href":"https:\/\/www.laprairiehotel.ch\/de\/wp-json\/wp\/v2\/pages\/3707\/revisions\/3984"}],"wp:featuredmedia":[{"embeddable":true,"href":"https:\/\/www.laprairiehotel.ch\/de\/wp-json\/wp\/v2\/media\/1678"}],"wp:attachment":[{"href":"https:\/\/www.laprairiehotel.ch\/de\/wp-json\/wp\/v2\/media?parent=3707"}],"curies":[{"name":"wp","href":"https:\/\/api.w.org\/{rel}","templated":true}]}}