{"id":3713,"date":"2025-10-10T15:28:01","date_gmt":"2025-10-10T13:28:01","guid":{"rendered":"https:\/\/www.laprairiehotel.ch\/decouvrir-la-region\/a-faire-a-yverdon-les-bains\/"},"modified":"2026-02-13T17:29:09","modified_gmt":"2026-02-13T16:29:09","slug":"erlebnisse-in-yverdon","status":"publish","type":"page","link":"https:\/\/www.laprairiehotel.ch\/de\/die-region-entdecken\/erlebnisse-in-yverdon\/","title":{"rendered":"Erlebnisse in Yverdon-les-Bains"},"content":{"rendered":"\n<h2 class=\"wp-block-heading has-text-align-center\"><strong><strong>Erlebnisse in Yverdon-les-Bains<\/strong><\/strong><\/h2>\n\n\n\n<p class=\"has-text-align-center\">Yverdon-les-Bains ist eine lebendige und kulturelle Stadt, ideal um Natur und Entdeckungen miteinander zu verbinden.<br>Ab dem Hotel ist alles bequem zu Fu\u00df oder mit dem Velo erreichbar.<\/p>\n\n\n\n\n    <section class=\"wp-block tile-list page-section \"  style=\"\">\n        <div class=\"row\">\n                            <div class=\"room-item col-lg-6 col-md-12\">\n                                            <div class=\"row\">\n                            <div class=\"col-10 img-zone\">\n                                                                <div class=\"single-item\">\n                                                                            <div><img decoding=\"async\" src=\"https:\/\/www.laprairiehotel.ch\/app\/uploads\/sites\/2\/2024\/08\/yverdon1-575x390.jpg\" class=\"width-100\" \/><\/div>\n                                                                    <\/div>\n                            <\/div>\n                            <div class=\"col-2 room-nav\">\n                                                            <\/div>\n                        <\/div>\n                                        <div class=\"row\">\n                        <div class=\"col-md-10 offset-md-2\">\n                            <div class=\"white-box \">\n                                                                    <h3>Kultur &amp; Museen<\/h3>\n                                                                                                    <ul>\n<li><strong>Maison d\u2019Ailleurs<\/strong>\u00a0: einzigartig in Europa, der Science-Fiction, Utopie und Fantasie gewidmet.\n<ul>\n<li>\u2192 Infos :\u00a0<a href=\"https:\/\/ailleurs.ch\/\" target=\"_blank\" rel=\"noopener\">Maison d\u2019Ailleurs<\/a><\/li>\n<\/ul>\n<\/li>\n<li><strong>Mus\u00e9e d\u2019Yverdon et r\u00e9gion<\/strong>\u00a0: im Schloss, zeigt die lokale Geschichte mit Objekten, Modellen und Ausstellungen.\n<ul>\n<li>\u2192 Infos :\u00a0<a href=\"https:\/\/musee-yverdon-region.ch\/\" target=\"_blank\" rel=\"noopener\">Mus\u00e9e d\u2019Yverdon et r\u00e9gion<\/a><\/li>\n<\/ul>\n<\/li>\n<li><strong>Mus\u00e9e suisse de la Mode<\/strong>\u00a0: kreative Mischung aus Textilien, zeitgen\u00f6ssischen Kreationen und Tradition.\n<ul>\n<li>\u2192 Infos :\u00a0<a href=\"https:\/\/museemode.ch\/\" target=\"_blank\" rel=\"noopener\">Mus\u00e9e suisse de la Mode<\/a><\/li>\n<\/ul>\n<\/li>\n<\/ul>\n<div class=\"room-item col-lg-6 col-md-12\">\n<div class=\"row\">\n<div class=\"col-md-10 offset-md-2\">\n<div class=\"white-box \"><\/div>\n<\/div>\n<\/div>\n<\/div>\n<div class=\"room-item col-lg-6 col-md-12\">\n<div class=\"row\">\n<div class=\"col-10 img-zone\"><\/div>\n<\/div>\n<\/div>\n                                                                                            <\/div>\n                        <\/div>\n                    <\/div>\n                <\/div>\n                            <div class=\"room-item col-lg-6 col-md-12\">\n                                            <div class=\"row\">\n                            <div class=\"col-10 img-zone\">\n                                                                <div class=\"single-item\">\n                                                                            <div><img decoding=\"async\" src=\"https:\/\/www.laprairiehotel.ch\/app\/uploads\/sites\/2\/2024\/08\/tennis_2-575x390.jpg\" class=\"width-100\" \/><\/div>\n                                                                    <\/div>\n                            <\/div>\n                            <div class=\"col-2 room-nav\">\n                                                            <\/div>\n                        <\/div>\n                                        <div class=\"row\">\n                        <div class=\"col-md-10 offset-md-2\">\n                            <div class=\"white-box \">\n                                                                    <h3>B\u00fchnenkunst &amp; Shows<\/h3>\n                                                                                                    <ul>\n<li><strong>Th\u00e9\u00e2tre Benno Besson<\/strong>\u00a0(20 m vom Hotel): vielf\u00e4ltiges Programm mit Theater, Comedy, Musik und Familienvorstellungen\n<ul>\n<li>\u2192 Infos :\u00a0<a href=\"https:\/\/www.theatrebennobesson.ch\/\" target=\"_blank\" rel=\"noopener\">Th\u00e9\u00e2tre Benno Besson<\/a><\/li>\n<\/ul>\n<\/li>\n<li><strong>Th\u00e9\u00e2tre de L\u2019\u00c9chandole<\/strong>\u00a0: intime B\u00fchne im Schloss mit lokalem Programm.\n<ul>\n<li>\u2192 Infos :\u00a0<a href=\"https:\/\/echandole.ch\/\" target=\"_blank\" rel=\"noopener\">L\u2019\u00c9chandole<\/a><\/li>\n<\/ul>\n<\/li>\n<li><strong>L\u2019Amalgame<\/strong>\u00a0: lebendige Konzerthalle mit Rock-, Elektro-, Jazz- und Chanson-Abenden.\n<ul>\n<li>\u2192 Infos :\u00a0<a href=\"https:\/\/www.amalgameclub.ch\/\" target=\"_blank\" rel=\"noopener\">L\u2019amalgame<\/a><\/li>\n<\/ul>\n<\/li>\n<\/ul>\n                                                                                            <\/div>\n                        <\/div>\n                    <\/div>\n                <\/div>\n                    <\/div>\n    <\/section>\n\n\n\n    <section class=\"wp-block page-section text-carrousel panel-color frame  \"  style=\"\" data-color=\"gold\">\n\n                    <div class=\"text-carrousel-inner\">\n                <div class=\"row row-reverse-mob row-reverse-desktop-s row-reverse\">\n                    <div class=\"col-xl-6 offset-xl-6 col-lg-10 offset-lg-2 content-area\">\n                        <div class=\"white-box scroll-box parallax-el\" data-parallax-ratio=\"10\" data-parallax-speed=\"0.6\" data-scroll-speed=\"7\">\n\n                                                                                        <h2>Spazierg\u00e4nge &amp; lokales Leben<\/h2>\n                                                                                        <ul>\n<li>Fussg\u00e4ngerzone Altstadt: charmante Gassen mit Gesch\u00e4ften, Caf\u00e9s, Buchhandlungen, Antiquariaten<\/li>\n<li>Samstagmorgenmarkt: regionale Produkte, Blumen, K\u00e4se und Waadtl\u00e4nder Spezialit\u00e4ten<\/li>\n<li>Stadtstrand &amp; Uferpromenade: ideal f\u00fcr entspannte Abende<\/li>\n<li style=\"list-style-type: none\"><\/li>\n<\/ul>\n<p>\u2192 <a href=\"https:\/\/yverdonlesbainsregion.ch\/agenda\/\" target=\"_blank\" rel=\"noopener\">Veranstaltungskalender<\/a><\/p>\n                                                                                                            <\/div>\n                    <\/div>\n                                            <div class=\"col-xl-8 col-lg-10 p-0-mob img-area\">\n                                                        <div class=\"section-single-img\">\n                                                                    <div class=\"image\">\n                                        <img decoding=\"async\" src=\"https:\/\/www.laprairiehotel.ch\/app\/uploads\/sites\/2\/2024\/08\/pingpong.jpg\" alt=\"\" class=\"width-100\" \/>\n                                    <\/div>\n                                                            <\/div>\n                        <\/div>\n                    \n                <\/div>\n            <\/div>\n            <\/section>\n\n\n\n<div style=\"height:100px\" aria-hidden=\"true\" class=\"wp-block-spacer\"><\/div>\n\n\n\n<h2 class=\"wp-block-heading has-text-align-center\"><strong><strong>Und wissen Sie, was das Beste ist?<\/strong><\/strong><\/h2>\n\n\n\n<p class=\"has-text-align-center\">Nur wenige Schritte vom Golfplatz, der Natur und zahlreichen Aktivit\u00e4ten entfernt, genie\u00dfen Sie einen ruhigen Aufenthalt in einer gro\u00dfz\u00fcgigen, hellen und gr\u00fcnen Umgebung.<\/p>\n\n\n\n<p class=\"has-text-align-center\">Das H\u00f4tel de la Prairie \u2013 Ihr ruhiger R\u00fcckzugsort und der ideale Ausgangspunkt, um Yverdon-les-Bains und seine Region zu entdecken.<\/p>\n\n\n\n<div class=\"wp-block-buttons is-content-justification-center is-layout-flex wp-container-core-buttons-is-layout-8057eaf3 wp-block-buttons-is-layout-flex\">\n<div class=\"wp-block-button\"><a class=\"wp-block-button__link wp-element-button\" href=\"https:\/\/app.mews.com\/distributor\/8f77ef0e-e29e-41d5-bd17-b25000a07bc1\">Jetzt buchen<\/a><\/div>\n<\/div>\n\n\n\n<p><\/p>\n","protected":false},"excerpt":{"rendered":"<p>Erlebnisse in Yverdon-les-Bains Yverdon-les-Bains ist eine lebendige und kulturelle Stadt, ideal um Natur und Entdeckungen miteinander zu verbinden.Ab dem Hotel ist alles bequem zu Fu\u00df oder mit dem Velo erreichbar. Und wissen Sie, was das Beste ist? Nur wenige Schritte vom Golfplatz, der Natur und zahlreichen Aktivit\u00e4ten entfernt, genie\u00dfen Sie einen ruhigen Aufenthalt in einer [&hellip;]<\/p>\n","protected":false},"author":5,"featured_media":1668,"parent":3707,"menu_order":6,"comment_status":"closed","ping_status":"closed","template":"","meta":{"_acf_changed":false,"footnotes":""},"class_list":["post-3713","page","type-page","status-publish","has-post-thumbnail","hentry"],"acf":[],"aioseo_notices":[],"_links":{"self":[{"href":"https:\/\/www.laprairiehotel.ch\/de\/wp-json\/wp\/v2\/pages\/3713","targetHints":{"allow":["GET"]}}],"collection":[{"href":"https:\/\/www.laprairiehotel.ch\/de\/wp-json\/wp\/v2\/pages"}],"about":[{"href":"https:\/\/www.laprairiehotel.ch\/de\/wp-json\/wp\/v2\/types\/page"}],"author":[{"embeddable":true,"href":"https:\/\/www.laprairiehotel.ch\/de\/wp-json\/wp\/v2\/users\/5"}],"replies":[{"embeddable":true,"href":"https:\/\/www.laprairiehotel.ch\/de\/wp-json\/wp\/v2\/comments?post=3713"}],"version-history":[{"count":3,"href":"https:\/\/www.laprairiehotel.ch\/de\/wp-json\/wp\/v2\/pages\/3713\/revisions"}],"predecessor-version":[{"id":3723,"href":"https:\/\/www.laprairiehotel.ch\/de\/wp-json\/wp\/v2\/pages\/3713\/revisions\/3723"}],"up":[{"embeddable":true,"href":"https:\/\/www.laprairiehotel.ch\/de\/wp-json\/wp\/v2\/pages\/3707"}],"wp:featuredmedia":[{"embeddable":true,"href":"https:\/\/www.laprairiehotel.ch\/de\/wp-json\/wp\/v2\/media\/1668"}],"wp:attachment":[{"href":"https:\/\/www.laprairiehotel.ch\/de\/wp-json\/wp\/v2\/media?parent=3713"}],"curies":[{"name":"wp","href":"https:\/\/api.w.org\/{rel}","templated":true}]}}