{"id":3731,"date":"2025-10-10T15:31:58","date_gmt":"2025-10-10T13:31:58","guid":{"rendered":"https:\/\/www.laprairiehotel.ch\/decouvrir-la-region\/activites-outdoor\/"},"modified":"2026-02-13T18:00:23","modified_gmt":"2026-02-13T17:00:23","slug":"outdoor-aktivitaten","status":"publish","type":"page","link":"https:\/\/www.laprairiehotel.ch\/de\/die-region-entdecken\/outdoor-aktivitaten\/","title":{"rendered":"Outdoor-Aktivit\u00e4ten"},"content":{"rendered":"\n    <section class=\"wp-block page-section text-carrousel panel-color frame  \"  style=\"\" data-color=\"gold\">\n\n                    <div class=\"text-carrousel-inner\">\n                <div class=\"row row-reverse-mob row-reverse-desktop-s row-reverse\">\n                    <div class=\"col-xl-6 offset-xl-6 col-lg-10 offset-lg-2 content-area\">\n                        <div class=\"white-box scroll-box parallax-el\" data-parallax-ratio=\"10\" data-parallax-speed=\"0.6\" data-scroll-speed=\"7\">\n\n                                                            <span>Outdoor-Aktivit\u00e4ten<\/span>\n                                                                                        <h2>Wandern &amp; Trailrunning<\/h2>\n                                                                                        <p>Die Region bietet eine Vielzahl markierter Wege, nur wenige Minuten von Yverdon entfernt \u2013 f\u00fcr jedes Niveau geeignet.<\/p>\n<ul>\n<li>Spazierg\u00e4nge in den Weinbergen mit Seeblick<\/li>\n<li>Wege durch die Grande Cari\u00e7aie, das gr\u00f6\u00dfte Seeufer-Naturschutzgebiet der Schweiz<\/li>\n<li>Anspruchsvollere Routen zu den Jurak\u00e4mmen (Sainte-Croix, Mauborget, Aiguilles de Baulmes)<\/li>\n<li>Rundtouren, je nach Tempo als Trail oder Wanderung<\/li>\n<\/ul>\n<p>\u2192\u00a0<strong>Entdecken Sie Routenvorschl\u00e4ge<\/strong><\/p>\n<ul>\n<li><a href=\"https:\/\/www.alltrails.com\/fr\/switzerland\/vaud\/yverdon-les-bains\" target=\"_blank\" rel=\"noopener\">AllTrails<\/a><\/li>\n<li><a href=\"https:\/\/yverdonlesbainsregion.ch\/groupe\/sport-et-nature\/\" target=\"_blank\" rel=\"noopener\">Die Website des Tourismusb\u00fcros von Yverdon-les-Bains.<\/a><\/li>\n<\/ul>\n<p>&nbsp;<\/p>\n<p>&nbsp;<\/p>\n                                                                                                            <\/div>\n                    <\/div>\n                                            <div class=\"col-xl-8 col-lg-10 p-0-mob img-area\">\n                                                        <div class=\"section-single-img\">\n                                                                    <div class=\"image\">\n                                        <img decoding=\"async\" src=\"https:\/\/www.laprairiehotel.ch\/app\/uploads\/sites\/2\/2024\/07\/bougy-villars-3798038_1280.jpg\" alt=\"\" class=\"width-100\" \/>\n                                    <\/div>\n                                                            <\/div>\n                        <\/div>\n                    \n                <\/div>\n            <\/div>\n            <\/section>\n\n\n\n    <section class=\"wp-block page-section text-carrousel panel-color frame  \"  style=\"\" data-color=\"gold\">\n\n                    <div class=\"text-carrousel-inner\">\n                <div class=\"row row-reverse-mob row-reverse-desktop-s \">\n                    <div class=\"col-xl-6 col-lg-10 content-area\">\n                        <div class=\"white-box scroll-box parallax-el\" data-parallax-ratio=\"10\" data-parallax-speed=\"0.6\" data-scroll-speed=\"7\">\n\n                                                            <span>Outdoor-Aktivit\u00e4ten<\/span>\n                                                                                        <h2>Gleitschirmfliegen im n\u00f6rdlichen Waadtl\u00e4nder Jura<\/h2>\n                                                                                        <p data-start=\"238\" data-end=\"427\">Erheben Sie sich in die L\u00fcfte und genie\u00dfen Sie spektakul\u00e4re Panoramen \u00fcber den Neuenburgersee, die Juraketten und die umliegende Landschaft. Zwei bekannte Startpl\u00e4tze befinden sich in der N\u00e4he des Hotels:<\/p>\n<ul data-start=\"429\" data-end=\"860\">\n<li data-start=\"429\" data-end=\"633\"><strong data-start=\"431\" data-end=\"444\">Mauborget<\/strong>\u00a0: ikonischer Startplatz mit Blick \u00fcber Jura und See, f\u00fcr alle Niveaus.<br data-start=\"524\" data-end=\"527\" \/>\ud83d\udc49\u00a0<a href=\"https:\/\/www.gotandem.ch\/\" target=\"_blank\" rel=\"noopener\">GoTandem<\/a>\u00a0Tandemfl\u00fcge in der Region Yverdon, Jura und Neuenburgersee<\/li>\n<li data-start=\"635\" data-end=\"860\"><strong data-start=\"637\" data-end=\"650\">Le Suchet<\/strong>\u00a0: wilderer Gipfel im Waadtl\u00e4nder Jura, mit vielf\u00e4ltigen Bedingungen und spektakul\u00e4ren Panoramen.<br data-start=\"774\" data-end=\"777\" \/>\ud83d\udc49\u00a0<a href=\"https:\/\/vol-libre-suchet.ch\/le-suchet\" target=\"_blank\" rel=\"noopener\" data-start=\"803\" data-end=\"860\">Vol Libre Suchet<\/a>\u00a0Informationen zu Startpl\u00e4tzen, Bedingungen und Flugzonen<\/li>\n<\/ul>\n                                                                                                            <\/div>\n                    <\/div>\n                                            <div class=\"col-xl-8 offset-xl-4 col-lg-10 offset-lg-2 p-0-mob img-area\">\n                                                        <div class=\"section-single-img\">\n                                                                    <div class=\"image\">\n                                        <img decoding=\"async\" src=\"https:\/\/www.laprairiehotel.ch\/app\/uploads\/sites\/2\/2024\/08\/Station_de_ski__c__Drone_Suisse-min-scaled.jpg\" alt=\"\" class=\"width-100\" \/>\n                                    <\/div>\n                                                            <\/div>\n                        <\/div>\n                    \n                <\/div>\n            <\/div>\n            <\/section>\n\n\n\n    <section class=\"wp-block page-section text-carrousel panel-color frame  \"  style=\"\" data-color=\"gold\">\n\n                    <div class=\"text-carrousel-inner\">\n                <div class=\"row row-reverse-mob row-reverse-desktop-s \">\n                    <div class=\"col-xl-6 col-lg-10 content-area\">\n                        <div class=\"white-box scroll-box parallax-el\" data-parallax-ratio=\"10\" data-parallax-speed=\"0.6\" data-scroll-speed=\"7\">\n\n                                                            <span>Outdoor-Aktivit\u00e4ten<\/span>\n                                                                                        <h2>Thermalb\u00e4der Yverdon<\/h2>\n                                                                                        <div class=\"col-xl-6 col-lg-10 content-area\">\n<div class=\"white-box scroll-box parallax-el\" data-parallax-ratio=\"10\" data-parallax-speed=\"0.6\" data-scroll-speed=\"7\">\n<p class=\"\" data-start=\"232\" data-end=\"502\">Nur 17 Gehminuten vom Hotel entfernt, bieten die Thermen eine entspannende Auszeit mit Blick auf Berge und See. Trotz Renovation bleibt der Standort teilweise ge\u00f6ffnet mit Aussenpools und Sauna.<\/p>\n<p class=\"\" data-start=\"232\" data-end=\"502\"><strong>Exklusivvorteil:<\/strong>\u00a0Als Gast des Hotels profitieren Sie von erm\u00e4ssigten Eintrittspreisen.<\/p>\n<p class=\"\" data-start=\"779\" data-end=\"878\">\u2192\u00a0<a href=\"https:\/\/www.bainsyverdon.ch\/bains\/piscines\" target=\"_blank\" rel=\"noopener\">Mehr info<\/a><\/p>\n<\/div>\n<\/div>\n                                                                                                            <\/div>\n                    <\/div>\n                                            <div class=\"col-xl-8 offset-xl-4 col-lg-10 offset-lg-2 p-0-mob img-area\">\n                                                        <div class=\"section-single-img\">\n                                                                    <div class=\"image\">\n                                        <img decoding=\"async\" src=\"https:\/\/www.laprairiehotel.ch\/app\/uploads\/sites\/2\/2025\/11\/csm_Centre-Thermal-Yverdon-bains-exterieur-header_c_nuno-acacio_90d0b53ab1-950x640.jpg\" alt=\"\" class=\"width-100\" \/>\n                                    <\/div>\n                                                            <\/div>\n                        <\/div>\n                    \n                <\/div>\n            <\/div>\n            <\/section>\n\n\n\n<h2 class=\"wp-block-heading has-text-align-center\"><strong><strong>Ihr Abenteuer beginnt nach erholsamem Schlaf und einem genussvollen Fr\u00fchst\u00fcck.<\/strong><\/strong><\/h2>\n\n\n\n<p class=\"has-text-align-center\">Genie\u00dfen Sie wahre Erholung und ein reichhaltiges Fr\u00fchst\u00fcck, bevor Sie voll und ganz in die Outdoor-Aktivit\u00e4ten eintauchen.<\/p>\n\n\n\n<div class=\"wp-block-buttons is-content-justification-center is-layout-flex wp-container-core-buttons-is-layout-16018d1d wp-block-buttons-is-layout-flex\">\n<div class=\"wp-block-button\"><a class=\"wp-block-button__link wp-element-button\" href=\"https:\/\/app.mews.com\/distributor\/8f77ef0e-e29e-41d5-bd17-b25000a07bc1\">Jetzt buchen<\/a><\/div>\n<\/div>\n\n\n\n<p><\/p>\n","protected":false},"excerpt":{"rendered":"<p>Ihr Abenteuer beginnt nach erholsamem Schlaf und einem genussvollen Fr\u00fchst\u00fcck. Genie\u00dfen Sie wahre Erholung und ein reichhaltiges Fr\u00fchst\u00fcck, bevor Sie voll und ganz in die Outdoor-Aktivit\u00e4ten eintauchen.<\/p>\n","protected":false},"author":5,"featured_media":1678,"parent":3707,"menu_order":12,"comment_status":"closed","ping_status":"closed","template":"","meta":{"_acf_changed":false,"footnotes":""},"class_list":["post-3731","page","type-page","status-publish","has-post-thumbnail","hentry"],"acf":[],"aioseo_notices":[],"_links":{"self":[{"href":"https:\/\/www.laprairiehotel.ch\/de\/wp-json\/wp\/v2\/pages\/3731","targetHints":{"allow":["GET"]}}],"collection":[{"href":"https:\/\/www.laprairiehotel.ch\/de\/wp-json\/wp\/v2\/pages"}],"about":[{"href":"https:\/\/www.laprairiehotel.ch\/de\/wp-json\/wp\/v2\/types\/page"}],"author":[{"embeddable":true,"href":"https:\/\/www.laprairiehotel.ch\/de\/wp-json\/wp\/v2\/users\/5"}],"replies":[{"embeddable":true,"href":"https:\/\/www.laprairiehotel.ch\/de\/wp-json\/wp\/v2\/comments?post=3731"}],"version-history":[{"count":1,"href":"https:\/\/www.laprairiehotel.ch\/de\/wp-json\/wp\/v2\/pages\/3731\/revisions"}],"predecessor-version":[{"id":3735,"href":"https:\/\/www.laprairiehotel.ch\/de\/wp-json\/wp\/v2\/pages\/3731\/revisions\/3735"}],"up":[{"embeddable":true,"href":"https:\/\/www.laprairiehotel.ch\/de\/wp-json\/wp\/v2\/pages\/3707"}],"wp:featuredmedia":[{"embeddable":true,"href":"https:\/\/www.laprairiehotel.ch\/de\/wp-json\/wp\/v2\/media\/1678"}],"wp:attachment":[{"href":"https:\/\/www.laprairiehotel.ch\/de\/wp-json\/wp\/v2\/media?parent=3731"}],"curies":[{"name":"wp","href":"https:\/\/api.w.org\/{rel}","templated":true}]}}