{"id":3737,"date":"2025-10-10T15:33:47","date_gmt":"2025-10-10T13:33:47","guid":{"rendered":"https:\/\/www.laprairiehotel.ch\/decouvrir-la-region\/explorer-la-region\/"},"modified":"2026-02-13T18:02:01","modified_gmt":"2026-02-13T17:02:01","slug":"die-region-erkunden","status":"publish","type":"page","link":"https:\/\/www.laprairiehotel.ch\/de\/die-region-entdecken\/die-region-erkunden\/","title":{"rendered":"Entdecken Sie die Region"},"content":{"rendered":"\n<h2 class=\"wp-block-heading has-text-align-center\"><strong>Entdecken Sie die Region<\/strong><\/h2>\n\n\n\n<p class=\"has-text-align-center\">Yverdon-les-Bains ist der ideale Ausgangspunkt, um die Sch\u00e4tze des Waadtl\u00e4nder Nordjuras und dar\u00fcber hinaus zu entdecken.<br>Zwischen malerischen D\u00f6rfern, mittelalterlichem Erbe, unber\u00fchrter Natur und urbanen Ausfl\u00fcgen gibt es unz\u00e4hlige M\u00f6glichkeiten, Ihren Aufenthalt zu verl\u00e4ngern.<\/p>\n\n\n\n\n    <section class=\"wp-block tile-list page-section \"  style=\"\">\n        <div class=\"row\">\n                            <div class=\"room-item col-lg-6 col-md-12\">\n                                            <div class=\"row\">\n                            <div class=\"col-10 img-zone\">\n                                                                <div class=\"single-item\">\n                                                                            <div><img decoding=\"async\" src=\"https:\/\/www.laprairiehotel.ch\/app\/uploads\/sites\/2\/2025\/11\/5fa0614e017a2ce0941bef4ffc70089e223853f4_1080-780x530.jpg\" class=\"width-100\" \/><\/div>\n                                                                    <\/div>\n                            <\/div>\n                            <div class=\"col-2 room-nav\">\n                                                            <\/div>\n                        <\/div>\n                                        <div class=\"row\">\n                        <div class=\"col-md-10 offset-md-2\">\n                            <div class=\"white-box \">\n                                                                    <h3>Grandson<\/h3>\n                                                                                                    <p data-start=\"71\" data-end=\"360\">Nur 10 Autominuten entfernt ist Grandson ber\u00fchmt f\u00fcr sein imposantes mittelalterliches Schloss \u2013 eines der am besten erhaltenen in der Schweiz. Direkt am Ufer des Neuenburgersees gelegen, bietet es immersive F\u00fchrungen, Ausstellungen und beherbergt regelm\u00e4\u00dfig historische Veranstaltungen.<\/p>\n<p data-start=\"362\" data-end=\"531\">Nach der Entdeckung des Schlosses k\u00f6nnen Sie einen Spaziergang am See genie\u00dfen, schwimmen gehen oder einfach einen Moment der Entspannung an den ruhigen Ufern erleben.<\/p>\n<p>\u2192 Infos :\u00a0<a href=\"https:\/\/www.chateau-grandson.ch\/\">chateau-grandson.ch<\/a><\/p>\n                                                                                            <\/div>\n                        <\/div>\n                    <\/div>\n                <\/div>\n                            <div class=\"room-item col-lg-6 col-md-12\">\n                                            <div class=\"row\">\n                            <div class=\"col-10 img-zone\">\n                                                                <div class=\"single-item\">\n                                                                            <div><img decoding=\"async\" src=\"https:\/\/www.laprairiehotel.ch\/app\/uploads\/sites\/2\/2024\/08\/Yverdon5-575x390.jpg\" class=\"width-100\" \/><\/div>\n                                                                    <\/div>\n                            <\/div>\n                            <div class=\"col-2 room-nav\">\n                                                            <\/div>\n                        <\/div>\n                                        <div class=\"row\">\n                        <div class=\"col-md-10 offset-md-2\">\n                            <div class=\"white-box \">\n                                                                    <h3>Romainm\u00f4tier<\/h3>\n                                                                                                    <p>Eine wahre Zeitreise, nur 35 Minuten von Yverdon entfernt. Romainm\u00f4tier geh\u00f6rt zu den sch\u00f6nsten D\u00f6rfern der Schweiz und beherbergt eine romanische Abtei aus dem 10. Jahrhundert, umgeben von mittelalterlichen Gassen, Kunsthandwerksgalerien und idyllischen Landschaften.<br \/>\n\u2192 Infos :\u00a0<a href=\"https:\/\/www.romainmotier.ch\/\">romainmotier.ch<\/a><\/p>\n                                                                                            <\/div>\n                        <\/div>\n                    <\/div>\n                <\/div>\n                            <div class=\"room-item col-lg-6 col-md-12\">\n                                            <div class=\"row\">\n                            <div class=\"col-10 img-zone\">\n                                                                <div class=\"single-item\">\n                                                                            <div><img decoding=\"async\" src=\"https:\/\/www.laprairiehotel.ch\/app\/uploads\/sites\/2\/2024\/08\/Yverdon4-575x390.jpg\" class=\"width-100\" \/><\/div>\n                                                                    <\/div>\n                            <\/div>\n                            <div class=\"col-2 room-nav\">\n                                                            <\/div>\n                        <\/div>\n                                        <div class=\"row\">\n                        <div class=\"col-md-10 offset-md-2\">\n                            <div class=\"white-box \">\n                                                                    <h3>Sainte-Croix &amp; Jura<\/h3>\n                                                                                                    <p data-start=\"3644\" data-end=\"3952\">Etwa 30 Minuten vom Hotel entfernt liegen diese Ferienorte im Waadtl\u00e4nder Jura, die spektakul\u00e4re Wanderungen, MTB-Strecken und einige der sch\u00f6nsten Panoramablicke auf die Alpen bieten. Sainte-Croix ist zudem f\u00fcr sein pr\u00e4zises Handwerk bekannt, insbesondere f\u00fcr die Herstellung von Spieluhren und Automaten.<\/p>\n<p data-start=\"3954\" data-end=\"4339\">In der N\u00e4he sollten Sie den\u00a0<strong data-start=\"3982\" data-end=\"3998\">Creux du Van<\/strong>\u00a0nicht verpassen \u2013 ein beeindruckendes nat\u00fcrliches Felsentheater, oft als\u00a0<em data-start=\"4072\" data-end=\"4100\">\u201eGrand Canyon der Schweiz\u201c<\/em>\u00a0bezeichnet. Diese spektakul\u00e4re Formation auf 1\u2019400 Metern H\u00f6he bietet unvergessliche Wanderwege, schwindelerregende Aussichtspunkte \u00fcber Klippen und T\u00e4ler sowie eine intakte Natur, in der h\u00e4ufig Steinb\u00f6cke und Murmeltiere zu sehen sind.<\/p>\n<p>\u2192 Infos :\u00a0<a href=\"https:\/\/www.ste-croix.ch\/\" target=\"_blank\" rel=\"noopener\">sainte-croix.ch<\/a><\/p>\n                                                                                            <\/div>\n                        <\/div>\n                    <\/div>\n                <\/div>\n                            <div class=\"room-item col-lg-6 col-md-12\">\n                                            <div class=\"row\">\n                            <div class=\"col-10 img-zone\">\n                                                                <div class=\"single-item\">\n                                                                            <div><img decoding=\"async\" src=\"https:\/\/www.laprairiehotel.ch\/app\/uploads\/sites\/2\/2025\/11\/IMG_5554-780x530.jpg\" class=\"width-100\" \/><\/div>\n                                                                    <\/div>\n                            <\/div>\n                            <div class=\"col-2 room-nav\">\n                                                            <\/div>\n                        <\/div>\n                                        <div class=\"row\">\n                        <div class=\"col-md-10 offset-md-2\">\n                            <div class=\"white-box \">\n                                                                    <h3>Einfache Ausfl\u00fcge: Neuch\u00e2tel, Lausanne, Fribourg<\/h3>\n                                                                                                    <p data-start=\"4341\" data-end=\"4392\">M\u00f6chten Sie Ihr urbanes Abenteuer verl\u00e4ngern?<\/p>\n<ul>\n<li data-start=\"4396\" data-end=\"4459\"><strong data-start=\"4396\" data-end=\"4409\">Neuenburg<\/strong>: historische Stadt mit Schloss, See und Museen.<\/li>\n<li data-start=\"4462\" data-end=\"4539\"><strong data-start=\"4462\" data-end=\"4474\">Lausanne<\/strong>: olympische Hauptstadt, dynamisch und kulturell, am Genfersee.<\/li>\n<li data-start=\"4542\" data-end=\"4656\"><strong data-start=\"4542\" data-end=\"4554\">Freiburg<\/strong>: mittelalterliche Stadt an der Saane, perfekt zum Flanieren und Entdecken ihrer Br\u00fccken und Gassen.<\/li>\n<\/ul>\n<p data-start=\"4658\" data-end=\"4770\">Alle diese St\u00e4dte sind von Yverdon aus per Direktzug oder in weniger als einer Stunde mit dem Auto erreichbar.<\/p>\n                                                                                            <\/div>\n                        <\/div>\n                    <\/div>\n                <\/div>\n                            <div class=\"room-item col-lg-6 col-md-12\">\n                                            <div class=\"row\">\n                            <div class=\"col-10 img-zone\">\n                                                                <div class=\"single-item\">\n                                                                            <div><img decoding=\"async\" src=\"https:\/\/www.laprairiehotel.ch\/app\/uploads\/sites\/2\/2024\/08\/Yverdon2-575x390.jpg\" class=\"width-100\" \/><\/div>\n                                                                    <\/div>\n                            <\/div>\n                            <div class=\"col-2 room-nav\">\n                                                            <\/div>\n                        <\/div>\n                                        <div class=\"row\">\n                        <div class=\"col-md-10 offset-md-2\">\n                            <div class=\"white-box \">\n                                                                    <h3>Str\u00e4nde in der N\u00e4he<\/h3>\n                                                                                                    <p data-start=\"4772\" data-end=\"5041\">Nur wenige Minuten von unserem Hotel entfernt bieten die Str\u00e4nde von Yverdon-les-Bains eine wahre Oase der Entspannung am Ufer des Neuenburgersees. Perfekt zum Schwimmen, Entspannen und f\u00fcr Aktivit\u00e4ten im Freien \u2013 ideal f\u00fcr Ausfl\u00fcge mit Familie, Freunden oder allein.<\/p>\n<p data-start=\"5043\" data-end=\"5343\">Der\u00a0<strong data-start=\"5047\" data-end=\"5087\">Gemeindestrand von Yverdon-les-Bains<\/strong>\u00a0begeistert mit seiner freundlichen Atmosph\u00e4re, einer gro\u00dfen schattigen Liegewiese, sicherem Zugang zum Wasser und Einrichtungen f\u00fcr Gro\u00df und Klein: Spielpl\u00e4tze, Sportfelder, Kiosk, Duschen und sogar eine Rampe f\u00fcr Personen mit eingeschr\u00e4nkter Mobilit\u00e4t.<\/p>\n<p data-start=\"5345\" data-end=\"5398\">In der N\u00e4he s\u00e4umen weitere ruhige Orte das Seeufer:<\/p>\n<ul>\n<li data-start=\"5402\" data-end=\"5508\"><strong data-start=\"5402\" data-end=\"5425\">Strand von Grandson<\/strong>, charmant und ruhiger, l\u00e4dt zu Entspannung oder einem Spaziergang am Wasser ein.<\/li>\n<li data-start=\"5511\" data-end=\"5671\">Das\u00a0<strong data-start=\"5515\" data-end=\"5552\">Naturschutzgebiet Grande Cari\u00e7aie<\/strong>, ideal, um Flora und Fauna in einem gesch\u00fctzten Rahmen zu beobachten und gleichzeitig die Ruhe des Sees zu genie\u00dfen.<\/li>\n<\/ul>\n<p data-start=\"5673\" data-end=\"5844\">Ob Sie gerne schwimmen, picknicken, Wassersport treiben oder einfach einen Ort zum Auftanken suchen \u2013 die Str\u00e4nde der Region Yverdon erwarten Sie den ganzen Sommer \u00fcber.<\/p>\n                                                                                            <\/div>\n                        <\/div>\n                    <\/div>\n                <\/div>\n                            <div class=\"room-item col-lg-6 col-md-12\">\n                                            <div class=\"row\">\n                            <div class=\"col-10 img-zone\">\n                                                                <div class=\"single-item\">\n                                                                            <div><img decoding=\"async\" src=\"https:\/\/www.laprairiehotel.ch\/app\/uploads\/sites\/2\/2024\/08\/yverdon1-575x390.jpg\" class=\"width-100\" \/><\/div>\n                                                                    <\/div>\n                            <\/div>\n                            <div class=\"col-2 room-nav\">\n                                                            <\/div>\n                        <\/div>\n                                        <div class=\"row\">\n                        <div class=\"col-md-10 offset-md-2\">\n                            <div class=\"white-box \">\n                                                                    <h3>Weinberge &amp; lokale Spezialit\u00e4ten<\/h3>\n                                                                                                    <p>Die Region Yverdon-les-Bains ist zudem ein reiches Weinbaugebiet, eingebettet zwischen See und H\u00fcgeln. Ob Sie Weinliebhaber sind oder einfach neugierig auf lokale Spezialit\u00e4ten \u2013 die Weinberge des Waadtl\u00e4nder Nordjuras bieten authentische Erlebnisse zwischen Tradition und Leidenschaft.<\/p>\n<ul>\n<li><strong>AOC Bonvillars<\/strong><\/li>\n<\/ul>\n<p>\u00d6stlich des Neuenburgersees gelegen, umfasst die Appellation Bonvillars 195 Hektar und bietet Weine, die f\u00fcr ihre Frische und Mineralit\u00e4t bekannt sind, darunter Chasselas, Pinot Noir und lokale Spezialit\u00e4ten.<\/p>\n<p><strong>\u2192 Infos :\u00a0<a href=\"https:\/\/www.aocbonvillars.ch\/\" target=\"_blank\" rel=\"noopener\">AOC Bonvillars<\/a><\/strong><\/p>\n<ul>\n<li><strong>AOC C\u00f4tes de l\u2019Orbe<\/strong><\/li>\n<\/ul>\n<p>Weiter s\u00fcdlich, zwischen Orbe und Yverdon, zeichnet sich diese Appellation durch kr\u00e4ftige Rotweine und aromatische Wei\u00dfweine aus Rebsorten wie Gamay, Gamaret und Chardonnay aus.<\/p>\n<p><strong>\u2192 Infos :\u00a0<a href=\"https:\/\/cotes-orbe.ch\/\" target=\"_blank\" rel=\"noopener\">AOC C\u00f4te de l\u2019Orbe<\/a><\/strong><\/p>\n<p>&nbsp;<\/p>\n                                                                                            <\/div>\n                        <\/div>\n                    <\/div>\n                <\/div>\n                    <\/div>\n    <\/section>\n\n\n\n<h2 class=\"wp-block-heading has-text-align-center\"><strong><strong>Erleben, Sp\u00fcren, Geniessen.<\/strong><\/strong><\/h2>\n\n\n\n<p class=\"has-text-align-center\">Entlang der Wege und D\u00f6rfer offenbart die Region ihren ganzen Charme. Wir begleiten Sie zu den Highlights \u2026 und zu den unerwarteten Entdeckungen.<\/p>\n\n\n\n<div class=\"wp-block-buttons is-content-justification-center is-layout-flex wp-container-core-buttons-is-layout-16018d1d wp-block-buttons-is-layout-flex\">\n<div class=\"wp-block-button\"><a class=\"wp-block-button__link wp-element-button\" href=\"https:\/\/app.mews.com\/distributor\/8f77ef0e-e29e-41d5-bd17-b25000a07bc1\">Jetzt buchen<\/a><\/div>\n<\/div>\n\n\n\n<p><\/p>\n","protected":false},"excerpt":{"rendered":"<p>Entdecken Sie die Region Yverdon-les-Bains ist der ideale Ausgangspunkt, um die Sch\u00e4tze des Waadtl\u00e4nder Nordjuras und dar\u00fcber hinaus zu entdecken.Zwischen malerischen D\u00f6rfern, mittelalterlichem Erbe, unber\u00fchrter Natur und urbanen Ausfl\u00fcgen gibt es unz\u00e4hlige M\u00f6glichkeiten, Ihren Aufenthalt zu verl\u00e4ngern. Erleben, Sp\u00fcren, Geniessen. Entlang der Wege und D\u00f6rfer offenbart die Region ihren ganzen Charme. Wir begleiten Sie zu [&hellip;]<\/p>\n","protected":false},"author":5,"featured_media":1675,"parent":3707,"menu_order":21,"comment_status":"closed","ping_status":"closed","template":"","meta":{"_acf_changed":false,"footnotes":""},"class_list":["post-3737","page","type-page","status-publish","has-post-thumbnail","hentry"],"acf":[],"aioseo_notices":[],"_links":{"self":[{"href":"https:\/\/www.laprairiehotel.ch\/de\/wp-json\/wp\/v2\/pages\/3737","targetHints":{"allow":["GET"]}}],"collection":[{"href":"https:\/\/www.laprairiehotel.ch\/de\/wp-json\/wp\/v2\/pages"}],"about":[{"href":"https:\/\/www.laprairiehotel.ch\/de\/wp-json\/wp\/v2\/types\/page"}],"author":[{"embeddable":true,"href":"https:\/\/www.laprairiehotel.ch\/de\/wp-json\/wp\/v2\/users\/5"}],"replies":[{"embeddable":true,"href":"https:\/\/www.laprairiehotel.ch\/de\/wp-json\/wp\/v2\/comments?post=3737"}],"version-history":[{"count":1,"href":"https:\/\/www.laprairiehotel.ch\/de\/wp-json\/wp\/v2\/pages\/3737\/revisions"}],"predecessor-version":[{"id":3742,"href":"https:\/\/www.laprairiehotel.ch\/de\/wp-json\/wp\/v2\/pages\/3737\/revisions\/3742"}],"up":[{"embeddable":true,"href":"https:\/\/www.laprairiehotel.ch\/de\/wp-json\/wp\/v2\/pages\/3707"}],"wp:featuredmedia":[{"embeddable":true,"href":"https:\/\/www.laprairiehotel.ch\/de\/wp-json\/wp\/v2\/media\/1675"}],"wp:attachment":[{"href":"https:\/\/www.laprairiehotel.ch\/de\/wp-json\/wp\/v2\/media?parent=3737"}],"curies":[{"name":"wp","href":"https:\/\/api.w.org\/{rel}","templated":true}]}}