{"id":3773,"date":"2024-07-01T17:28:13","date_gmt":"2024-07-01T15:28:13","guid":{"rendered":"https:\/\/www.laprairiehotel.ch\/chambres-suites\/chambre-economique\/"},"modified":"2026-02-15T15:10:31","modified_gmt":"2026-02-15T14:10:31","slug":"economy-doppelzimmer","status":"publish","type":"page","link":"https:\/\/www.laprairiehotel.ch\/de\/zimmer-suiten\/economy-doppelzimmer\/","title":{"rendered":"Economy Doppelzimmer"},"content":{"rendered":"\n    <\/div>\n            <section class=\"wp-block content-section frame page-section \"  style=\"\">\n            <div class=\"container\">\n                <div class=\"row\">\n                    <div class=\"col-lg-5 col-md-12 left-content \">\n                        <h3>Serviceleistungen<\/h3>\n<div class=\"table-responsive\"><table class=\" cke_show_border\">\n<tbody>\n<tr>\n<td>Kabel-TV (Flachbildschirm)<\/td>\n<td>Haartrockner<\/td>\n<\/tr>\n<tr>\n<td>Telefon<\/td>\n<td>Safe im Zimmer<\/td>\n<\/tr>\n<tr>\n<td>Nichtraucher<\/td>\n<td>Bademantel sowie B\u00fcgeleisen und B\u00fcgelbrett auf Anfrage<\/td>\n<\/tr>\n<tr>\n<td>Hausschuhe<\/td>\n<td><\/td>\n<\/tr>\n<tr>\n<td>WLAN<\/td>\n<td><\/td>\n<\/tr>\n<tr>\n<td>Bett 160X200cm<\/td>\n<td><\/td>\n<\/tr>\n<\/tbody>\n<\/table><\/div>\n                    <\/div>\n                    <div class=\"col-lg-6 offset-lg-1 col-md-12 offset-md-0 right-content\">\n                        <div class=\"white-box parallax-el\" data-parallax-ratio=\"20\" data-parallax-speed=\"1\">\n                            <h2 data-start=\"786\" data-end=\"810\">Economy Doppelzimmer<\/h2>\n<p data-start=\"812\" data-end=\"977\">In dieser attraktiven Kategorie f\u00fcr 1 oder 2 Personen steht Ihnen eine Fl\u00e4che von 16 m\u00b2 inklusive Badezimmer zur Verf\u00fcgung. Einige Zimmer verf\u00fcgen \u00fcber einen Balkon.<\/p>\n<p data-start=\"979\" data-end=\"998\">Nichtraucherzimmer.<\/p>\n<p data-start=\"1000\" data-end=\"1029\">Haustiere sind nicht erlaubt.<\/p>\n                                                            <div class=\"options\">\n                                                                            <div class=\"option-item\">\n                                            <i class=\"fal fa-ruler-combined\"><\/i>\n                                            16m\u00b2                                        <\/div>\n                                                                                                                <div class=\"option-item\">\n                                            <i class=\"fal fa-bed-alt\"><\/i>\n                                            160X200cm                                        <\/div>\n                                                                                                                <div class=\"option-item\">\n                                            <i class=\"fal fa-smoking-ban\"><\/i>\n                                            NIichtraucher                                        <\/div>\n                                                                                                                <div class=\"option-item\">\n                                            <img decoding=\"async\" src=\"https:\/\/www.laprairiehotel.ch\/app\/themes\/hotellaprairie\/assets\/images\/dog.svg\" alt=\"No Pets\">\n                                            Keine Haustiere erlaubt                                        <\/div>\n                                                                    <\/div>\n                                                                                        <a class=\"link\" href=\"https:\/\/app.mews.com\/distributor\/8f77ef0e-e29e-41d5-bd17-b25000a07bc1\" target=\"_blank\">Zimmer buchen<\/a>\n                                                    <\/div>\n                    <\/div>\n                <\/div>\n            <\/div>\n        <\/section>\n        <div class=\"container\">\n    \n\n\n    <div class=\"row gallery-row \"  style=\"\">\n        <div class=\"lightgallery\">\n                                                                                                                                        <div class=\"col-lg-4 col-md-6 col-sm-12 pointer video-box\" data-src=\"https:\/\/www.laprairiehotel.ch\/app\/uploads\/sites\/2\/2024\/07\/dbeco1-scaled-1440x1080.jpg\" data-sub-html=\"\">\n                            <div>\n                                <a href=\"#\">\n                                    <img loading=\"lazy\" decoding=\"async\" src=\"https:\/\/www.laprairiehotel.ch\/app\/uploads\/sites\/2\/2024\/07\/dbeco1-scaled-640x430.jpg\" class=\"width-100\" width=\"640\" height=\"430\" \/>\n                                <\/a>\n                            <\/div>\n                        <\/div>\n                                                                                                            <div class=\"col-lg-4 col-md-6 col-sm-12 pointer video-box\" data-src=\"https:\/\/www.laprairiehotel.ch\/app\/uploads\/sites\/2\/2024\/07\/Salle_de_Bain_Single_et_DEECO-scaled-716x1080.jpg\" data-sub-html=\"\">\n                            <div>\n                                <a href=\"#\">\n                                    <img loading=\"lazy\" decoding=\"async\" src=\"https:\/\/www.laprairiehotel.ch\/app\/uploads\/sites\/2\/2024\/07\/Salle_de_Bain_Single_et_DEECO-scaled-640x430.jpg\" class=\"width-100\" width=\"640\" height=\"430\" \/>\n                                <\/a>\n                            <\/div>\n                        <\/div>\n                                                        <\/div>\n    <\/div>\n\n","protected":false},"excerpt":{"rendered":"","protected":false},"author":1,"featured_media":0,"parent":3766,"menu_order":28,"comment_status":"closed","ping_status":"closed","template":"","meta":{"_acf_changed":false,"footnotes":""},"class_list":["post-3773","page","type-page","status-publish","hentry"],"acf":[],"aioseo_notices":[],"_links":{"self":[{"href":"https:\/\/www.laprairiehotel.ch\/de\/wp-json\/wp\/v2\/pages\/3773","targetHints":{"allow":["GET"]}}],"collection":[{"href":"https:\/\/www.laprairiehotel.ch\/de\/wp-json\/wp\/v2\/pages"}],"about":[{"href":"https:\/\/www.laprairiehotel.ch\/de\/wp-json\/wp\/v2\/types\/page"}],"author":[{"embeddable":true,"href":"https:\/\/www.laprairiehotel.ch\/de\/wp-json\/wp\/v2\/users\/1"}],"replies":[{"embeddable":true,"href":"https:\/\/www.laprairiehotel.ch\/de\/wp-json\/wp\/v2\/comments?post=3773"}],"version-history":[{"count":2,"href":"https:\/\/www.laprairiehotel.ch\/de\/wp-json\/wp\/v2\/pages\/3773\/revisions"}],"predecessor-version":[{"id":3804,"href":"https:\/\/www.laprairiehotel.ch\/de\/wp-json\/wp\/v2\/pages\/3773\/revisions\/3804"}],"up":[{"embeddable":true,"href":"https:\/\/www.laprairiehotel.ch\/de\/wp-json\/wp\/v2\/pages\/3766"}],"wp:attachment":[{"href":"https:\/\/www.laprairiehotel.ch\/de\/wp-json\/wp\/v2\/media?parent=3773"}],"curies":[{"name":"wp","href":"https:\/\/api.w.org\/{rel}","templated":true}]}}