{"id":3779,"date":"2024-07-31T18:12:45","date_gmt":"2024-07-31T16:12:45","guid":{"rendered":"https:\/\/www.laprairiehotel.ch\/chambres-suites\/chambre-double-standard\/"},"modified":"2026-02-15T15:14:12","modified_gmt":"2026-02-15T14:14:12","slug":"standard-doppelzimmer","status":"publish","type":"page","link":"https:\/\/www.laprairiehotel.ch\/de\/zimmer-suiten\/standard-doppelzimmer\/","title":{"rendered":"Standard Doppelzimmer"},"content":{"rendered":"\n    <\/div>\n            <section class=\"wp-block content-section frame page-section \"  style=\"\">\n            <div class=\"container\">\n                <div class=\"row\">\n                    <div class=\"col-lg-5 col-md-12 left-content \">\n                        <h3 data-start=\"704\" data-end=\"725\">Serviceleistungen<\/h3>\n<div class=\"table-responsive\"><table class=\" cke_show_border\">\n<tbody>\n<tr>\n<td>\n<table class=\" cke_show_border\">\n<tbody>\n<tr>\n<td>Kabel-TV (Flachbildschirm)<\/td>\n<\/tr>\n<\/tbody>\n<\/table><\/div>\n<\/td>\n<td>Haartrockner<\/td>\n<\/tr>\n<tr>\n<td>Telefon<\/td>\n<td>Safe im Zimmer<\/td>\n<\/tr>\n<tr>\n<td>Nichtraucher<\/td>\n<td>Bademantel sowie B\u00fcgeleisen und B\u00fcgelbrett auf Anfrage<\/td>\n<\/tr>\n<tr>\n<td>Hausschuhe<\/td>\n<td><\/td>\n<\/tr>\n<tr>\n<td>WLAN<\/td>\n<td><\/td>\n<\/tr>\n<tr>\n<td>Betten 2X90X200cm<\/td>\n<td><\/td>\n<\/tr>\n<\/tbody>\n<\/table>\n                    <\/div>\n                    <div class=\"col-lg-6 offset-lg-1 col-md-12 offset-md-0 right-content\">\n                        <div class=\"white-box parallax-el\" data-parallax-ratio=\"20\" data-parallax-speed=\"1\">\n                            <h2 data-start=\"921\" data-end=\"946\">Standard Doppelzimmer<\/h2>\n<p data-start=\"948\" data-end=\"1126\">In diesen komfortablen und hellen Zimmern f\u00fcr 2 Personen steht Ihnen eine Fl\u00e4che von 16 m\u00b2 bis 26 m\u00b2 inklusive Badezimmer zur Verf\u00fcgung. Einige Zimmer verf\u00fcgen \u00fcber einen Balkon.<\/p>\n<p data-start=\"1128\" data-end=\"1186\">M\u00f6glichkeit, ein Babybett oder 1 Zustellbett hinzuzuf\u00fcgen.<\/p>\n<p data-start=\"1188\" data-end=\"1207\">Nichtraucherzimmer.<\/p>\n<p data-start=\"1209\" data-end=\"1232\">Haustiere sind erlaubt.<\/p>\n                                                            <div class=\"options\">\n                                                                            <div class=\"option-item\">\n                                            <i class=\"fal fa-ruler-combined\"><\/i>\n                                            16m2-26m2                                        <\/div>\n                                                                                                                <div class=\"option-item\">\n                                            <i class=\"fal fa-bed-alt\"><\/i>\n                                            180X200cm                                        <\/div>\n                                                                                                                <div class=\"option-item\">\n                                            <i class=\"fal fa-smoking-ban\"><\/i>\n                                            NIichtraucher                                        <\/div>\n                                                                                                        <\/div>\n                                                                                        <a class=\"link\" href=\"https:\/\/app.mews.com\/distributor\/8f77ef0e-e29e-41d5-bd17-b25000a07bc1\" target=\"_blank\">Zimmer buchen<\/a>\n                                                    <\/div>\n                    <\/div>\n                <\/div>\n            <\/div>\n        <\/section>\n        <div class=\"container\">\n    \n\n\n    <div class=\"row gallery-row \"  style=\"\">\n        <div class=\"lightgallery\">\n                                                                        <div class=\"col-lg-4 col-md-6 col-sm-12 pointer video-box\" data-src=\"https:\/\/www.laprairiehotel.ch\/app\/uploads\/sites\/2\/2024\/07\/8-1.jpg\" data-sub-html=\"\">\n                            <div>\n                                <a href=\"#\">\n                                    <img loading=\"lazy\" decoding=\"async\" src=\"https:\/\/www.laprairiehotel.ch\/app\/uploads\/sites\/2\/2024\/07\/8-1-640x430.jpg\" class=\"width-100\" width=\"640\" height=\"430\" \/>\n                                <\/a>\n                            <\/div>\n                        <\/div>\n                                                                                                            <div class=\"col-lg-4 col-md-6 col-sm-12 pointer video-box\" data-src=\"https:\/\/www.laprairiehotel.ch\/app\/uploads\/sites\/2\/2024\/07\/chambre_economique_reformate-1.jpg\" data-sub-html=\"\">\n                            <div>\n                                <a href=\"#\">\n                                    <img loading=\"lazy\" decoding=\"async\" src=\"https:\/\/www.laprairiehotel.ch\/app\/uploads\/sites\/2\/2024\/07\/chambre_economique_reformate-1.jpg\" class=\"width-100\" width=\"640\" height=\"430\" \/>\n                                <\/a>\n                            <\/div>\n                        <\/div>\n                                                                                                            <div class=\"col-lg-4 col-md-6 col-sm-12 pointer video-box\" data-src=\"https:\/\/www.laprairiehotel.ch\/app\/uploads\/sites\/2\/2024\/07\/Salle_de_Bain_Standard-1-scaled-1841x1080.jpg\" data-sub-html=\"\">\n                            <div>\n                                <a href=\"#\">\n                                    <img loading=\"lazy\" decoding=\"async\" src=\"https:\/\/www.laprairiehotel.ch\/app\/uploads\/sites\/2\/2024\/07\/Salle_de_Bain_Standard-1-scaled-640x430.jpg\" class=\"width-100\" width=\"640\" height=\"430\" \/>\n                                <\/a>\n                            <\/div>\n                        <\/div>\n                                                        <\/div>\n    <\/div>\n\n\n\n\n<p><\/p>\n","protected":false},"excerpt":{"rendered":"","protected":false},"author":1,"featured_media":0,"parent":3766,"menu_order":30,"comment_status":"closed","ping_status":"closed","template":"","meta":{"_acf_changed":false,"footnotes":""},"class_list":["post-3779","page","type-page","status-publish","hentry"],"acf":[],"aioseo_notices":[],"_links":{"self":[{"href":"https:\/\/www.laprairiehotel.ch\/de\/wp-json\/wp\/v2\/pages\/3779","targetHints":{"allow":["GET"]}}],"collection":[{"href":"https:\/\/www.laprairiehotel.ch\/de\/wp-json\/wp\/v2\/pages"}],"about":[{"href":"https:\/\/www.laprairiehotel.ch\/de\/wp-json\/wp\/v2\/types\/page"}],"author":[{"embeddable":true,"href":"https:\/\/www.laprairiehotel.ch\/de\/wp-json\/wp\/v2\/users\/1"}],"replies":[{"embeddable":true,"href":"https:\/\/www.laprairiehotel.ch\/de\/wp-json\/wp\/v2\/comments?post=3779"}],"version-history":[{"count":6,"href":"https:\/\/www.laprairiehotel.ch\/de\/wp-json\/wp\/v2\/pages\/3779\/revisions"}],"predecessor-version":[{"id":4029,"href":"https:\/\/www.laprairiehotel.ch\/de\/wp-json\/wp\/v2\/pages\/3779\/revisions\/4029"}],"up":[{"embeddable":true,"href":"https:\/\/www.laprairiehotel.ch\/de\/wp-json\/wp\/v2\/pages\/3766"}],"wp:attachment":[{"href":"https:\/\/www.laprairiehotel.ch\/de\/wp-json\/wp\/v2\/media?parent=3779"}],"curies":[{"name":"wp","href":"https:\/\/api.w.org\/{rel}","templated":true}]}}