{"id":3792,"date":"2024-07-31T18:24:45","date_gmt":"2024-07-31T16:24:45","guid":{"rendered":"https:\/\/www.laprairiehotel.ch\/chambres-suites\/chambre-executive\/"},"modified":"2026-02-15T15:20:15","modified_gmt":"2026-02-15T14:20:15","slug":"executive-zimmer","status":"publish","type":"page","link":"https:\/\/www.laprairiehotel.ch\/de\/zimmer-suiten\/executive-zimmer\/","title":{"rendered":"Executive Zimmer"},"content":{"rendered":"\n    <\/div>\n            <section class=\"wp-block content-section frame page-section \"  style=\"\">\n            <div class=\"container\">\n                <div class=\"row\">\n                    <div class=\"col-lg-5 col-md-12 left-content \">\n                        <h3 data-start=\"765\" data-end=\"786\">Serviceleistungen<\/h3>\n<div class=\"table-responsive\"><table class=\" cke_show_border\">\n<tbody>\n<tr>\n<td>Kabel-TV (Flachbildschirm)<\/td>\n<td>Minibar<\/td>\n<\/tr>\n<tr>\n<td>Telefon<\/td>\n<td>Haartrockner<\/td>\n<\/tr>\n<tr>\n<td>Nichtraucher<\/td>\n<td>Safe im Zimmer<\/td>\n<\/tr>\n<tr>\n<td>Hausschuhe &amp; Bademantel auf Anfrage<\/td>\n<td>B\u00fcgeleisen und B\u00fcgelbrett auf Anfrage<\/td>\n<\/tr>\n<tr>\n<td>WLAN<\/td>\n<td>Nespresso-Maschine<\/td>\n<\/tr>\n<tr>\n<td>Bett 180X200cm<\/td>\n<td>Klimaanlage<\/td>\n<\/tr>\n<\/tbody>\n<\/table><\/div>\n                    <\/div>\n                    <div class=\"col-lg-6 offset-lg-1 col-md-12 offset-md-0 right-content\">\n                        <div class=\"white-box parallax-el\" data-parallax-ratio=\"20\" data-parallax-speed=\"1\">\n                            <h2 data-start=\"985\" data-end=\"1005\">Executive Zimmer<\/h2>\n<p data-start=\"1007\" data-end=\"1231\">Klimatisiert, gro\u00dfz\u00fcgig und einladend ist unser Executive Zimmer dank des 160 cm gro\u00dfen Schlafsofas ideal f\u00fcr Familien. Es verf\u00fcgt \u00fcber eine Fl\u00e4che von 54 m\u00b2, einschlie\u00dflich eines gro\u00dfen Badezimmers mit Badewanne und Dusche.<\/p>\n<p data-start=\"1233\" data-end=\"1252\">Nichtraucherzimmer.<\/p>\n<p data-start=\"1254\" data-end=\"1277\">Haustiere sind erlaubt.<\/p>\n                                                            <div class=\"options\">\n                                                                            <div class=\"option-item\">\n                                            <i class=\"fal fa-ruler-combined\"><\/i>\n                                            54m2                                        <\/div>\n                                                                                                                <div class=\"option-item\">\n                                            <i class=\"fal fa-bed-alt\"><\/i>\n                                            180X200cm                                        <\/div>\n                                                                                                                <div class=\"option-item\">\n                                            <i class=\"fal fa-smoking-ban\"><\/i>\n                                            NIichtraucher                                        <\/div>\n                                                                                                        <\/div>\n                                                                                        <a class=\"link\" href=\"https:\/\/app.mews.com\/distributor\/8f77ef0e-e29e-41d5-bd17-b25000a07bc1\" target=\"_blank\">Zimmer buchen<\/a>\n                                                    <\/div>\n                    <\/div>\n                <\/div>\n            <\/div>\n        <\/section>\n        <div class=\"container\">\n    \n\n\n    <div class=\"row gallery-row \"  style=\"\">\n        <div class=\"lightgallery\">\n                                                                        <div class=\"col-lg-4 col-md-6 col-sm-12 pointer video-box\" data-src=\"https:\/\/www.laprairiehotel.ch\/app\/uploads\/sites\/2\/2024\/07\/Chambre_Executive-scaled-1623x1080.jpg\" data-sub-html=\"\">\n                            <div>\n                                <a href=\"#\">\n                                    <img loading=\"lazy\" decoding=\"async\" src=\"https:\/\/www.laprairiehotel.ch\/app\/uploads\/sites\/2\/2024\/07\/Chambre_Executive-scaled-640x430.jpg\" class=\"width-100\" width=\"640\" height=\"430\" \/>\n                                <\/a>\n                            <\/div>\n                        <\/div>\n                                                                                                            <div class=\"col-lg-4 col-md-6 col-sm-12 pointer video-box\" data-src=\"https:\/\/www.laprairiehotel.ch\/app\/uploads\/sites\/2\/2024\/07\/chambre-hotel-la-prairie.jpg\" data-sub-html=\"\">\n                            <div>\n                                <a href=\"#\">\n                                    <img loading=\"lazy\" decoding=\"async\" src=\"https:\/\/www.laprairiehotel.ch\/app\/uploads\/sites\/2\/2024\/07\/chambre-hotel-la-prairie-640x430.jpg\" class=\"width-100\" width=\"640\" height=\"430\" \/>\n                                <\/a>\n                            <\/div>\n                        <\/div>\n                                                                                                            <div class=\"col-lg-4 col-md-6 col-sm-12 pointer video-box\" data-src=\"https:\/\/www.laprairiehotel.ch\/app\/uploads\/sites\/2\/2024\/07\/Salle_de_Bain_Executive-scaled-1623x1080.jpg\" data-sub-html=\"\">\n                            <div>\n                                <a href=\"#\">\n                                    <img loading=\"lazy\" decoding=\"async\" src=\"https:\/\/www.laprairiehotel.ch\/app\/uploads\/sites\/2\/2024\/07\/Salle_de_Bain_Executive-scaled-640x430.jpg\" class=\"width-100\" width=\"640\" height=\"430\" \/>\n                                <\/a>\n                            <\/div>\n                        <\/div>\n                                                                                                            <div class=\"col-lg-4 col-md-6 col-sm-12 pointer video-box\" data-src=\"https:\/\/www.laprairiehotel.ch\/app\/uploads\/sites\/2\/2024\/07\/5.jpg\" data-sub-html=\"\">\n                            <div>\n                                <a href=\"#\">\n                                    <img loading=\"lazy\" decoding=\"async\" src=\"https:\/\/www.laprairiehotel.ch\/app\/uploads\/sites\/2\/2024\/07\/5-640x430.jpg\" class=\"width-100\" width=\"640\" height=\"430\" \/>\n                                <\/a>\n                            <\/div>\n                        <\/div>\n                                                        <\/div>\n    <\/div>\n\n","protected":false},"excerpt":{"rendered":"","protected":false},"author":1,"featured_media":0,"parent":3766,"menu_order":36,"comment_status":"closed","ping_status":"closed","template":"","meta":{"_acf_changed":false,"footnotes":""},"class_list":["post-3792","page","type-page","status-publish","hentry"],"acf":[],"aioseo_notices":[],"_links":{"self":[{"href":"https:\/\/www.laprairiehotel.ch\/de\/wp-json\/wp\/v2\/pages\/3792","targetHints":{"allow":["GET"]}}],"collection":[{"href":"https:\/\/www.laprairiehotel.ch\/de\/wp-json\/wp\/v2\/pages"}],"about":[{"href":"https:\/\/www.laprairiehotel.ch\/de\/wp-json\/wp\/v2\/types\/page"}],"author":[{"embeddable":true,"href":"https:\/\/www.laprairiehotel.ch\/de\/wp-json\/wp\/v2\/users\/1"}],"replies":[{"embeddable":true,"href":"https:\/\/www.laprairiehotel.ch\/de\/wp-json\/wp\/v2\/comments?post=3792"}],"version-history":[{"count":2,"href":"https:\/\/www.laprairiehotel.ch\/de\/wp-json\/wp\/v2\/pages\/3792\/revisions"}],"predecessor-version":[{"id":3810,"href":"https:\/\/www.laprairiehotel.ch\/de\/wp-json\/wp\/v2\/pages\/3792\/revisions\/3810"}],"up":[{"embeddable":true,"href":"https:\/\/www.laprairiehotel.ch\/de\/wp-json\/wp\/v2\/pages\/3766"}],"wp:attachment":[{"href":"https:\/\/www.laprairiehotel.ch\/de\/wp-json\/wp\/v2\/media?parent=3792"}],"curies":[{"name":"wp","href":"https:\/\/api.w.org\/{rel}","templated":true}]}}