{"id":3839,"date":"2024-08-02T11:53:21","date_gmt":"2024-08-02T09:53:21","guid":{"rendered":"https:\/\/www.laprairiehotel.ch\/seminaires-evenements\/"},"modified":"2026-02-15T15:44:24","modified_gmt":"2026-02-15T14:44:24","slug":"seminare-veranstaltungen","status":"publish","type":"page","link":"https:\/\/www.laprairiehotel.ch\/de\/seminare-veranstaltungen\/","title":{"rendered":"Seminare &amp; Veranstaltungen"},"content":{"rendered":"\n<h2 class=\"wp-block-heading has-text-align-center\"><strong>Organisieren Sie Ihre Veranstaltung im H\u00f4tel La Prairie<\/strong><\/h2>\n\n\n\n<p class=\"has-text-align-center\">Ob Hochzeit, private Feier, Seminar oder Bankett \u2013 das H\u00f4tel La Prairie in Yverdon bietet Ihnen ein elegantes und gr\u00fcnes Ambiente, ideal f\u00fcr all Ihre Anl\u00e4sse. Unsere flexibel gestaltbaren R\u00e4ume, unser ma\u00dfgeschneiderter Service und unsere raffinierte K\u00fcche garantieren ein einzigartiges Erlebnis, das auf Ihre Bed\u00fcrfnisse abgestimmt ist. Entdecken Sie unsere verschiedenen Angebote und lassen Sie sich bei der Organisation Ihrer Veranstaltung von uns begleiten.<\/p>\n\n\n\n    <section class=\"wp-block page-section text-carrousel panel-color frame  \"  style=\"\" data-color=\"gold\">\n\n                    <div class=\"text-carrousel-inner\">\n                <div class=\"row row-reverse-mob row-reverse-desktop-s row-reverse\">\n                    <div class=\"col-xl-6 offset-xl-6 col-lg-10 offset-lg-2 content-area\">\n                        <div class=\"white-box scroll-box parallax-el\" data-parallax-ratio=\"10\" data-parallax-speed=\"0.6\" data-scroll-speed=\"7\">\n\n                                                            <span>F\u00fcr Profis gedacht<\/span>\n                                                                                        <h2>Seminare &amp; Gesch\u00e4ftstreffen<\/h2>\n                                                                                        <p>F\u00f6rdern Sie kollektive Intelligenz in einem Rahmen, der auf Ihre Ambitionen abgestimmt ist. Ausgestattete R\u00e4ume, Unterkunft vor Ort, angepasste Verpflegung: Alles ist vereint, um Ihre Arbeitstage zu optimieren.<br data-start=\"3159\" data-end=\"3162\" \/>Unser Team begleitet Sie von A bis Z f\u00fcr eine reibungslose, produktive \u2026 und inspirierende Veranstaltung.<br data-start=\"3267\" data-end=\"3270\" \/>Ein Ort, tausend M\u00f6glichkeiten.<\/p>\n<p><a href=\"https:\/\/www.laprairiehotel.ch\/de\/seminare-veranstaltungen\/seminare\/\">Unsere R\u00e4ume entdecken<\/a><\/p>\n                                                                                                            <\/div>\n                    <\/div>\n                                            <div class=\"col-xl-8 col-lg-10 p-0-mob img-area\">\n                                                        <div class=\"section-slider\">\n                                                                    <div class=\"image\">\n                                        <img decoding=\"async\" src=\"https:\/\/www.laprairiehotel.ch\/app\/uploads\/sites\/2\/2025\/11\/20241024_114752906_iOS-950x640.jpg\" alt=\"\" class=\"width-100\" \/>\n                                    <\/div>\n                                                                    <div class=\"image\">\n                                        <img decoding=\"async\" src=\"https:\/\/www.laprairiehotel.ch\/app\/uploads\/sites\/2\/2025\/11\/20241024_120512801_iOS-950x640.jpg\" alt=\"\" class=\"width-100\" \/>\n                                    <\/div>\n                                                                    <div class=\"image\">\n                                        <img decoding=\"async\" src=\"https:\/\/www.laprairiehotel.ch\/app\/uploads\/sites\/2\/2025\/11\/20241024_121048976_iOS-950x640.jpg\" alt=\"\" class=\"width-100\" \/>\n                                    <\/div>\n                                                                    <div class=\"image\">\n                                        <img decoding=\"async\" src=\"https:\/\/www.laprairiehotel.ch\/app\/uploads\/sites\/2\/2025\/11\/20250408_124641504_iOS-950x640.jpg\" alt=\"\" class=\"width-100\" \/>\n                                    <\/div>\n                                                                    <div class=\"image\">\n                                        <img decoding=\"async\" src=\"https:\/\/www.laprairiehotel.ch\/app\/uploads\/sites\/2\/2025\/11\/20251007_132526740_iOS-950x640.jpg\" alt=\"\" class=\"width-100\" \/>\n                                    <\/div>\n                                                            <\/div>\n                        <\/div>\n                    \n                <\/div>\n            <\/div>\n            <\/section>\n\n\n\n\n    <section class=\"wp-block tile-list page-section \"  style=\"\">\n        <div class=\"row\">\n                            <div class=\"room-item col-lg-6 col-md-12\">\n                                            <div class=\"row\">\n                            <div class=\"col-10 img-zone\">\n                                                                <div class=\"slider-room-item\">\n                                                                            <div><img decoding=\"async\" src=\"https:\/\/www.laprairiehotel.ch\/app\/uploads\/sites\/2\/2025\/11\/20250628_164509755_iOS-780x530.jpg\" class=\"width-100\" \/><\/div>\n                                                                            <div><img decoding=\"async\" src=\"https:\/\/www.laprairiehotel.ch\/app\/uploads\/sites\/2\/2025\/11\/20250628_164658431_iOS-780x530.jpg\" class=\"width-100\" \/><\/div>\n                                                                            <div><img decoding=\"async\" src=\"https:\/\/www.laprairiehotel.ch\/app\/uploads\/sites\/2\/2025\/11\/20250726_145648597_iOS-780x530.jpg\" class=\"width-100\" \/><\/div>\n                                                                    <\/div>\n                            <\/div>\n                            <div class=\"col-2 room-nav\">\n                                                                    <div class=\"slider-nav float-right\">\n                                        <ul class=\"room-slider-nav\">\n                                            <li class=\"prev\"><i class=\"fal fa-angle-left\"><\/i><\/li>\n                                            <li class=\"next\"><i class=\"fal fa-angle-right\"><\/i><\/li>\n                                        <\/ul>\n                                        <div class=\"pagingInfo\">\n                                            <span class=\"current\"><\/span>\n                                            <div class=\"timeline\"><\/div>\n                                            <span class=\"total\"><\/span>\n                                        <\/div>\n                                    <\/div>\n                                                            <\/div>\n                        <\/div>\n                                        <div class=\"row\">\n                        <div class=\"col-md-10 offset-md-2\">\n                            <div class=\"white-box \">\n                                                                    <h3>Hochzeiten<\/h3>\n                                                                                                    <p data-start=\"3358\" data-end=\"3639\">Ein Ort, tausend Emotionen. F\u00fcr den sch\u00f6nsten Tag Ihres Lebens genie\u00dfen Sie die Ruhe eines All-in-One-Ortes: Empfang, Unterkunft, Gastronomie und Koordination.<br data-start=\"3517\" data-end=\"3520\" \/>Ma\u00dfgeschneiderte Begleitung f\u00fcr einen magischen Tag ohne unvorhergesehene Ereignisse.<br data-start=\"3605\" data-end=\"3608\" \/>Sie tr\u00e4umen, wir verwirklichen.<\/p>\n<p data-start=\"3641\" data-end=\"3659\">\n                                                                                                    <a class=\"link\" href=\"https:\/\/www.laprairiehotel.ch\/de\/seminare-veranstaltungen\/hochzeiten\/\" target=\"_self\">Mehr erfahren\u2026<\/a>\n                                                            <\/div>\n                        <\/div>\n                    <\/div>\n                <\/div>\n                            <div class=\"room-item col-lg-6 col-md-12\">\n                                            <div class=\"row\">\n                            <div class=\"col-10 img-zone\">\n                                                                <div class=\"slider-room-item\">\n                                                                            <div><img decoding=\"async\" src=\"https:\/\/www.laprairiehotel.ch\/app\/uploads\/sites\/2\/2025\/11\/20240526_093333125_iOS-780x530.jpg\" class=\"width-100\" \/><\/div>\n                                                                            <div><img decoding=\"async\" src=\"https:\/\/www.laprairiehotel.ch\/app\/uploads\/sites\/2\/2025\/11\/20250517_151422225_iOS-780x530.jpg\" class=\"width-100\" \/><\/div>\n                                                                            <div><img decoding=\"async\" src=\"https:\/\/www.laprairiehotel.ch\/app\/uploads\/sites\/2\/2025\/11\/20250612_134711576_iOS-780x530.jpg\" class=\"width-100\" \/><\/div>\n                                                                    <\/div>\n                            <\/div>\n                            <div class=\"col-2 room-nav\">\n                                                                    <div class=\"slider-nav float-right\">\n                                        <ul class=\"room-slider-nav\">\n                                            <li class=\"prev\"><i class=\"fal fa-angle-left\"><\/i><\/li>\n                                            <li class=\"next\"><i class=\"fal fa-angle-right\"><\/i><\/li>\n                                        <\/ul>\n                                        <div class=\"pagingInfo\">\n                                            <span class=\"current\"><\/span>\n                                            <div class=\"timeline\"><\/div>\n                                            <span class=\"total\"><\/span>\n                                        <\/div>\n                                    <\/div>\n                                                            <\/div>\n                        <\/div>\n                                        <div class=\"row\">\n                        <div class=\"col-md-10 offset-md-2\">\n                            <div class=\"white-box \">\n                                                                    <h3>Private &amp; Firmenveranstaltungen<\/h3>\n                                                                                                    <p data-start=\"3706\" data-end=\"3777\">Feiern Sie Ihre besonderen Momente an einem Ort, der alles vereinfacht.<\/p>\n<p data-start=\"3779\" data-end=\"4040\">Warme R\u00e4umlichkeiten, Unterkunft vor Ort, abwechslungsreiche K\u00fcche und pers\u00f6nliche Betreuung: Hier ist alles vereint, damit Sie Ihre Liebsten in vollen Z\u00fcgen genie\u00dfen k\u00f6nnen, ohne sich um die Organisation zu k\u00fcmmern.<br data-start=\"3995\" data-end=\"3998\" \/>Sie genie\u00dfen, wir k\u00fcmmern uns um den Rest.<\/p>\n                                                                                                    <a class=\"link\" href=\"https:\/\/www.laprairiehotel.ch\/de\/seminare-veranstaltungen\/bankette\/\" target=\"_self\">Mehr erfahren\u2026<\/a>\n                                                            <\/div>\n                        <\/div>\n                    <\/div>\n                <\/div>\n                            <div class=\"room-item col-lg-6 col-md-12\">\n                                            <div class=\"row\">\n                            <div class=\"col-10 img-zone\">\n                                                                <div class=\"single-item\">\n                                                                            <div><img decoding=\"async\" src=\"https:\/\/www.laprairiehotel.ch\/app\/uploads\/sites\/2\/2025\/11\/20250919_104327264_iOS-780x530.jpg\" class=\"width-100\" \/><\/div>\n                                                                    <\/div>\n                            <\/div>\n                            <div class=\"col-2 room-nav\">\n                                                            <\/div>\n                        <\/div>\n                                        <div class=\"row\">\n                        <div class=\"col-md-10 offset-md-2\">\n                            <div class=\"white-box \">\n                                                                    <h3>Cocktail &amp; Imbiss<\/h3>\n                                                                                                    <p data-start=\"1738\" data-end=\"1990\">Ein Moment des Austauschs und des Miteinanders, sei es ein geselliger Ap\u00e9ro oder ein Imbiss nach einer Zeremonie.<br data-start=\"4206\" data-end=\"4209\" \/>Mit Diskretion, Sorgfalt und Professionalit\u00e4t organisieren wir eine Leistung, die auf die Art Ihrer Veranstaltung und die Erwartungen Ihrer G\u00e4ste abgestimmt ist.<\/p>\n                                                                                                    <a class=\"link\" href=\"https:\/\/www.laprairiehotel.ch\/de\/seminare-veranstaltungen\/cocktail-imbiss\/\" target=\"_self\">Mehr sehen\u2026<\/a>\n                                                            <\/div>\n                        <\/div>\n                    <\/div>\n                <\/div>\n                    <\/div>\n    <\/section>\n\n\n\n<h2 class=\"wp-block-heading has-text-align-center\"><strong>Organisieren wir gemeinsam Ihre n\u00e4chste Veranstaltung<\/strong><\/h2>\n\n\n\n<p class=\"has-text-align-center\">Unser Team begleitet Sie von A bis Z, mit Aufmerksamkeit und Flexibilit\u00e4t.<br><\/p>\n\n\n\n<p class=\"has-text-align-center\">\ud83d\udce9 Kontaktieren Sie uns f\u00fcr ein individuelles Angebot :&nbsp;<a href=\"mailto:info@hoteldutheatre.ch\"><\/a><a href=\"https:\/\/www.laprairiehotel.ch\/#\">contact(at)laprairiehotel.ch<\/a><br>\ud83d\udcde Oder rufen Sie uns direkt an unter <a href=\"tel:+41244246000\"><\/a><a href=\"tel:+41 24 423 31 31\">+41 24 423 31 31<\/a><\/p>\n\n\n\n<div class=\"wp-block-buttons is-content-justification-center is-layout-flex wp-container-core-buttons-is-layout-16018d1d wp-block-buttons-is-layout-flex\">\n<div class=\"wp-block-button\"><a class=\"wp-block-button__link wp-element-button\" href=\"https:\/\/app.mews.com\/events\/be\/hotellaprairieyverdon\/booking\"><strong>Angebot in wenigen Klicks anfordern\u2026<\/strong><\/a><\/div>\n<\/div>\n\n\n\n<p><\/p>\n","protected":false},"excerpt":{"rendered":"<p>Organisieren Sie Ihre Veranstaltung im H\u00f4tel La Prairie Ob Hochzeit, private Feier, Seminar oder Bankett \u2013 das H\u00f4tel La Prairie in Yverdon bietet Ihnen ein elegantes und gr\u00fcnes Ambiente, ideal f\u00fcr all Ihre Anl\u00e4sse. Unsere flexibel gestaltbaren R\u00e4ume, unser ma\u00dfgeschneiderter Service und unsere raffinierte K\u00fcche garantieren ein einzigartiges Erlebnis, das auf Ihre Bed\u00fcrfnisse abgestimmt ist. [&hellip;]<\/p>\n","protected":false},"author":1,"featured_media":1776,"parent":0,"menu_order":51,"comment_status":"closed","ping_status":"closed","template":"","meta":{"_acf_changed":false,"footnotes":""},"class_list":["post-3839","page","type-page","status-publish","has-post-thumbnail","hentry"],"acf":[],"aioseo_notices":[],"_links":{"self":[{"href":"https:\/\/www.laprairiehotel.ch\/de\/wp-json\/wp\/v2\/pages\/3839","targetHints":{"allow":["GET"]}}],"collection":[{"href":"https:\/\/www.laprairiehotel.ch\/de\/wp-json\/wp\/v2\/pages"}],"about":[{"href":"https:\/\/www.laprairiehotel.ch\/de\/wp-json\/wp\/v2\/types\/page"}],"author":[{"embeddable":true,"href":"https:\/\/www.laprairiehotel.ch\/de\/wp-json\/wp\/v2\/users\/1"}],"replies":[{"embeddable":true,"href":"https:\/\/www.laprairiehotel.ch\/de\/wp-json\/wp\/v2\/comments?post=3839"}],"version-history":[{"count":4,"href":"https:\/\/www.laprairiehotel.ch\/de\/wp-json\/wp\/v2\/pages\/3839\/revisions"}],"predecessor-version":[{"id":4069,"href":"https:\/\/www.laprairiehotel.ch\/de\/wp-json\/wp\/v2\/pages\/3839\/revisions\/4069"}],"wp:featuredmedia":[{"embeddable":true,"href":"https:\/\/www.laprairiehotel.ch\/de\/wp-json\/wp\/v2\/media\/1776"}],"wp:attachment":[{"href":"https:\/\/www.laprairiehotel.ch\/de\/wp-json\/wp\/v2\/media?parent=3839"}],"curies":[{"name":"wp","href":"https:\/\/api.w.org\/{rel}","templated":true}]}}