{"id":3862,"date":"2024-07-31T17:36:48","date_gmt":"2024-07-31T15:36:48","guid":{"rendered":"https:\/\/www.laprairiehotel.ch\/seminaires-evenements\/mariages\/"},"modified":"2026-02-15T16:12:51","modified_gmt":"2026-02-15T15:12:51","slug":"hochzeiten","status":"publish","type":"page","link":"https:\/\/www.laprairiehotel.ch\/de\/seminare-veranstaltungen\/hochzeiten\/","title":{"rendered":"Hochzeiten"},"content":{"rendered":"\n    <\/div>\n            <section class=\"wp-block content-section frame page-section \"  style=\"\">\n            <div class=\"container\">\n                <div class=\"row\">\n                    <div class=\"col-lg-5 col-md-12 left-content \">\n                        <p><img loading=\"lazy\" decoding=\"async\" class=\"alignnone size-full wp-image-2682\" src=\"http:\/\/www.laprairiehotel.ch\/app\/uploads\/sites\/2\/2025\/11\/20240831_120842131_iOS.jpg\" alt=\"\" width=\"1536\" height=\"2048\" srcset=\"https:\/\/www.laprairiehotel.ch\/app\/uploads\/sites\/2\/2025\/11\/20240831_120842131_iOS.jpg 1536w, https:\/\/www.laprairiehotel.ch\/app\/uploads\/sites\/2\/2025\/11\/20240831_120842131_iOS-225x300.jpg 225w, https:\/\/www.laprairiehotel.ch\/app\/uploads\/sites\/2\/2025\/11\/20240831_120842131_iOS-768x1024.jpg 768w, https:\/\/www.laprairiehotel.ch\/app\/uploads\/sites\/2\/2025\/11\/20240831_120842131_iOS-1152x1536.jpg 1152w, https:\/\/www.laprairiehotel.ch\/app\/uploads\/sites\/2\/2025\/11\/20240831_120842131_iOS-810x1080.jpg 810w\" sizes=\"auto, (max-width: 1536px) 100vw, 1536px\" \/><\/p>\n                    <\/div>\n                    <div class=\"col-lg-6 offset-lg-1 col-md-12 offset-md-0 right-content\">\n                        <div class=\"white-box parallax-el\" data-parallax-ratio=\"20\" data-parallax-speed=\"1\">\n                            <h2 data-start=\"1132\" data-end=\"1148\">Hochzeiten<\/h2>\n<p data-start=\"1150\" data-end=\"1389\">In einer wundersch\u00f6nen gr\u00fcnen Umgebung, in der alles darauf ausgerichtet ist, Ihre Hochzeit zu feiern, vertrauen Sie uns die Organisation dieses einzigartigen Tages an, und wir unterbreiten Ihnen ein Angebot, das Ihren W\u00fcnschen entspricht.<\/p>\n<p data-start=\"1391\" data-end=\"1557\">Unser K\u00fcchenchef und unser Sommelier stehen Ihnen zur Verf\u00fcgung, um ein Men\u00fc und eine Weinauswahl zu kreieren, die auf Ihren Geschmack und Ihr Budget abgestimmt sind.<\/p>\n<p data-start=\"1559\" data-end=\"1591\">Entdecken Sie unsere Brosch\u00fcren:<\/p>\n<p><a href=\"http:\/\/www.laprairiehotel.ch\/app\/uploads\/sites\/2\/2026\/02\/Mariage-2026-LP-hiver-janv-mars-3.pdf\">Winter: Januar &#8211; M\u00e4rz<\/a><\/p>\n<p><a href=\"http:\/\/www.laprairiehotel.ch\/app\/uploads\/sites\/2\/2026\/02\/Mariage-2026-LP-printemps-avr-juin-1.pdf\">Fr\u00fchling: April &#8211; Mai<\/a><\/p>\n<p><a href=\"http:\/\/www.laprairiehotel.ch\/app\/uploads\/sites\/2\/2026\/02\/Mariage-2026-LP-ete-juin-aout-2.pdf\">Sommer: Juni &#8211; August<\/a><\/p>\n<p data-start=\"1666\" data-end=\"1825\">Sehen Sie sich unsere Men\u00fcvorschl\u00e4ge an und lassen Sie sich von unserem Team entsprechend Ihren W\u00fcnschen bez\u00fcglich Men\u00fc, Organisation und Dekoration begleiten.<\/p>\n<p data-start=\"1827\" data-end=\"2013\"><strong>Stellen Sie sich die Hochzeit vor, die zu Ihnen passt.<\/strong><br data-start=\"1881\" data-end=\"1884\" \/>Emotion, Eleganz, Pr\u00e4zision: Wir begleiten Sie dabei, einen unvergesslichen Tag zu gestalten, bis ins kleinste Detail durchdacht.<\/p>\n<p data-start=\"2015\" data-end=\"2145\"><strong>M\u00f6chten Sie ein individuelles Angebot?<\/strong><br data-start=\"2053\" data-end=\"2056\" \/>Beginnen Sie jetzt, Ihre Feier zu planen, und erhalten Sie ein ma\u00dfgeschneidertes Angebot:<\/p>\n                                                                                        <a class=\"link\" href=\"https:\/\/app.mews.com\/events\/be\/hotellaprairieyverdon\/booking\" target=\"_self\">Angebot in wenigen Klicks<\/a>\n                                                    <\/div>\n                    <\/div>\n                <\/div>\n            <\/div>\n        <\/section>\n        <div class=\"container\">\n    \n\n\n<h2 class=\"wp-block-heading\">Bereit, \u201eJa\u201c zu sagen? Erz\u00e4hlen Sie uns alles<\/h2>\n\n\n\n\n\n<div style=\"height:50px\" aria-hidden=\"true\" class=\"wp-block-spacer\"><\/div>\n\n\n\n    <div class=\"row gallery-row \"  style=\"\">\n        <div class=\"lightgallery\">\n                                                                        <div class=\"col-lg-4 col-md-6 col-sm-12 pointer video-box\" data-src=\"https:\/\/www.laprairiehotel.ch\/app\/uploads\/sites\/2\/2025\/11\/20250726_145309451_iOS-810x1080.jpg\" data-sub-html=\"\">\n                            <div>\n                                <a href=\"#\">\n                                    <img loading=\"lazy\" decoding=\"async\" src=\"https:\/\/www.laprairiehotel.ch\/app\/uploads\/sites\/2\/2025\/11\/20250726_145309451_iOS-640x430.jpg\" class=\"width-100\" width=\"640\" height=\"430\" \/>\n                                <\/a>\n                            <\/div>\n                        <\/div>\n                                                                                                            <div class=\"col-lg-4 col-md-6 col-sm-12 pointer video-box\" data-src=\"https:\/\/www.laprairiehotel.ch\/app\/uploads\/sites\/2\/2025\/11\/20250726_145648597_iOS-1440x1080.jpg\" data-sub-html=\"\">\n                            <div>\n                                <a href=\"#\">\n                                    <img loading=\"lazy\" decoding=\"async\" src=\"https:\/\/www.laprairiehotel.ch\/app\/uploads\/sites\/2\/2025\/11\/20250726_145648597_iOS-640x430.jpg\" class=\"width-100\" width=\"640\" height=\"430\" \/>\n                                <\/a>\n                            <\/div>\n                        <\/div>\n                                                                                                            <div class=\"col-lg-4 col-md-6 col-sm-12 pointer video-box\" data-src=\"https:\/\/www.laprairiehotel.ch\/app\/uploads\/sites\/2\/2025\/11\/20250628_164509755_iOS-810x1080.jpg\" data-sub-html=\"\">\n                            <div>\n                                <a href=\"#\">\n                                    <img loading=\"lazy\" decoding=\"async\" src=\"https:\/\/www.laprairiehotel.ch\/app\/uploads\/sites\/2\/2025\/11\/20250628_164509755_iOS-640x430.jpg\" class=\"width-100\" width=\"640\" height=\"430\" \/>\n                                <\/a>\n                            <\/div>\n                        <\/div>\n                                                                                                            <div class=\"col-lg-4 col-md-6 col-sm-12 pointer video-box\" data-src=\"https:\/\/www.laprairiehotel.ch\/app\/uploads\/sites\/2\/2025\/11\/20250628_164658431_iOS-810x1080.jpg\" data-sub-html=\"\">\n                            <div>\n                                <a href=\"#\">\n                                    <img loading=\"lazy\" decoding=\"async\" src=\"https:\/\/www.laprairiehotel.ch\/app\/uploads\/sites\/2\/2025\/11\/20250628_164658431_iOS-640x430.jpg\" class=\"width-100\" width=\"640\" height=\"430\" \/>\n                                <\/a>\n                            <\/div>\n                        <\/div>\n                                                                                                            <div class=\"col-lg-4 col-md-6 col-sm-12 pointer video-box\" data-src=\"https:\/\/www.laprairiehotel.ch\/app\/uploads\/sites\/2\/2025\/11\/20250628_164435734_iOS-810x1080.jpg\" data-sub-html=\"\">\n                            <div>\n                                <a href=\"#\">\n                                    <img loading=\"lazy\" decoding=\"async\" src=\"https:\/\/www.laprairiehotel.ch\/app\/uploads\/sites\/2\/2025\/11\/20250628_164435734_iOS-640x430.jpg\" class=\"width-100\" width=\"640\" height=\"430\" \/>\n                                <\/a>\n                            <\/div>\n                        <\/div>\n                                                                                                            <div class=\"col-lg-4 col-md-6 col-sm-12 pointer video-box\" data-src=\"https:\/\/www.laprairiehotel.ch\/app\/uploads\/sites\/2\/2025\/11\/20240921_131344109_iOS-787x1080.jpg\" data-sub-html=\"\">\n                            <div>\n                                <a href=\"#\">\n                                    <img loading=\"lazy\" decoding=\"async\" src=\"https:\/\/www.laprairiehotel.ch\/app\/uploads\/sites\/2\/2025\/11\/20240921_131344109_iOS-640x430.jpg\" class=\"width-100\" width=\"640\" height=\"430\" \/>\n                                <\/a>\n                            <\/div>\n                        <\/div>\n                                                                                                            <div class=\"col-lg-4 col-md-6 col-sm-12 pointer video-box\" data-src=\"https:\/\/www.laprairiehotel.ch\/app\/uploads\/sites\/2\/2025\/11\/20240831_120842131_iOS-810x1080.jpg\" data-sub-html=\"\">\n                            <div>\n                                <a href=\"#\">\n                                    <img loading=\"lazy\" decoding=\"async\" src=\"https:\/\/www.laprairiehotel.ch\/app\/uploads\/sites\/2\/2025\/11\/20240831_120842131_iOS-640x430.jpg\" class=\"width-100\" width=\"640\" height=\"430\" \/>\n                                <\/a>\n                            <\/div>\n                        <\/div>\n                                                                                                            <div class=\"col-lg-4 col-md-6 col-sm-12 pointer video-box\" data-src=\"https:\/\/www.laprairiehotel.ch\/app\/uploads\/sites\/2\/2025\/11\/20240831_120759149_iOS-810x1080.jpg\" data-sub-html=\"\">\n                            <div>\n                                <a href=\"#\">\n                                    <img loading=\"lazy\" decoding=\"async\" src=\"https:\/\/www.laprairiehotel.ch\/app\/uploads\/sites\/2\/2025\/11\/20240831_120759149_iOS-640x430.jpg\" class=\"width-100\" width=\"640\" height=\"430\" \/>\n                                <\/a>\n                            <\/div>\n                        <\/div>\n                                                        <\/div>\n    <\/div>\n\n\n\n\n<p><\/p>\n","protected":false},"excerpt":{"rendered":"<p>Bereit, \u201eJa\u201c zu sagen? Erz\u00e4hlen Sie uns alles<\/p>\n","protected":false},"author":1,"featured_media":0,"parent":3839,"menu_order":56,"comment_status":"closed","ping_status":"closed","template":"","meta":{"_acf_changed":false,"footnotes":""},"class_list":["post-3862","page","type-page","status-publish","hentry"],"acf":[],"aioseo_notices":[],"_links":{"self":[{"href":"https:\/\/www.laprairiehotel.ch\/de\/wp-json\/wp\/v2\/pages\/3862","targetHints":{"allow":["GET"]}}],"collection":[{"href":"https:\/\/www.laprairiehotel.ch\/de\/wp-json\/wp\/v2\/pages"}],"about":[{"href":"https:\/\/www.laprairiehotel.ch\/de\/wp-json\/wp\/v2\/types\/page"}],"author":[{"embeddable":true,"href":"https:\/\/www.laprairiehotel.ch\/de\/wp-json\/wp\/v2\/users\/1"}],"replies":[{"embeddable":true,"href":"https:\/\/www.laprairiehotel.ch\/de\/wp-json\/wp\/v2\/comments?post=3862"}],"version-history":[{"count":1,"href":"https:\/\/www.laprairiehotel.ch\/de\/wp-json\/wp\/v2\/pages\/3862\/revisions"}],"predecessor-version":[{"id":3866,"href":"https:\/\/www.laprairiehotel.ch\/de\/wp-json\/wp\/v2\/pages\/3862\/revisions\/3866"}],"up":[{"embeddable":true,"href":"https:\/\/www.laprairiehotel.ch\/de\/wp-json\/wp\/v2\/pages\/3839"}],"wp:attachment":[{"href":"https:\/\/www.laprairiehotel.ch\/de\/wp-json\/wp\/v2\/media?parent=3862"}],"curies":[{"name":"wp","href":"https:\/\/api.w.org\/{rel}","templated":true}]}}