{"id":3868,"date":"2025-10-13T16:49:05","date_gmt":"2025-10-13T14:49:05","guid":{"rendered":"https:\/\/www.laprairiehotel.ch\/seminaires-evenements\/banquets\/"},"modified":"2026-02-15T16:18:09","modified_gmt":"2026-02-15T15:18:09","slug":"bankette","status":"publish","type":"page","link":"https:\/\/www.laprairiehotel.ch\/de\/seminare-veranstaltungen\/bankette\/","title":{"rendered":"Bankette"},"content":{"rendered":"\n    <section class=\"wp-block page-section text-carrousel panel-color frame  \"  style=\"\" data-color=\"gold\">\n\n                    <div class=\"text-carrousel-inner\">\n                <div class=\"row row-reverse-mob row-reverse-desktop-s \">\n                    <div class=\"col-xl-6 col-lg-10 content-area\">\n                        <div class=\"white-box scroll-box parallax-el\" data-parallax-ratio=\"10\" data-parallax-speed=\"0.6\" data-scroll-speed=\"7\">\n\n                                                            <span>Ihre Veranstaltungen verdienen Exzellenz<\/span>\n                                                                                        <h2>Bankette<\/h2>\n                                                                                        <p>Eine idyllische Umgebung, pers\u00f6nliche Beratung, ein herzliches und aufmerksames Team sowie eine schmackhafte K\u00fcche vereinen sich, um Ihre Feier, Bankett, Taufe, Geburtstag oder Jubil\u00e4um, zu einem unvergesslichen Moment zu machen. Bieten Sie Ihren G\u00e4sten ein unvergessliches Erlebnis!<\/p>\n<p><a href=\"http:\/\/www.laprairiehotel.ch\/app\/uploads\/sites\/2\/2026\/02\/Banquet-2026-LP-hiver-janv-mars.pdf\"><strong>Bankette \u2013 Januar bis M\u00e4rz 2026<\/strong><\/a><\/p>\n<p><a href=\"http:\/\/www.laprairiehotel.ch\/app\/uploads\/sites\/2\/2026\/02\/Banquet-2026-LP-printemps-avr-mai.pdf\"><strong>Bankette \u2013 April bis Mai 2026<\/strong><\/a><\/p>\n<p><a href=\"http:\/\/www.laprairiehotel.ch\/app\/uploads\/sites\/2\/2026\/02\/Banquet-2026-LP-ete-juin-aout.pdf\"><strong>Bankette \u2013 Juni bis August 2026<\/strong><\/a><\/p>\n<p data-start=\"1665\" data-end=\"1884\">Entdecken Sie unsere saisonalen Men\u00fcvorschl\u00e4ge oder kontaktieren Sie unser Team f\u00fcr ein individuelles Angebot. Gerne stellen wir gemeinsam mit Ihnen ein ma\u00dfgeschneidertes Men\u00fc nach Ihren W\u00fcnschen und Vorlieben zusammen.<\/p>\n                                                                                        <a class=\"link\" href=\"https:\/\/app.mews.com\/events\/be\/hotellaprairieyverdon\/booking\" target=\"_self\">Angebot in wenigen Klicks<\/a>\n                                                                                <\/div>\n                    <\/div>\n                                            <div class=\"col-xl-8 offset-xl-4 col-lg-10 offset-lg-2 p-0-mob img-area\">\n                                                        <div class=\"section-slider\">\n                                                                    <div class=\"image\">\n                                        <img decoding=\"async\" src=\"https:\/\/www.laprairiehotel.ch\/app\/uploads\/sites\/2\/2025\/11\/20250517_151347155_iOS-950x640.jpg\" alt=\"\" class=\"width-100\" \/>\n                                    <\/div>\n                                                                    <div class=\"image\">\n                                        <img decoding=\"async\" src=\"https:\/\/www.laprairiehotel.ch\/app\/uploads\/sites\/2\/2025\/11\/20250517_151422225_iOS-950x640.jpg\" alt=\"\" class=\"width-100\" \/>\n                                    <\/div>\n                                                                    <div class=\"image\">\n                                        <img decoding=\"async\" src=\"https:\/\/www.laprairiehotel.ch\/app\/uploads\/sites\/2\/2025\/11\/20251026_092004257_iOS-950x640.jpg\" alt=\"\" class=\"width-100\" \/>\n                                    <\/div>\n                                                                    <div class=\"image\">\n                                        <img decoding=\"async\" src=\"https:\/\/www.laprairiehotel.ch\/app\/uploads\/sites\/2\/2025\/11\/20251026_100535855_iOS-950x640.jpg\" alt=\"\" class=\"width-100\" \/>\n                                    <\/div>\n                                                                    <div class=\"image\">\n                                        <img decoding=\"async\" src=\"https:\/\/www.laprairiehotel.ch\/app\/uploads\/sites\/2\/2025\/11\/IMG_0913-950x640.jpg\" alt=\"\" class=\"width-100\" \/>\n                                    <\/div>\n                                                                    <div class=\"image\">\n                                        <img decoding=\"async\" src=\"https:\/\/www.laprairiehotel.ch\/app\/uploads\/sites\/2\/2025\/11\/IMG_0918-950x640.jpg\" alt=\"\" class=\"width-100\" \/>\n                                    <\/div>\n                                                            <\/div>\n                        <\/div>\n                    \n                <\/div>\n            <\/div>\n            <\/section>\n\n\n\n<div style=\"height:261px\" aria-hidden=\"true\" class=\"wp-block-spacer\"><\/div>\n\n\n\n    <\/div>\n            <section class=\"content-section-img frame page-section \"  style=\"\">\n            <div class=\"container p-0-mob\">\n                <div class=\"row\">\n                    <div class=\"col-lg-5 offset-lg-0 col-md-8 offset-md-2 left-content\">\n                        <div class=\"content-section-img-zone\">\n                                                            <iframe loading=\"lazy\" width=\"100%\" height=\"400px\" class=\"map-iframe\" frameborder=\"0\" scrolling=\"no\" marginheight=\"0\" marginwidth=\"0\" src=\"https:\/\/maps.google.com\/maps?&#038;q=Av. des Bains 9, 1400 Yverdon-les-Bains&#038;output=embed\"><\/iframe>\n                                                    <\/div>\n                    <\/div>\n                    <div class=\"col-lg-8 offset-lg-4 col-md-12 offset-md-0 right-content\">\n                        <div class=\"white-box parallax-el\" data-parallax-ratio=\"20\" data-parallax-speed=\"1\">\n                            <p data-start=\"1925\" data-end=\"2127\"><strong>Feiern Sie Ihre besonderen Momente, privat oder gesch\u00e4ftlich.<\/strong><br data-start=\"1987\" data-end=\"1990\" \/>Familienessen, Feier mit Freunden oder Firmenessen: Wir gestalten f\u00fcr Sie ein ma\u00dfgeschneidertes Event, mit Eleganz und Pr\u00e4zision geplant.<\/p>\n<p data-start=\"2129\" data-end=\"2272\"><strong>M\u00f6chten Sie ein individuelles Angebot?<\/strong><br data-start=\"2167\" data-end=\"2170\" \/>Stellen Sie sich jetzt Ihr Bankett vor und erhalten Sie ein auf Ihre Bed\u00fcrfnisse abgestimmtes Angebot:<\/p>\n<p data-start=\"132\" data-end=\"347\">\ud83d\udce9 Kontaktieren Sie uns f\u00fcr ein individuelles Angebot : <a href=\"https:\/\/www.laprairiehotel.ch\/#\">contact(at)laprairiehotel.ch<\/a><\/p>\n<p class=\"has-text-align-center\">\ud83d\udcde Oder rufen Sie uns direkt an unter <a href=\"tel:+41 24 423 31 31\">+41 24 423 31 31<\/a><\/p>\n                                                            <a class=\"link\" href=\"https:\/\/app.mews.com\/events\/be\/hotellaprairieyverdon\/booking\" target=\"_self\">Angebot in wenigen Klicks<\/a>\n                                                    <\/div>\n                    <\/div>\n                <\/div>\n            <\/div>\n        <\/section>\n        <div class=\"container\">\n    \n\n\n<div style=\"height:116px\" aria-hidden=\"true\" class=\"wp-block-spacer\"><\/div>\n\n\n\n<p><\/p>\n","protected":false},"excerpt":{"rendered":"","protected":false},"author":11,"featured_media":0,"parent":3839,"menu_order":60,"comment_status":"closed","ping_status":"closed","template":"","meta":{"_acf_changed":false,"footnotes":""},"class_list":["post-3868","page","type-page","status-publish","hentry"],"acf":[],"aioseo_notices":[],"_links":{"self":[{"href":"https:\/\/www.laprairiehotel.ch\/de\/wp-json\/wp\/v2\/pages\/3868","targetHints":{"allow":["GET"]}}],"collection":[{"href":"https:\/\/www.laprairiehotel.ch\/de\/wp-json\/wp\/v2\/pages"}],"about":[{"href":"https:\/\/www.laprairiehotel.ch\/de\/wp-json\/wp\/v2\/types\/page"}],"author":[{"embeddable":true,"href":"https:\/\/www.laprairiehotel.ch\/de\/wp-json\/wp\/v2\/users\/11"}],"replies":[{"embeddable":true,"href":"https:\/\/www.laprairiehotel.ch\/de\/wp-json\/wp\/v2\/comments?post=3868"}],"version-history":[{"count":1,"href":"https:\/\/www.laprairiehotel.ch\/de\/wp-json\/wp\/v2\/pages\/3868\/revisions"}],"predecessor-version":[{"id":3872,"href":"https:\/\/www.laprairiehotel.ch\/de\/wp-json\/wp\/v2\/pages\/3868\/revisions\/3872"}],"up":[{"embeddable":true,"href":"https:\/\/www.laprairiehotel.ch\/de\/wp-json\/wp\/v2\/pages\/3839"}],"wp:attachment":[{"href":"https:\/\/www.laprairiehotel.ch\/de\/wp-json\/wp\/v2\/media?parent=3868"}],"curies":[{"name":"wp","href":"https:\/\/api.w.org\/{rel}","templated":true}]}}