{"id":3875,"date":"2024-07-31T17:30:29","date_gmt":"2024-07-31T15:30:29","guid":{"rendered":"https:\/\/www.laprairiehotel.ch\/seminaires-evenements\/cocktail-collation\/"},"modified":"2026-02-15T16:30:29","modified_gmt":"2026-02-15T15:30:29","slug":"cocktail-imbiss","status":"publish","type":"page","link":"https:\/\/www.laprairiehotel.ch\/de\/seminare-veranstaltungen\/cocktail-imbiss\/","title":{"rendered":"Cocktail &amp; Imbiss"},"content":{"rendered":"\n    <\/div>\n            <section class=\"content-section-img frame page-section \"  style=\"\">\n            <div class=\"container p-0-mob\">\n                <div class=\"row\">\n                    <div class=\"col-lg-5 offset-lg-0 col-md-8 offset-md-2 left-content\">\n                        <div class=\"content-section-img-zone\">\n                                                            <img decoding=\"async\" src=\"https:\/\/www.laprairiehotel.ch\/app\/uploads\/sites\/2\/2025\/11\/20250919_110135005_iOS.jpg\" class=\"width-100\" height=\"auto\">\n                                                    <\/div>\n                    <\/div>\n                    <div class=\"col-lg-8 offset-lg-4 col-md-12 offset-md-0 right-content\">\n                        <div class=\"white-box parallax-el\" data-parallax-ratio=\"20\" data-parallax-speed=\"1\">\n                            <h2 data-start=\"1899\" data-end=\"1922\">Cocktail &amp; Imbiss<\/h2>\n<h3 data-start=\"1924\" data-end=\"1996\">Bieten Sie Ihren G\u00e4sten einen Moment voller Raffinesse und Geselligkeit.<\/h3>\n<p data-start=\"1998\" data-end=\"2172\">F\u00fcr Ihre Firmenveranstaltungen, privaten Empf\u00e4nge oder Feiern mit Freunden verwandelt unser Cocktail &amp; Imbiss-Service jeden Moment in ein genussvolles und elegantes Erlebnis.<\/p>\n<p data-start=\"2174\" data-end=\"2476\">In Verbindung von kulinarischer Kreativit\u00e4t und hochwertigen Produkten bieten wir Ihnen eine raffinierte Auswahl an herzhaften und s\u00fc\u00dfen H\u00e4ppchen, die jeden Gaumen begeistern. Vom raffinierten Mini-Canap\u00e9 bis zur genussvollen Verrine wird jedes St\u00fcck von unserem engagierten Team sorgf\u00e4ltig zubereitet.<\/p>\n<p data-start=\"2478\" data-end=\"2720\">Wir legen gro\u00dfen Wert darauf, Ihnen eine ma\u00dfgeschneiderte Leistung in einer warmen und professionellen Atmosph\u00e4re zu bieten. Unser Team sorgt f\u00fcr einen reibungslosen und diskreten Service, damit Sie Ihre G\u00e4ste in vollen Z\u00fcgen genie\u00dfen k\u00f6nnen.<\/p>\n<p data-start=\"2722\" data-end=\"2927\">Lassen Sie sich treiben, wir k\u00fcmmern uns um den Rest.<br data-start=\"2775\" data-end=\"2778\" \/>Cocktail-Ap\u00e9ro, leichter Imbiss oder festliches Cocktail-Dinner: Unabh\u00e4ngig vom Umfang Ihrer Veranstaltung schaffen wir einen unvergesslichen Moment.<\/p>\n<p data-start=\"2929\" data-end=\"3082\">Um unsere Cocktail- und Imbissvorschl\u00e4ge einzusehen oder auf Anfrage, steht Ihnen unser Team zur Verf\u00fcgung, vom einfachen Ap\u00e9ro bis zum Cocktail-Dinner.<\/p>\n<p><a class=\"menu-link\" href=\"http:\/\/www.laprairiehotel.ch\/app\/uploads\/sites\/2\/2025\/11\/Cocktail-Aperitif.pdf\">Unsere Brosch\u00fcre entdecken<\/a><\/p>\n                                                    <\/div>\n                    <\/div>\n                <\/div>\n            <\/div>\n        <\/section>\n        <div class=\"container\">\n    \n\n\n    <\/div>\n            <section class=\"content-section-img frame page-section \"  style=\"\">\n            <div class=\"container p-0-mob\">\n                <div class=\"row\">\n                    <div class=\"col-lg-5 offset-lg-0 col-md-8 offset-md-2 left-content\">\n                        <div class=\"content-section-img-zone\">\n                                                            <iframe loading=\"lazy\" width=\"100%\" height=\"400px\" class=\"map-iframe\" frameborder=\"0\" scrolling=\"no\" marginheight=\"0\" marginwidth=\"0\" src=\"https:\/\/maps.google.com\/maps?&#038;q=Av. des Bains 9, 1400 Yverdon-les-Bains&#038;output=embed\"><\/iframe>\n                                                    <\/div>\n                    <\/div>\n                    <div class=\"col-lg-8 offset-lg-4 col-md-12 offset-md-0 right-content\">\n                        <div class=\"white-box parallax-el\" data-parallax-ratio=\"20\" data-parallax-speed=\"1\">\n                            <p data-start=\"3122\" data-end=\"3402\"><strong>Ein Moment des Austauschs und des Miteinanders, sei es ein geselliger Cocktail oder ein Imbiss nach einer Zeremonie.<\/strong><br data-start=\"3238\" data-end=\"3241\" \/>Mit Diskretion, Sorgfalt und Professionalit\u00e4t organisieren wir eine Leistung, die auf die Art Ihrer Veranstaltung und die Erwartungen Ihrer G\u00e4ste abgestimmt ist.<\/p>\n<p data-start=\"3404\" data-end=\"3526\"><strong>Ben\u00f6tigen Sie ein individuelles Angebot?<\/strong><br data-start=\"3444\" data-end=\"3447\" \/>Stellen Sie uns Ihr Projekt vor und erhalten Sie ein ma\u00dfgeschneidertes Angebot:<\/p>\n<p data-start=\"3528\" data-end=\"3670\">\ud83d\udce9 Kontaktieren Sie uns f\u00fcr ein individuelles Angebot: contact(at)laprairiehotel.ch<br data-start=\"3611\" data-end=\"3614\" \/>\ud83d\udcde Oder rufen Sie uns direkt an unter +41 24 423 31 31<\/p>\n                                                            <a class=\"link\" href=\"https:\/\/app.mews.com\/events\/be\/hotellaprairieyverdon\/booking\" target=\"_blank\">Angebot in wenigen Klicks<\/a>\n                                                    <\/div>\n                    <\/div>\n                <\/div>\n            <\/div>\n        <\/section>\n        <div class=\"container\">\n    ","protected":false},"excerpt":{"rendered":"","protected":false},"author":1,"featured_media":0,"parent":3839,"menu_order":62,"comment_status":"closed","ping_status":"closed","template":"","meta":{"_acf_changed":false,"footnotes":""},"class_list":["post-3875","page","type-page","status-publish","hentry"],"acf":[],"aioseo_notices":[],"_links":{"self":[{"href":"https:\/\/www.laprairiehotel.ch\/de\/wp-json\/wp\/v2\/pages\/3875","targetHints":{"allow":["GET"]}}],"collection":[{"href":"https:\/\/www.laprairiehotel.ch\/de\/wp-json\/wp\/v2\/pages"}],"about":[{"href":"https:\/\/www.laprairiehotel.ch\/de\/wp-json\/wp\/v2\/types\/page"}],"author":[{"embeddable":true,"href":"https:\/\/www.laprairiehotel.ch\/de\/wp-json\/wp\/v2\/users\/1"}],"replies":[{"embeddable":true,"href":"https:\/\/www.laprairiehotel.ch\/de\/wp-json\/wp\/v2\/comments?post=3875"}],"version-history":[{"count":2,"href":"https:\/\/www.laprairiehotel.ch\/de\/wp-json\/wp\/v2\/pages\/3875\/revisions"}],"predecessor-version":[{"id":4086,"href":"https:\/\/www.laprairiehotel.ch\/de\/wp-json\/wp\/v2\/pages\/3875\/revisions\/4086"}],"up":[{"embeddable":true,"href":"https:\/\/www.laprairiehotel.ch\/de\/wp-json\/wp\/v2\/pages\/3839"}],"wp:attachment":[{"href":"https:\/\/www.laprairiehotel.ch\/de\/wp-json\/wp\/v2\/media?parent=3875"}],"curies":[{"name":"wp","href":"https:\/\/api.w.org\/{rel}","templated":true}]}}