{"id":3882,"date":"2025-11-15T12:13:38","date_gmt":"2025-11-15T11:13:38","guid":{"rendered":"https:\/\/www.laprairiehotel.ch\/services-de-lhotel-2\/"},"modified":"2026-02-15T16:50:57","modified_gmt":"2026-02-15T15:50:57","slug":"hoteldienstleistungen","status":"publish","type":"page","link":"https:\/\/www.laprairiehotel.ch\/de\/hoteldienstleistungen\/","title":{"rendered":"Hoteldienstleistungen"},"content":{"rendered":"\n<h2 class=\"wp-block-heading has-text-align-center\">Alles, was Sie f\u00fcr einen ruhigen Aufenthalt brauchen<\/h2>\n\n\n\n<p class=\"has-text-align-center\">In der La Prairie legen wir Wert auf Einfachheit, Authentizit\u00e4t und Ihr Wohlbefinden.<br>Ob f\u00fcr einen kurzen Aufenthalt oder eine l\u00e4ngere Auszeit \u2013 Sie genie\u00dfen sorgf\u00e4ltige, zug\u00e4ngliche Leistungen, stets mit einem L\u00e4cheln angeboten.<\/p>\n\n\n\n\n    <section class=\"wp-block tile-list page-section \"  style=\"\">\n        <div class=\"row\">\n                            <div class=\"room-item col-lg-6 col-md-12\">\n                                            <div class=\"row\">\n                            <div class=\"col-10 img-zone\">\n                                                                <div class=\"single-item\">\n                                                                            <div><img decoding=\"async\" src=\"https:\/\/www.laprairiehotel.ch\/app\/uploads\/sites\/2\/2024\/08\/hotellaprairie_drone1-575x390.jpg\" class=\"width-100\" \/><\/div>\n                                                                    <\/div>\n                            <\/div>\n                            <div class=\"col-2 room-nav\">\n                                                            <\/div>\n                        <\/div>\n                                        <div class=\"row\">\n                        <div class=\"col-md-10 offset-md-2\">\n                            <div class=\"white-box \">\n                                                                    <h3>Eine Oase der Ruhe mitten in der Natur<\/h3>\n                                                                                                    <p data-start=\"4322\" data-end=\"4468\">In der La Prairie bieten wir Ihnen einen ruhigen Au\u00dfenbereich inmitten einer gesch\u00fctzten Naturlandschaft, ideal zum Entspannen zu jeder Tageszeit.<\/p>\n<p data-start=\"4470\" data-end=\"4488\"><strong>Die Terrasse<\/strong><\/p>\n<ul>\n<li data-start=\"4490\" data-end=\"4709\">Zwei teilweise \u00fcberdachte, ruhige und einladende Terrassen, ge\u00f6ffnet je nach Wetterlage<\/li>\n<li data-start=\"4490\" data-end=\"4709\">Fr\u00fchst\u00fcck oder Ap\u00e9ro im Freien w\u00e4hrend der sch\u00f6nen Jahreszeit<\/li>\n<li data-start=\"4490\" data-end=\"4709\">Ein beruhigender Ort, ideal zum Lesen, Plaudern oder Entspannen<\/li>\n<\/ul>\n<p data-start=\"4711\" data-end=\"4727\"><strong>Der Garten<\/strong><\/p>\n<ul>\n<li data-start=\"4729\" data-end=\"4926\">Eine gr\u00fcne Oase f\u00fcr Entspannung, Lesen oder ein ruhiges Nickerchen<\/li>\n<li data-start=\"4729\" data-end=\"4926\">Ruhig und von B\u00e4umen umgeben, perfekt, um nach dem Fr\u00fchst\u00fcck oder am sp\u00e4ten Nachmittag einen Moment der Erholung zu verl\u00e4ngern<\/li>\n<\/ul>\n<p data-start=\"4928\" data-end=\"5042\">Genie\u00dfen Sie diese f\u00fcr Ihr Wohlbefinden gestalteten Bereiche w\u00e4hrend Ihres gesamten Aufenthalts in der La Prairie.<\/p>\n                                                                                            <\/div>\n                        <\/div>\n                    <\/div>\n                <\/div>\n                            <div class=\"room-item col-lg-6 col-md-12\">\n                                            <div class=\"row\">\n                            <div class=\"col-10 img-zone\">\n                                                                <div class=\"slider-room-item\">\n                                                                            <div><img decoding=\"async\" src=\"https:\/\/www.laprairiehotel.ch\/app\/uploads\/sites\/2\/2024\/07\/LA_PRAIRIE_04-575x390.jpg\" class=\"width-100\" \/><\/div>\n                                                                            <div><img decoding=\"async\" src=\"https:\/\/www.laprairiehotel.ch\/app\/uploads\/sites\/2\/2024\/07\/Chambre_Executive-575x390.jpg\" class=\"width-100\" \/><\/div>\n                                                                    <\/div>\n                            <\/div>\n                            <div class=\"col-2 room-nav\">\n                                                                    <div class=\"slider-nav float-right\">\n                                        <ul class=\"room-slider-nav\">\n                                            <li class=\"prev\"><i class=\"fal fa-angle-left\"><\/i><\/li>\n                                            <li class=\"next\"><i class=\"fal fa-angle-right\"><\/i><\/li>\n                                        <\/ul>\n                                        <div class=\"pagingInfo\">\n                                            <span class=\"current\"><\/span>\n                                            <div class=\"timeline\"><\/div>\n                                            <span class=\"total\"><\/span>\n                                        <\/div>\n                                    <\/div>\n                                                            <\/div>\n                        <\/div>\n                                        <div class=\"row\">\n                        <div class=\"col-md-10 offset-md-2\">\n                            <div class=\"white-box \">\n                                                                    <h3>Firmenpartnerschaften &amp; Vorzugstarife<\/h3>\n                                                                                                    <p data-start=\"5094\" data-end=\"5141\"><strong>Individuelle Angebote nach Ihrem Rhythmus<\/strong><\/p>\n<p data-start=\"5143\" data-end=\"5150\">Ob f\u00fcr:<\/p>\n<ul>\n<li data-start=\"5152\" data-end=\"5243\">Einzelne \u00dcbernachtungen<\/li>\n<li data-start=\"5152\" data-end=\"5243\">Regelm\u00e4\u00dfige Aufenthalte<\/li>\n<li data-start=\"5152\" data-end=\"5243\">Zimmerkontingente \u00fcber das ganze Jahr<\/li>\n<\/ul>\n<p data-start=\"5245\" data-end=\"5300\">Wir erstellen ein Vorzugsangebot und garantieren Ihnen:<\/p>\n<ul>\n<li data-start=\"5302\" data-end=\"5417\">Feste Preise das ganze Jahr \u00fcber<\/li>\n<li data-start=\"5302\" data-end=\"5417\">Bevorzugter Empfang<\/li>\n<li data-start=\"5302\" data-end=\"5417\">Vereinfachte Rechnungsstellung bei h\u00e4ufigen Aufenthalten<\/li>\n<\/ul>\n<p data-start=\"5419\" data-end=\"5452\">Interesse an einer Partnerschaft?<\/p>\n<p>\ud83d\udce9 Kontaktieren Sie uns f\u00fcr eine individuelle Offerte :<br \/>\n<a href=\"mailto:contact@laprairiehotel.ch\">contact@laprairiehotel.ch<\/a><br \/>\n\ud83d\udcdeOder rufen Sie uns an unter <a href=\"tel:+41244233131\">+41 24 423 31 31<\/a><\/p>\n                                                                                                    <a class=\"link\" href=\"https:\/\/www.laprairiehotel.ch\/de\/zimmer-suiten\/\" target=\"_self\">Unsere Zimmer entdecken<\/a>\n                                                            <\/div>\n                        <\/div>\n                    <\/div>\n                <\/div>\n                            <div class=\"room-item col-lg-6 col-md-12\">\n                                            <div class=\"row\">\n                            <div class=\"col-10 img-zone\">\n                                                                <div class=\"single-item\">\n                                                                            <div><img decoding=\"async\" src=\"https:\/\/www.laprairiehotel.ch\/app\/uploads\/sites\/2\/2025\/11\/20250603_155700707_iOS-780x530.jpg\" class=\"width-100\" \/><\/div>\n                                                                    <\/div>\n                            <\/div>\n                            <div class=\"col-2 room-nav\">\n                                                            <\/div>\n                        <\/div>\n                                        <div class=\"row\">\n                        <div class=\"col-md-10 offset-md-2\">\n                            <div class=\"white-box \">\n                                                                    <h3>Die Bar<\/h3>\n                                                                                                    <p data-start=\"5643\" data-end=\"5952\">Unsere Bar l\u00e4dt Sie ein, eine warme und einladende Atmosph\u00e4re zu genie\u00dfen. Ob Ap\u00e9ro, Cocktail oder erfrischendes Getr\u00e4nk \u2013 unsere gro\u00dfe Auswahl an lokalen und internationalen Getr\u00e4nken erf\u00fcllt all Ihre W\u00fcnsche.<br data-start=\"5853\" data-end=\"5856\" \/>Ein idealer Ort zum Entspannen nach einem ereignisreichen Tag.<br data-start=\"5918\" data-end=\"5921\" \/><strong>T\u00e4glich ge\u00f6ffnet bis 23:00 Uhr.<\/strong><\/p>\n                                                                                                    <a class=\"link\" href=\"https:\/\/www.laprairiehotel.ch\/de\/kulinarik\/\" target=\"_self\">Unsere Wein- &amp; Getr\u00e4nkekarte entdecken<\/a>\n                                                            <\/div>\n                        <\/div>\n                    <\/div>\n                <\/div>\n                            <div class=\"room-item col-lg-6 col-md-12\">\n                                            <div class=\"row\">\n                            <div class=\"col-10 img-zone\">\n                                                                <div class=\"single-item\">\n                                                                            <div><img decoding=\"async\" src=\"https:\/\/www.laprairiehotel.ch\/app\/uploads\/sites\/2\/2025\/11\/20241024_115333116_iOS-780x530.jpg\" class=\"width-100\" \/><\/div>\n                                                                    <\/div>\n                            <\/div>\n                            <div class=\"col-2 room-nav\">\n                                                            <\/div>\n                        <\/div>\n                                        <div class=\"row\">\n                        <div class=\"col-md-10 offset-md-2\">\n                            <div class=\"white-box \">\n                                                                    <h3>Fr\u00fchst\u00fccksbuffet<\/h3>\n                                                                                                    <p data-start=\"6027\" data-end=\"6151\">Jeden Morgen erwartet Sie ein frisches und reichhaltiges Buffet in unserem Speisesaal oder, bei sch\u00f6nem Wetter, im Garten.<\/p>\n<ul>\n<li data-start=\"6153\" data-end=\"6398\">Regionale Produkte: Eier, K\u00e4se, Wurstwaren, Joghurts, saisonale Fr\u00fcchte, handwerklich hergestelltes Brot, Geb\u00e4ck und Konfit\u00fcren<\/li>\n<li data-start=\"6153\" data-end=\"6398\">Frische S\u00e4fte, frisch gemahlener Kaffee, sorgf\u00e4ltig ausgew\u00e4hlte Tees<\/li>\n<li data-start=\"6153\" data-end=\"6398\">Vegetarische und vegane Optionen verf\u00fcgbar<\/li>\n<\/ul>\n<p data-start=\"6400\" data-end=\"6490\">Serviert von<strong> 6:30 bis 10:00 Uhr unter der Woche<\/strong> und von <strong>7:30 bis 10:30 Uhr am Wochenende<\/strong><\/p>\n                                                                                            <\/div>\n                        <\/div>\n                    <\/div>\n                <\/div>\n                            <div class=\"room-item col-lg-6 col-md-12\">\n                                            <div class=\"row\">\n                            <div class=\"col-10 img-zone\">\n                                                                <div class=\"single-item\">\n                                                                            <div><img decoding=\"async\" src=\"https:\/\/www.laprairiehotel.ch\/app\/uploads\/sites\/2\/2024\/08\/electric-car-4381728_960_720-575x390.jpg\" class=\"width-100\" \/><\/div>\n                                                                    <\/div>\n                            <\/div>\n                            <div class=\"col-2 room-nav\">\n                                                            <\/div>\n                        <\/div>\n                                        <div class=\"row\">\n                        <div class=\"col-md-10 offset-md-2\">\n                            <div class=\"white-box \">\n                                                                    <h3>Privatparkplatz, geschlossene &amp; sichere Fahrradgarage<\/h3>\n                                                                                                    <p data-start=\"6560\" data-end=\"6586\">Kein Parkplatzsuchen mehr!<\/p>\n<p data-start=\"6588\" data-end=\"6613\"><strong>Parkplatz f\u00fcr Autos<\/strong><\/p>\n<ul>\n<li data-start=\"6615\" data-end=\"6666\">Reservierte und sichere Pl\u00e4tze<\/li>\n<li data-start=\"6615\" data-end=\"6666\">Preis: Kostenlos<\/li>\n<\/ul>\n<p data-start=\"6668\" data-end=\"6694\"><strong>F\u00fcr Zweiradliebhaber<\/strong><\/p>\n<ul>\n<li data-start=\"6696\" data-end=\"6809\">Geschlossener Innenraum, per Code zug\u00e4nglich<\/li>\n<li data-start=\"6696\" data-end=\"6809\">Abstellm\u00f6glichkeiten<\/li>\n<li data-start=\"6696\" data-end=\"6809\">Fahrradpumpe verf\u00fcgbar<\/li>\n<li data-start=\"6696\" data-end=\"6809\">Preis: Kostenlos<\/li>\n<\/ul>\n                                                                                            <\/div>\n                        <\/div>\n                    <\/div>\n                <\/div>\n                            <div class=\"room-item col-lg-6 col-md-12\">\n                                        <div class=\"row\">\n                        <div class=\"col-md-10 offset-md-2\">\n                            <div class=\"white-box no-images\">\n                                                                    <h3>Weitere Dienstleistungen<\/h3>\n                                                                                                    <ul>\n<li data-start=\"6851\" data-end=\"7057\">Schnelles und kostenloses WLAN im gesamten Hotel<\/li>\n<li data-start=\"6851\" data-end=\"7057\">Wasserkocher auf Anfrage an der Rezeption (inklusive Tassen und Teebeuteln)<\/li>\n<li data-start=\"6851\" data-end=\"7057\">Gep\u00e4ckraum<\/li>\n<li data-start=\"6851\" data-end=\"7057\">Aufzug<\/li>\n<li data-start=\"6851\" data-end=\"7057\">Flexibler Check-in<\/li>\n<li data-start=\"6851\" data-end=\"7057\">Babybett \/ Hochstuhl auf Anfrage<\/li>\n<\/ul>\n                                                                                            <\/div>\n                        <\/div>\n                    <\/div>\n                <\/div>\n                            <div class=\"room-item col-lg-6 col-md-12\">\n                                            <div class=\"row\">\n                            <div class=\"col-10 img-zone\">\n                                                                <div class=\"single-item\">\n                                                                            <div><img decoding=\"async\" src=\"https:\/\/www.laprairiehotel.ch\/app\/uploads\/sites\/2\/2024\/08\/minigolof1-575x390.jpg\" class=\"width-100\" \/><\/div>\n                                                                    <\/div>\n                            <\/div>\n                            <div class=\"col-2 room-nav\">\n                                                            <\/div>\n                        <\/div>\n                                        <div class=\"row\">\n                        <div class=\"col-md-10 offset-md-2\">\n                            <div class=\"white-box \">\n                                                                    <h3>Mini Golf La Prairie<\/h3>\n                                                                                                    <p data-start=\"7095\" data-end=\"7301\">Entdecken Sie unseren Mini-Golfplatz, ein Ort der Entspannung und des Vergn\u00fcgens f\u00fcr Gro\u00df und Klein. Ob mit Familie, Freunden oder alleine, genie\u00dfen Sie einen geselligen Parcours im Herzen der La Prairie.<\/p>\n<p data-start=\"7303\" data-end=\"7353\">12-Loch-Parcours, geeignet f\u00fcr alle Spielniveaus<\/p>\n<p data-start=\"7355\" data-end=\"7429\">T\u00e4glich ge\u00f6ffnet, je nach Wetter (geschlossen von November bis Ende April)<\/p>\n<p data-start=\"7431\" data-end=\"7442\"><strong>Preise:<\/strong><\/p>\n<ul>\n<li data-start=\"7444\" data-end=\"7557\">Kind (bis 12 Jahre): CHF 5.\u2013<\/li>\n<li data-start=\"7444\" data-end=\"7557\">Erwachsene: CHF 10.\u2013<\/li>\n<li data-start=\"7444\" data-end=\"7557\">Studierende: CHF 8.\u2013 (gegen Vorlage des Studentenausweises)<\/li>\n<\/ul>\n<p data-start=\"7559\" data-end=\"7658\">Wir organisieren auch Kindergeburtstage und empfangen Gruppen ab 20 Personen zu einem Vorzugstarif.<\/p>\n<p data-start=\"7660\" data-end=\"7720\">Weitere Informationen und Reservierungen: <a href=\"tel:+41 24 423 31 31\">+41 24 423 31 31<\/a><\/p>\n                                                                                            <\/div>\n                        <\/div>\n                    <\/div>\n                <\/div>\n                    <\/div>\n    <\/section>\n\n\n\n<h2 class=\"wp-block-heading has-text-align-center\"><strong>Optimieren Sie Ihren Aufenthalt:<\/strong><\/h2>\n\n\n\n<p class=\"has-text-align-center\">Unsere Dienstleistungen sind auf Ihren Komfort ausgerichtet. Buchen Sie diese ganz einfach bei unserem Team und profitieren Sie von einer pers\u00f6nlichen und sorgenfreien Betreuung.<\/p>\n\n\n\n<div class=\"wp-block-buttons is-content-justification-center is-layout-flex wp-container-core-buttons-is-layout-16018d1d wp-block-buttons-is-layout-flex\">\n<div class=\"wp-block-button\"><a class=\"wp-block-button__link has-text-align-center wp-element-button\" href=\"https:\/\/app.mews.com\/distributor\/8f77ef0e-e29e-41d5-bd17-b25000a07bc1\">Jetzt buchen<\/a><\/div>\n<\/div>\n","protected":false},"excerpt":{"rendered":"<p>Alles, was Sie f\u00fcr einen ruhigen Aufenthalt brauchen In der La Prairie legen wir Wert auf Einfachheit, Authentizit\u00e4t und Ihr Wohlbefinden.Ob f\u00fcr einen kurzen Aufenthalt oder eine l\u00e4ngere Auszeit \u2013 Sie genie\u00dfen sorgf\u00e4ltige, zug\u00e4ngliche Leistungen, stets mit einem L\u00e4cheln angeboten. Optimieren Sie Ihren Aufenthalt: Unsere Dienstleistungen sind auf Ihren Komfort ausgerichtet. Buchen Sie diese ganz [&hellip;]<\/p>\n","protected":false},"author":9,"featured_media":2972,"parent":0,"menu_order":65,"comment_status":"closed","ping_status":"closed","template":"","meta":{"_acf_changed":false,"footnotes":""},"class_list":["post-3882","page","type-page","status-publish","has-post-thumbnail","hentry"],"acf":[],"aioseo_notices":[],"_links":{"self":[{"href":"https:\/\/www.laprairiehotel.ch\/de\/wp-json\/wp\/v2\/pages\/3882","targetHints":{"allow":["GET"]}}],"collection":[{"href":"https:\/\/www.laprairiehotel.ch\/de\/wp-json\/wp\/v2\/pages"}],"about":[{"href":"https:\/\/www.laprairiehotel.ch\/de\/wp-json\/wp\/v2\/types\/page"}],"author":[{"embeddable":true,"href":"https:\/\/www.laprairiehotel.ch\/de\/wp-json\/wp\/v2\/users\/9"}],"replies":[{"embeddable":true,"href":"https:\/\/www.laprairiehotel.ch\/de\/wp-json\/wp\/v2\/comments?post=3882"}],"version-history":[{"count":3,"href":"https:\/\/www.laprairiehotel.ch\/de\/wp-json\/wp\/v2\/pages\/3882\/revisions"}],"predecessor-version":[{"id":4090,"href":"https:\/\/www.laprairiehotel.ch\/de\/wp-json\/wp\/v2\/pages\/3882\/revisions\/4090"}],"wp:featuredmedia":[{"embeddable":true,"href":"https:\/\/www.laprairiehotel.ch\/de\/wp-json\/wp\/v2\/media\/2972"}],"wp:attachment":[{"href":"https:\/\/www.laprairiehotel.ch\/de\/wp-json\/wp\/v2\/media?parent=3882"}],"curies":[{"name":"wp","href":"https:\/\/api.w.org\/{rel}","templated":true}]}}