{"id":3894,"date":"2024-08-02T15:33:44","date_gmt":"2024-08-02T13:33:44","guid":{"rendered":"https:\/\/www.laprairiehotel.ch\/lhotel\/a-propos-de-nous\/"},"modified":"2026-02-15T17:27:52","modified_gmt":"2026-02-15T16:27:52","slug":"uber-uns","status":"publish","type":"page","link":"https:\/\/www.laprairiehotel.ch\/de\/das-hotel\/uber-uns\/","title":{"rendered":"\u00dcber uns"},"content":{"rendered":"\n    <\/div>\n            <section class=\"wp-block content-section frame page-section \"  style=\"\">\n            <div class=\"container\">\n                <div class=\"row\">\n                    <div class=\"col-lg-5 col-md-12 left-content \">\n                        <h2 data-start=\"2109\" data-end=\"2125\">Steckbrief<\/h2>\n<p>Adresse\u00a0: Avenue des Bains 9<br \/>\n1400 Yverdon-les-Bains<br \/>\nTelefon : <a href=\"tel:+41244233131\" data-cke-saved-href=\"tel:+41244233131\">+41 24 423 31 31<\/a><br \/>\nE-mail\u00a0: <a href=\"mailto:contact@laprairiehotel.ch\" data-cke-saved-href=\"mailto:contact@laprairiehotel.ch\">contact(at)laprairiehotel.ch<\/a><\/p>\n<p data-start=\"2250\" data-end=\"2370\">Kategorie: 4 Sterne<br data-start=\"2269\" data-end=\"2272\" \/>Zimmer: 37 Zimmer<br data-start=\"2289\" data-end=\"2292\" \/>S\u00e4le: 6 R\u00e4ume, Kapazit\u00e4ten von 10 bis 140 Personen<br data-start=\"2342\" data-end=\"2345\" \/>Restaurant: La Terrasse<\/p>\n<p data-start=\"2372\" data-end=\"2450\">Parkplatz: kostenloser privater Au\u00dfenparkplatz, Ladestation f\u00fcr Elektroautos<\/p>\n<p data-start=\"2452\" data-end=\"2532\">Zahlungsmittel: American Express, MasterCard, Visa, Postcard, Maestro und Reka<\/p>\n                    <\/div>\n                    <div class=\"col-lg-6 offset-lg-1 col-md-12 offset-md-0 right-content\">\n                        <div class=\"white-box parallax-el\" data-parallax-ratio=\"20\" data-parallax-speed=\"1\">\n                            <h3 data-start=\"2545\" data-end=\"2618\">H\u00f4tel La Prairie \u2013 Ein Ort der Eleganz und Ruhe in Yverdon-les-Bains<\/h3>\n<p data-start=\"2620\" data-end=\"2825\">Gegr\u00fcndet im Jahr 1840, ist das H\u00f4tel La Prairie eine traditionsreiche Adresse, eingebettet in einen weitl\u00e4ufigen, baumbestandenen Park, nur wenige Schritte vom Stadtzentrum und den Thermalb\u00e4dern entfernt.<\/p>\n<p data-start=\"2827\" data-end=\"2967\">Sein historischer Charme verbindet sich mit modernem Komfort in Zimmern von authentisch bis zeitgen\u00f6ssisch, teilweise mit privater Terrasse.<\/p>\n<p data-start=\"2969\" data-end=\"3214\">Der Ort l\u00e4dt zur Ruhe und Entspannung ein \u2013 ob gesch\u00e4ftlich oder privat. Helle Seminarr\u00e4ume, raffinierte K\u00fcche im Restaurant \u00ab La Terrasse \u00bb und aufmerksamer Service machen jeden Aufenthalt zu einer sorgf\u00e4ltig gestalteten und herzlichen Auszeit.<\/p>\n                                                                                        <a class=\"link\" href=\"https:\/\/app.mews.com\/distributor\/8f77ef0e-e29e-41d5-bd17-b25000a07bc1\" target=\"_self\">Buchen<\/a>\n                                                    <\/div>\n                    <\/div>\n                <\/div>\n            <\/div>\n        <\/section>\n        <div class=\"container\">\n    \n\n\n<h2 class=\"wp-block-heading has-text-align-center\"><strong>Eine einfache Philosophie: gut empfangen<\/strong><\/h2>\n\n\n\n<p class=\"has-text-align-center\">Im H\u00f4tel La Prairie gen\u00fcgt das Wesentliche:<br>ein gem\u00fctliches Bett, ein ruhiges Zimmer mit Blick ins Gr\u00fcne, ein aufmerksames Team.<br>Und um den Genuss zu verl\u00e4ngern, eine einfache und schmackhafte K\u00fcche, inspiriert von saisonalen Produkten.<\/p>\n\n\n\n<h3 class=\"wp-block-heading has-text-align-center\">Hier ist alles darauf ausgerichtet, dass Sie sich wohlf\u00fchlen. Ganz einfach.<\/h3>\n\n\n\n\n                        <section class=\"section-content-right page-section\">\n                <div class=\"container p-0-mob pos-relative\">\n                    <div class=\"row row-reverse-very-mob\">\n                                                    <div class=\"col-lg-5 offset-lg-1 col-md-8 offset-md-0 col-12 offset-0\">\n                                <div class=\"section-single-img\">\n                                    <img decoding=\"async\" src=\"https:\/\/www.laprairiehotel.ch\/app\/uploads\/sites\/2\/2024\/08\/IMG_6407-scaled.jpg\" alt=\"\" class=\"width-100\" \/>\n                                <\/div>\n                            <\/div>\n                                                <div class=\"col-lg-6 offset-lg-5 col-md-10 offset-md-2 col-12 offset-0 right-content\">\n                            <div class=\"white-box scroll-box parallax-el\" data-parallax-ratio=\"5\" data-parallax-speed=\"0.1\" data-scroll-speed=\"13\">\n                                <hr data-start=\"3611\" data-end=\"3619\" \/>\n<p data-start=\"3621\" data-end=\"3864\">Wir verpflichten uns, qualitativ hochwertige Dienstleistungen anzubieten und stellen Menschlichkeit, Innovation und N\u00e4he in den Mittelpunkt unserer Werte. Unser engagiertes Team arbeitet t\u00e4glich daran, Ihre Erwartungen bestm\u00f6glich zu erf\u00fcllen.<\/p>\n<p data-start=\"244\" data-end=\"475\">Um mehr \u00fcber unsere Geschichte und unsere Entwicklung im Laufe der Jahre zu erfahren, besuchen Sie unsere Seite <a class=\"decorated-link cursor-pointer\" href=\"https:\/\/www.laprairiehotel.ch\/de\/das-hotel\/geschichte-des-hotel-la-prairie\/\" rel=\"noopener\" data-start=\"584\" data-end=\"613\"><strong data-start=\"585\" data-end=\"599\">Historie<\/strong><\/a>.<\/p>\n<p data-start=\"616\" data-end=\"777\">Wenn Sie uns besuchen oder kontaktieren m\u00f6chten: Alle praktischen Informationen finden Sie auf unserer Seite <a href=\"https:\/\/www.laprairiehotel.ch\/de\/kontakt-anfahrt\/\"><strong data-start=\"740\" data-end=\"759\">Kontakt &amp; Anfahrt<\/strong><\/a>.<\/p>\n                            <\/div>\n                        <\/div>\n                    <\/div>\n                <\/div>\n            <\/section>\n            \n\n\n\n\n<div style=\"height:213px\" aria-hidden=\"true\" class=\"wp-block-spacer\"><\/div>\n\n\n\n    <div class=\"row gallery-row \" id=\"galerie-photos\" style=\"\">\n        <div class=\"lightgallery\">\n                                                                        <div class=\"col-lg-4 col-md-6 col-sm-12 pointer video-box\" data-src=\"https:\/\/www.laprairiehotel.ch\/app\/uploads\/sites\/2\/2024\/08\/Parc_Hotelier.jpg\" data-sub-html=\"\">\n                            <div>\n                                <a href=\"#\">\n                                    <img loading=\"lazy\" decoding=\"async\" src=\"https:\/\/www.laprairiehotel.ch\/app\/uploads\/sites\/2\/2024\/08\/Parc_Hotelier-640x430.jpg\" class=\"width-100\" width=\"640\" height=\"430\" \/>\n                                <\/a>\n                            <\/div>\n                        <\/div>\n                                                                                                                                                                            <div class=\"col-lg-4 col-md-6 col-sm-12 pointer video-box\" data-src=\"https:\/\/www.laprairiehotel.ch\/app\/uploads\/sites\/2\/2024\/08\/Jardin__2_.jpg\" data-sub-html=\"\">\n                            <div>\n                                <a href=\"#\">\n                                    <img loading=\"lazy\" decoding=\"async\" src=\"https:\/\/www.laprairiehotel.ch\/app\/uploads\/sites\/2\/2024\/08\/Jardin__2_-640x430.jpg\" class=\"width-100\" width=\"640\" height=\"430\" \/>\n                                <\/a>\n                            <\/div>\n                        <\/div>\n                                                                                                            <div class=\"col-lg-4 col-md-6 col-sm-12 pointer video-box\" data-src=\"https:\/\/www.laprairiehotel.ch\/app\/uploads\/sites\/2\/2024\/08\/facb12d5-03eb-4be5-848b-83bdea3fcad6.jpg\" data-sub-html=\"\">\n                            <div>\n                                <a href=\"#\">\n                                    <img loading=\"lazy\" decoding=\"async\" src=\"https:\/\/www.laprairiehotel.ch\/app\/uploads\/sites\/2\/2024\/08\/facb12d5-03eb-4be5-848b-83bdea3fcad6-640x430.jpg\" class=\"width-100\" width=\"640\" height=\"430\" \/>\n                                <\/a>\n                            <\/div>\n                        <\/div>\n                                                                                                            <div class=\"col-lg-4 col-md-6 col-sm-12 pointer video-box\" data-src=\"https:\/\/www.laprairiehotel.ch\/app\/uploads\/sites\/2\/2024\/08\/IMG_6407-scaled-1880x1080.jpg\" data-sub-html=\"\">\n                            <div>\n                                <a href=\"#\">\n                                    <img loading=\"lazy\" decoding=\"async\" src=\"https:\/\/www.laprairiehotel.ch\/app\/uploads\/sites\/2\/2024\/08\/IMG_6407-scaled-640x430.jpg\" class=\"width-100\" width=\"640\" height=\"430\" \/>\n                                <\/a>\n                            <\/div>\n                        <\/div>\n                                                                                                            <div class=\"col-lg-4 col-md-6 col-sm-12 pointer video-box\" data-src=\"https:\/\/www.laprairiehotel.ch\/app\/uploads\/sites\/2\/2024\/08\/IMG_4403-scaled-1621x1080.jpg\" data-sub-html=\"\">\n                            <div>\n                                <a href=\"#\">\n                                    <img loading=\"lazy\" decoding=\"async\" src=\"https:\/\/www.laprairiehotel.ch\/app\/uploads\/sites\/2\/2024\/08\/IMG_4403-scaled-640x430.jpg\" class=\"width-100\" width=\"640\" height=\"430\" \/>\n                                <\/a>\n                            <\/div>\n                        <\/div>\n                                                        <\/div>\n    <\/div>\n\n","protected":false},"excerpt":{"rendered":"<p>Eine einfache Philosophie: gut empfangen Im H\u00f4tel La Prairie gen\u00fcgt das Wesentliche:ein gem\u00fctliches Bett, ein ruhiges Zimmer mit Blick ins Gr\u00fcne, ein aufmerksames Team.Und um den Genuss zu verl\u00e4ngern, eine einfache und schmackhafte K\u00fcche, inspiriert von saisonalen Produkten. Hier ist alles darauf ausgerichtet, dass Sie sich wohlf\u00fchlen. Ganz einfach.<\/p>\n","protected":false},"author":1,"featured_media":1776,"parent":3890,"menu_order":71,"comment_status":"closed","ping_status":"closed","template":"","meta":{"_acf_changed":false,"footnotes":""},"class_list":["post-3894","page","type-page","status-publish","has-post-thumbnail","hentry"],"acf":[],"aioseo_notices":[],"_links":{"self":[{"href":"https:\/\/www.laprairiehotel.ch\/de\/wp-json\/wp\/v2\/pages\/3894","targetHints":{"allow":["GET"]}}],"collection":[{"href":"https:\/\/www.laprairiehotel.ch\/de\/wp-json\/wp\/v2\/pages"}],"about":[{"href":"https:\/\/www.laprairiehotel.ch\/de\/wp-json\/wp\/v2\/types\/page"}],"author":[{"embeddable":true,"href":"https:\/\/www.laprairiehotel.ch\/de\/wp-json\/wp\/v2\/users\/1"}],"replies":[{"embeddable":true,"href":"https:\/\/www.laprairiehotel.ch\/de\/wp-json\/wp\/v2\/comments?post=3894"}],"version-history":[{"count":4,"href":"https:\/\/www.laprairiehotel.ch\/de\/wp-json\/wp\/v2\/pages\/3894\/revisions"}],"predecessor-version":[{"id":4099,"href":"https:\/\/www.laprairiehotel.ch\/de\/wp-json\/wp\/v2\/pages\/3894\/revisions\/4099"}],"up":[{"embeddable":true,"href":"https:\/\/www.laprairiehotel.ch\/de\/wp-json\/wp\/v2\/pages\/3890"}],"wp:featuredmedia":[{"embeddable":true,"href":"https:\/\/www.laprairiehotel.ch\/de\/wp-json\/wp\/v2\/media\/1776"}],"wp:attachment":[{"href":"https:\/\/www.laprairiehotel.ch\/de\/wp-json\/wp\/v2\/media?parent=3894"}],"curies":[{"name":"wp","href":"https:\/\/api.w.org\/{rel}","templated":true}]}}