{"id":3904,"date":"2024-08-02T15:38:08","date_gmt":"2024-08-02T13:38:08","guid":{"rendered":"https:\/\/www.laprairiehotel.ch\/lhotel\/historique-de-lhotel-la-prairie\/"},"modified":"2026-02-15T17:05:25","modified_gmt":"2026-02-15T16:05:25","slug":"geschichte-des-hotel-la-prairie","status":"publish","type":"page","link":"https:\/\/www.laprairiehotel.ch\/de\/das-hotel\/geschichte-des-hotel-la-prairie\/","title":{"rendered":"Geschichte des H\u00f4tel La Prairie"},"content":{"rendered":"\n    <\/div>\n            <section class=\"content-section-img frame page-section \"  style=\"\">\n            <div class=\"container p-0-mob\">\n                <div class=\"row\">\n                    <div class=\"col-lg-5 offset-lg-0 col-md-8 offset-md-2 left-content\">\n                        <div class=\"content-section-img-zone\">\n                                                            <img decoding=\"async\" src=\"https:\/\/www.laprairiehotel.ch\/app\/uploads\/sites\/2\/2024\/08\/La-Prairie-livre_v1-010.jpg\" class=\"width-100\" height=\"auto\">\n                                                    <\/div>\n                    <\/div>\n                    <div class=\"col-lg-8 offset-lg-4 col-md-12 offset-md-0 right-content\">\n                        <div class=\"white-box parallax-el\" data-parallax-ratio=\"20\" data-parallax-speed=\"1\">\n                            <h2 data-start=\"115\" data-end=\"149\">Geschichte des H\u00f4tel La Prairie<\/h2>\n<p data-start=\"151\" data-end=\"441\">St\u00e4dte haben oft ein symboltr\u00e4chtiges Geb\u00e4ude. Eine Art Ikone. Eine Referenz, manchmal mehr sentimental als \u00e4sthetisch. Ein Ort, der mit bedeutenden Pers\u00f6nlichkeiten verbunden ist \u2013 oder selbst zu einer solchen geworden ist. Auch mit Ereignissen. Das H\u00f4tel La Prairie ist all dies zugleich.<\/p>\n<p data-start=\"443\" data-end=\"806\">Gewiss hat \u201eLa Prairie\u201c nicht immer einfache Zeiten erlebt, doch es konnte stets bestehen dank dem Willen, dem Engagement und vor allem der Leidenschaft dreier Pers\u00f6nlichkeiten: Otto Rohrer, Charles Decker und Jean-Claude Vagni\u00e8res. Drei Gesch\u00e4ftsleute ohne Hotelfachausbildung, die diesen Ort nacheinander liebten und ihn zu einem der Juwelen der Region machten.<\/p>\n<p data-start=\"808\" data-end=\"1076\">Im Laufe der Geschichte spielte die Thermalquelle von Yverdon eine wichtige Rolle in den touristischen und wirtschaftlichen Aktivit\u00e4ten dieser kleinen Provinzstadt auf dem Schweizer Plateau. Die Entwicklung von La Prairie ist eng mit jener des Thermalwesens verbunden.<\/p>\n                                                    <\/div>\n                    <\/div>\n                <\/div>\n            <\/div>\n        <\/section>\n        <div class=\"container\">\n    \n\n\n    <div class=\"wp-block panel-group accordions \"  style=\"\">\n                        <div class=\"accordion-item panel\">\n                    <div class=\"accordion-header panel-heading\">\n                        <div class=\"collapsed\">\n                            <h3>1840<\/h3>\n                        <\/div>\n                    <\/div>\n                    <div class=\"panel-collapse collapse\">\n                        <div class=\"panel-body\">\n                            <p data-start=\"1095\" data-end=\"1249\">Da sich nicht alle Kurg\u00e4ste einen Aufenthalt im Hotel leisten konnten, wurde 1840 in der N\u00e4he eine Pension, das erste Geb\u00e4ude der La Prairie \u2013 errichtet.<\/p>\n<p data-start=\"1251\" data-end=\"1403\">W\u00e4hrend dieser ganzen Zeit lebte die Pension Peytermann (La Prairie) im Rhythmus von Krisen und Wiederaufschw\u00fcngen, im Schatten oder im Glanz der B\u00e4der.<\/p>\n                        <\/div>\n                    <\/div>\n                <\/div>\n                        <div class=\"accordion-item panel\">\n                    <div class=\"accordion-header panel-heading\">\n                        <div class=\"collapsed\">\n                            <h3>1899<\/h3>\n                        <\/div>\n                    <\/div>\n                    <div class=\"panel-collapse collapse\">\n                        <div class=\"panel-body\">\n                            <p>La Prairie (Pension Peytermann) behielt diesen Status bis zur Ankunft eines besonders dynamischen neuen Eigent\u00fcmers, Otto Rohrer, der dem Ort neuen Glanz verleihen wollte. Er war der Erste, der das Potenzial des 62&#8217;000 m\u00b2 gro\u00dfen Parks erkannte, der das urspr\u00fcngliche Geb\u00e4ude umgibt.<\/p>\n                        <\/div>\n                    <\/div>\n                <\/div>\n                        <div class=\"accordion-item panel\">\n                    <div class=\"accordion-header panel-heading\">\n                        <div class=\"collapsed\">\n                            <h3>1903<\/h3>\n                        <\/div>\n                    <\/div>\n                    <div class=\"panel-collapse collapse\">\n                        <div class=\"panel-body\">\n                            <p>Entdeckung der Mineralquelle La Prairie, damals \u201eYverdoner Wasser\u201c genannt, die sp\u00e4ter den Namen Arkina erhielt.<\/p>\n                        <\/div>\n                    <\/div>\n                <\/div>\n                        <div class=\"accordion-item panel\">\n                    <div class=\"accordion-header panel-heading\">\n                        <div class=\"collapsed\">\n                            <h3>1905-1910<\/h3>\n                        <\/div>\n                    <\/div>\n                    <div class=\"panel-collapse collapse\">\n                        <div class=\"panel-body\">\n                            <p>Otto Rohrer verfolgte das Ziel, aus dieser Pension ein echtes Hotel zu machen. Zwischen 1905 und 1910 wurde es erweitert und richtete sich fortan an eine wohlhabendere Kundschaft.<\/p>\n                        <\/div>\n                    <\/div>\n                <\/div>\n                        <div class=\"accordion-item panel\">\n                    <div class=\"accordion-header panel-heading\">\n                        <div class=\"collapsed\">\n                            <h3>1914-1918<\/h3>\n                        <\/div>\n                    <\/div>\n                    <div class=\"panel-collapse collapse\">\n                        <div class=\"panel-body\">\n                            <p>Der Erste Weltkrieg (1914\u20131918) zerst\u00f6rte die europ\u00e4ische Wirtschaft, und auch das Thermalwesen wurde schwer getroffen. Das H\u00f4tel des Bains war von der Schlie\u00dfung bedroht.<\/p>\n                        <\/div>\n                    <\/div>\n                <\/div>\n                        <div class=\"accordion-item panel\">\n                    <div class=\"accordion-header panel-heading\">\n                        <div class=\"collapsed\">\n                            <h3>1921<\/h3>\n                        <\/div>\n                    <\/div>\n                    <div class=\"panel-collapse collapse\">\n                        <div class=\"panel-body\">\n                            <p>Puzant Masraff (homme d\u2019affaires arm\u00e9nien) acquiert la moiti\u00e9 de la propri\u00e9t\u00e9 de Otto Rohrer en 1921 et d\u00e9veloppe la source de La Prairie, renomm\u00e9e Arkina, nom d\u2019une source c\u00e9l\u00e8bre en Arm\u00e9nie.<\/p>\n                        <\/div>\n                    <\/div>\n                <\/div>\n                        <div class=\"accordion-item panel\">\n                    <div class=\"accordion-header panel-heading\">\n                        <div class=\"collapsed\">\n                            <h3>1932<\/h3>\n                        <\/div>\n                    <\/div>\n                    <div class=\"panel-collapse collapse\">\n                        <div class=\"panel-body\">\n                            <p data-start=\"2246\" data-end=\"2467\">Schlie\u00dfung des H\u00f4tel des Bains im Jahr 1932. La Prairie war nun das einzige Haus, das den Kurg\u00e4sten der B\u00e4der von Yverdon zur Verf\u00fcgung stand.<\/p>\n                        <\/div>\n                    <\/div>\n                <\/div>\n                        <div class=\"accordion-item panel\">\n                    <div class=\"accordion-header panel-heading\">\n                        <div class=\"collapsed\">\n                            <h3>1939-1945<\/h3>\n                        <\/div>\n                    <\/div>\n                    <div class=\"panel-collapse collapse\">\n                        <div class=\"panel-body\">\n                            <p data-start=\"2650\" data-end=\"2834\">W\u00e4hrend des gro\u00dfen weltweiten Konflikts, der Europa verw\u00fcstete, beherbergte das H\u00f4tel La Prairie nur wenige Touristen, daf\u00fcr jedoch zahlreiche Milit\u00e4rangeh\u00f6rige und sp\u00e4ter Fl\u00fcchtlinge.<\/p>\n<p data-start=\"2836\" data-end=\"2991\">Wenn La Prairie lange im Schatten der B\u00e4der stand, sollte sich dies nach dem Krieg \u00e4ndern. Nach Kriegsende befand sich das Haus in einem traurigen Zustand.<\/p>\n<p data-start=\"2993\" data-end=\"3145\">Trotz der Bem\u00fchungen der Nachfolger von Otto Rohrer gelang es seiner Familie nicht, die notwendigen Mittel f\u00fcr eine Renovierung des Hotels aufzubringen.<\/p>\n                        <\/div>\n                    <\/div>\n                <\/div>\n                        <div class=\"accordion-item panel\">\n                    <div class=\"accordion-header panel-heading\">\n                        <div class=\"collapsed\">\n                            <h3>1946<\/h3>\n                        <\/div>\n                    <\/div>\n                    <div class=\"panel-collapse collapse\">\n                        <div class=\"panel-body\">\n                            <p data-start=\"3163\" data-end=\"3444\">Unter diesen Umst\u00e4nden kaufte Charles Decker das Hotel im Jahr 1948. Es wurde zu dem Ort, \u00fcber den man sprach dem Ort, an dem man einkehrte, speiste und sich vergn\u00fcgte, dem Treffpunkt der besseren Gesellschaft von Yverdon, aber auch einem Ort, von dem niemand ausgeschlossen war.<\/p>\n<p data-start=\"3446\" data-end=\"3627\">Charles Decker stellte Andr\u00e9 und Eva Curchod ein. Andr\u00e9 in der K\u00fcche und seine Ehefrau Eva am Empfang, ein Paar, das untrennbar mit der l\u00e4ngsten Bl\u00fctezeit des Hotels verbunden ist.<\/p>\n                        <\/div>\n                    <\/div>\n                <\/div>\n                        <div class=\"accordion-item panel\">\n                    <div class=\"accordion-header panel-heading\">\n                        <div class=\"collapsed\">\n                            <h3>1974<\/h3>\n                        <\/div>\n                    <\/div>\n                    <div class=\"panel-collapse collapse\">\n                        <div class=\"panel-body\">\n                            <p data-start=\"3646\" data-end=\"3714\">Jean-Paul Curchod \u00fcbernahm den Betrieb der La Prairie bis Ende 1982.<\/p>\n<p data-start=\"3716\" data-end=\"3882\">Danach \u00fcbertrug Charles Decker (verstorben 2004), sp\u00e4ter seine Erbengemeinschaft, die Leitung mehreren aufeinanderfolgenden Betreibern \u2013 mit unterschiedlichem Erfolg.<\/p>\n                        <\/div>\n                    <\/div>\n                <\/div>\n                        <div class=\"accordion-item panel\">\n                    <div class=\"accordion-header panel-heading\">\n                        <div class=\"collapsed\">\n                            <h3>2014<\/h3>\n                        <\/div>\n                    <\/div>\n                    <div class=\"panel-collapse collapse\">\n                        <div class=\"panel-body\">\n                            <p data-start=\"3900\" data-end=\"4061\">Als sich der Himmel \u00fcber diesem Juwel der Hotellerie verdunkelte, \u00fcbernahm Jean-Claude Vagni\u00e8res 2014 den Betrieb des H\u00f4tel La Prairie und kaufte es Anfang 2015.<\/p>\n<p data-start=\"4063\" data-end=\"4288\">Er sorgte f\u00fcr einen reibungslosen \u00dcbergang mit dem bestehenden Personal, sch\u00e4rfte seine Strategie und bereitete umfangreiche Renovierungsarbeiten vor, um dieses historische Haus auf ein bislang unerreichtes Niveau zu bringen.<\/p>\n<p data-start=\"4290\" data-end=\"4374\">Man kann von einem regelrechten Wiederaufbau eines gro\u00dfen Teils des Hotels sprechen.<\/p>\n<p data-start=\"4376\" data-end=\"4530\">Heute beherbergt es klimatisierte Luxuszimmer mit gro\u00dfz\u00fcgigen Badezimmern, modern ausgestattete Seminarr\u00e4ume sowie helle \u00d6ffnungen mit Blick auf den Park.<\/p>\n                        <\/div>\n                    <\/div>\n                <\/div>\n                        <div class=\"accordion-item panel\">\n                    <div class=\"accordion-header panel-heading\">\n                        <div class=\"collapsed\">\n                            <h3>2024<\/h3>\n                        <\/div>\n                    <\/div>\n                    <div class=\"panel-collapse collapse\">\n                        <div class=\"panel-body\">\n                            <p>Im Mai 2024 schloss sich die Familie Michoud, bereits Eigent\u00fcmerin des H\u00f4tel du Th\u00e9\u00e2tre, mit dem Investor Marcus Weber zusammen, um das H\u00f4tel La Prairie in Yverdon-les-Bains zu \u00fcbernehmen. Getragen von einer famili\u00e4ren und lokalen Vision verspricht diese \u00dcbernahme neuen Schwung f\u00fcr dieses traditionsreiche Haus, das Tradition, Eleganz und Dynamik vereint.<\/p>\n                        <\/div>\n                    <\/div>\n                <\/div>\n            <\/div>\n\n\n\n\n    <div class=\"row gallery-row \"  style=\"\">\n        <div class=\"lightgallery\">\n                                                                        <div class=\"col-lg-4 col-md-6 col-sm-12 pointer video-box\" data-src=\"https:\/\/www.laprairiehotel.ch\/app\/uploads\/sites\/2\/2024\/08\/La-Prairie-livre_v1-010.jpg\" data-sub-html=\"\">\n                            <div>\n                                <a href=\"#\">\n                                    <img loading=\"lazy\" decoding=\"async\" src=\"https:\/\/www.laprairiehotel.ch\/app\/uploads\/sites\/2\/2024\/08\/La-Prairie-livre_v1-010-640x430.jpg\" class=\"width-100\" width=\"640\" height=\"430\" \/>\n                                <\/a>\n                            <\/div>\n                        <\/div>\n                                                                                                            <div class=\"col-lg-4 col-md-6 col-sm-12 pointer video-box\" data-src=\"https:\/\/www.laprairiehotel.ch\/app\/uploads\/sites\/2\/2025\/10\/lplp.jpeg\" data-sub-html=\"\">\n                            <div>\n                                <a href=\"#\">\n                                    <img loading=\"lazy\" decoding=\"async\" src=\"https:\/\/www.laprairiehotel.ch\/app\/uploads\/sites\/2\/2025\/10\/lplp-640x430.jpeg\" class=\"width-100\" width=\"640\" height=\"430\" \/>\n                                <\/a>\n                            <\/div>\n                        <\/div>\n                                                                                                            <div class=\"col-lg-4 col-md-6 col-sm-12 pointer video-box\" data-src=\"https:\/\/www.laprairiehotel.ch\/app\/uploads\/sites\/2\/2024\/08\/La-Prairie-livre_v1-008.jpg\" data-sub-html=\"\">\n                            <div>\n                                <a href=\"#\">\n                                    <img loading=\"lazy\" decoding=\"async\" src=\"https:\/\/www.laprairiehotel.ch\/app\/uploads\/sites\/2\/2024\/08\/La-Prairie-livre_v1-008-640x430.jpg\" class=\"width-100\" width=\"640\" height=\"430\" \/>\n                                <\/a>\n                            <\/div>\n                        <\/div>\n                                                        <\/div>\n    <\/div>\n\n","protected":false},"excerpt":{"rendered":"","protected":false},"author":1,"featured_media":1789,"parent":3890,"menu_order":74,"comment_status":"closed","ping_status":"closed","template":"","meta":{"_acf_changed":false,"footnotes":""},"class_list":["post-3904","page","type-page","status-publish","has-post-thumbnail","hentry"],"acf":[],"aioseo_notices":[],"_links":{"self":[{"href":"https:\/\/www.laprairiehotel.ch\/de\/wp-json\/wp\/v2\/pages\/3904","targetHints":{"allow":["GET"]}}],"collection":[{"href":"https:\/\/www.laprairiehotel.ch\/de\/wp-json\/wp\/v2\/pages"}],"about":[{"href":"https:\/\/www.laprairiehotel.ch\/de\/wp-json\/wp\/v2\/types\/page"}],"author":[{"embeddable":true,"href":"https:\/\/www.laprairiehotel.ch\/de\/wp-json\/wp\/v2\/users\/1"}],"replies":[{"embeddable":true,"href":"https:\/\/www.laprairiehotel.ch\/de\/wp-json\/wp\/v2\/comments?post=3904"}],"version-history":[{"count":1,"href":"https:\/\/www.laprairiehotel.ch\/de\/wp-json\/wp\/v2\/pages\/3904\/revisions"}],"predecessor-version":[{"id":3908,"href":"https:\/\/www.laprairiehotel.ch\/de\/wp-json\/wp\/v2\/pages\/3904\/revisions\/3908"}],"up":[{"embeddable":true,"href":"https:\/\/www.laprairiehotel.ch\/de\/wp-json\/wp\/v2\/pages\/3890"}],"wp:featuredmedia":[{"embeddable":true,"href":"https:\/\/www.laprairiehotel.ch\/de\/wp-json\/wp\/v2\/media\/1789"}],"wp:attachment":[{"href":"https:\/\/www.laprairiehotel.ch\/de\/wp-json\/wp\/v2\/media?parent=3904"}],"curies":[{"name":"wp","href":"https:\/\/api.w.org\/{rel}","templated":true}]}}