{"id":3914,"date":"2025-11-15T13:05:29","date_gmt":"2025-11-15T12:05:29","guid":{"rendered":"https:\/\/www.laprairiehotel.ch\/offres-partenaires\/"},"modified":"2026-02-15T17:35:08","modified_gmt":"2026-02-15T16:35:08","slug":"angebote-partner","status":"publish","type":"page","link":"https:\/\/www.laprairiehotel.ch\/de\/angebote-partner\/","title":{"rendered":"Angebote &amp; Partner"},"content":{"rendered":"\n<h2 class=\"wp-block-heading has-text-align-center\">Weil jede Entscheidung z\u00e4hlt, haben wir f\u00fcr Sie Angebote ausgew\u00e4hlt, bei denen Qualit\u00e4t auf Gelegenheit trifft.<\/h2>\n\n\n\n<p class=\"has-text-align-center\">Es liegt an Ihnen, sie zu entdecken.<\/p>\n\n\n\n    <section class=\"wp-block page-section text-carrousel panel-color frame  \"  style=\"\" data-color=\"gold\">\n\n                    <div class=\"text-carrousel-inner\">\n                <div class=\"row row-reverse-mob row-reverse-desktop-s \">\n                    <div class=\"col-xl-6 col-lg-10 content-area\">\n                        <div class=\"white-box scroll-box parallax-el\" data-parallax-ratio=\"10\" data-parallax-speed=\"0.6\" data-scroll-speed=\"7\">\n\n                                                            <span>Freude schenken<\/span>\n                                                                                        <h2>Geschenkgutscheine<\/h2>\n                                                                                        <h4 data-start=\"170\" data-end=\"226\">Schenken Sie einen au\u00dfergew\u00f6hnlichen Moment mit unseren Geschenkgutscheinen<\/h4>\n<p data-start=\"4382\" data-end=\"4604\">Auf der Suche nach dem perfekten Geschenk zum Jahresende?<br data-start=\"4439\" data-end=\"4442\" \/>Machen Sie Ihren Liebsten, Freunden oder Kollegen eine Freude und schenken Sie ihnen einen einzigartigen Moment im H\u00f4tel La Prairie und im Restaurant La Terrasse.<\/p>\n<p data-start=\"4606\" data-end=\"4758\">Unsere Geschenkgutscheine sind eine elegante und pers\u00f6nliche Art zu sagen: Danke, ich denke an dich \u2013 oder genie\u00dfe einfach einen Moment f\u00fcr dich selbst.<\/p>\n<h5 data-start=\"584\" data-end=\"619\">Unsere verschiedenen Geschenkgutscheine<\/h5>\n<ul data-start=\"620\" data-end=\"961\">\n<li data-start=\"620\" data-end=\"719\">\n<p data-start=\"4807\" data-end=\"4892\"><strong data-start=\"4807\" data-end=\"4828\">Brunch-Gutschein:<\/strong> ideal f\u00fcr einen genussvollen Moment in geselliger Atmosph\u00e4re.<\/p>\n<\/li>\n<li data-start=\"620\" data-end=\"719\">\n<p data-start=\"4807\" data-end=\"4892\"><strong data-start=\"4894\" data-end=\"4913\">Wertgutscheine:<\/strong> g\u00fcltig im Hotel oder Restaurant, mit voller Freiheit zur Wahl eines ma\u00dfgeschneiderten Erlebnisses.<\/p>\n<\/li>\n<li data-start=\"620\" data-end=\"719\">\n<p data-start=\"4807\" data-end=\"4892\"><strong data-start=\"5016\" data-end=\"5039\">Weitere Erlebnisse:<\/strong> Gourmetmen\u00fc, St\u00e4dtereise, \u00dcbernachtung \u2026 ideal, um zu \u00fcberraschen und Freude zu bereiten.<\/p>\n<\/li>\n<\/ul>\n                                                                                        <a class=\"link\" href=\"mailto:contact@laprairiehotel.ch\" target=\"_self\">Geschenkgutschein anfragen<\/a>\n                                                                                <\/div>\n                    <\/div>\n                                            <div class=\"col-xl-8 offset-xl-4 col-lg-10 offset-lg-2 p-0-mob img-area\">\n                                                        <div class=\"section-single-img\">\n                                                                    <div class=\"image\">\n                                        <img decoding=\"async\" src=\"https:\/\/www.laprairiehotel.ch\/app\/uploads\/sites\/2\/2025\/11\/EventLPfin2025-1-950x640.jpg\" alt=\"\" class=\"width-100\" \/>\n                                    <\/div>\n                                                            <\/div>\n                        <\/div>\n                    \n                <\/div>\n            <\/div>\n            <\/section>\n\n\n\n    <section class=\"wp-block page-section text-carrousel panel-color frame  \"  style=\"\" data-color=\"gold\">\n\n                    <div class=\"text-carrousel-inner\">\n                <div class=\"row row-reverse-mob row-reverse-desktop-s row-reverse\">\n                    <div class=\"col-xl-6 offset-xl-6 col-lg-10 offset-lg-2 content-area\">\n                        <div class=\"white-box scroll-box parallax-el\" data-parallax-ratio=\"10\" data-parallax-speed=\"0.6\" data-scroll-speed=\"7\">\n\n                                                            <span>Begegnungen &amp; Genuss<\/span>\n                                                                                        <h2>Monatlicher Brunch<\/h2>\n                                                                                        <p data-start=\"5542\" data-end=\"5703\">Jeden letzten Sonntag im Monat ab 11:30 Uhr wird unser Brunch zum Fest f\u00fcr die Sinne: ein genussvoller und geselliger Moment zum Probieren, Entdecken und Teilen.<\/p>\n<p data-start=\"5705\" data-end=\"6050\">Lassen Sie sich vom Live-Cooking begeistern, schlendern Sie zwischen kalten und warmen Buffets mit saisonalen Aromen und geben Sie der Versuchung eines raffinierten Dessertbuffets nach. Jede Ausgabe w\u00fcrdigt einen regionalen Winzer oder ein saisonales Thema, mit einer kostenlosen Weinverkostung in Anwesenheit des leidenschaftlichen Produzenten.<\/p>\n<p data-start=\"6052\" data-end=\"6159\">CHF 70.\u2013 pro Person (Getr\u00e4nke nicht inbegriffen). Kinder: gratis bis 3 Jahre, CHF 30.\u2013 von 4 bis 11 Jahren.<\/p>\n<p data-start=\"6161\" data-end=\"6193\">Reservierung :\u00a0<a href=\"tel:0041244233131\">+41 24 423 31 31<\/a><\/p>\n                                                                                        <a class=\"link\" href=\"https:\/\/www.laprairiehotel.ch\/de\/kulinarik\/#brunch\" target=\"_self\">Unser Brunch des Monats<\/a>\n                                                                                <\/div>\n                    <\/div>\n                                            <div class=\"col-xl-8 col-lg-10 p-0-mob img-area\">\n                                                        <div class=\"section-single-img\">\n                                                                    <div class=\"image\">\n                                        <img decoding=\"async\" src=\"https:\/\/www.laprairiehotel.ch\/app\/uploads\/sites\/2\/2025\/11\/20250223_102549272_iOS-950x640.jpg\" alt=\"\" class=\"width-100\" \/>\n                                    <\/div>\n                                                            <\/div>\n                        <\/div>\n                    \n                <\/div>\n            <\/div>\n            <\/section>\n\n\n\n    <section class=\"wp-block page-section text-carrousel panel-color frame  \"  style=\"\" data-color=\"gold\">\n\n                    <div class=\"text-carrousel-inner\">\n                <div class=\"row row-reverse-mob row-reverse-desktop-s \">\n                    <div class=\"col-xl-6 col-lg-10 content-area\">\n                        <div class=\"white-box scroll-box parallax-el\" data-parallax-ratio=\"10\" data-parallax-speed=\"0.6\" data-scroll-speed=\"7\">\n\n                                                            <span>Genuss im Herzen Ihres Aufenthalts<\/span>\n                                                                                        <h2>Halbpension<\/h2>\n                                                                                        <p data-start=\"6313\" data-end=\"6560\">F\u00fcr unsere G\u00e4ste im H\u00f4tel La Prairie bieten wir Halbpension zum Preis von CHF 49 pro Person an. Genie\u00dfen Sie ein 3-G\u00e4nge-Men\u00fc nach Wahl, das Raffinesse und authentische Aromen vereint, sorgf\u00e4ltig zubereitet in einem warmen und geselligen Ambiente.<\/p>\n<p data-start=\"6562\" data-end=\"6728\">Stellen Sie Ihr Gep\u00e4ck ab und denken Sie an nichts mehr \u2013 lassen Sie sich von einem kulinarischen Erlebnis begleiten, das Entspannung und Genuss harmonisch verbindet.<\/p>\n<p data-start=\"6730\" data-end=\"6775\">Reservierung empfohlen an der Hotelrezeption.<\/p>\n                                                                                        <a class=\"link\" href=\"https:\/\/www.laprairiehotel.ch\/de\/kulinarik\/\" target=\"_self\">Restaurant entdecken<\/a>\n                                                                                <\/div>\n                    <\/div>\n                                            <div class=\"col-xl-8 offset-xl-4 col-lg-10 offset-lg-2 p-0-mob img-area\">\n                                                        <div class=\"section-single-img\">\n                                                                    <div class=\"image\">\n                                        <img decoding=\"async\" src=\"https:\/\/www.laprairiehotel.ch\/app\/uploads\/sites\/2\/2025\/11\/20251008_113423761_iOS-950x640.jpg\" alt=\"\" class=\"width-100\" \/>\n                                    <\/div>\n                                                            <\/div>\n                        <\/div>\n                    \n                <\/div>\n            <\/div>\n            <\/section>\n\n\n\n    <section class=\"wp-block page-section text-carrousel panel-color frame  \"  style=\"\" data-color=\"gold\">\n\n                    <div class=\"text-carrousel-inner\">\n                <div class=\"row row-reverse-mob row-reverse-desktop-s \">\n                    <div class=\"col-xl-6 col-lg-10 content-area\">\n                        <div class=\"white-box scroll-box parallax-el\" data-parallax-ratio=\"10\" data-parallax-speed=\"0.6\" data-scroll-speed=\"7\">\n\n                                                            <span>Im Herzen der Natur<\/span>\n                                                                                        <h2>Exklusive Tarife im Golf de Vuissens<\/h2>\n                                                                                        <p data-start=\"6889\" data-end=\"7202\">Nur 25 Minuten vom H\u00f4tel La Prairie entfernt empf\u00e4ngt Sie der Golf Club de Vuissens auf einem 18-Loch-Platz in einer waldreichen Umgebung zwischen Waadt und Freiburg. Geeignet f\u00fcr Anf\u00e4nger wie auch erfahrene Spieler bietet dieser technische und h\u00fcgelige Platz eine abwechslungsreiche und anspruchsvolle Erfahrung.<\/p>\n<p data-start=\"7204\" data-end=\"7266\">Genie\u00dfen Sie das Clubhaus mit Restaurant und Panoramaterrasse.<\/p>\n<p data-start=\"7268\" data-end=\"7460\">Exklusiver Vorteil: Unsere G\u00e4ste profitieren von Vorzugstarifen auf die Greenfees. Reservieren Sie Ihre Startzeit an der Rezeption und genie\u00dfen Sie Ihren Aufenthalt in Yverdon in vollen Z\u00fcgen.<\/p>\n                                                                                        <a class=\"link\" href=\"https:\/\/www.golfvuissens.ch\/\" target=\"_self\">Golf entdecken<\/a>\n                                                                                <\/div>\n                    <\/div>\n                                            <div class=\"col-xl-8 offset-xl-4 col-lg-10 offset-lg-2 p-0-mob img-area\">\n                                                        <div class=\"section-slider\">\n                                                                    <div class=\"image\">\n                                        <img decoding=\"async\" src=\"https:\/\/www.laprairiehotel.ch\/app\/uploads\/sites\/2\/2025\/11\/F4E3FCFD-2BA0-4B44-AF79-B405DECE9230_1_105_c-950x640.jpeg\" alt=\"\" class=\"width-100\" \/>\n                                    <\/div>\n                                                                    <div class=\"image\">\n                                        <img decoding=\"async\" src=\"https:\/\/www.laprairiehotel.ch\/app\/uploads\/sites\/2\/2025\/11\/CFE4A0EA-B1B8-4A0B-B3DA-D4087FF964E1_1_102_a-950x640.jpeg\" alt=\"\" class=\"width-100\" \/>\n                                    <\/div>\n                                                                    <div class=\"image\">\n                                        <img decoding=\"async\" src=\"https:\/\/www.laprairiehotel.ch\/app\/uploads\/sites\/2\/2025\/11\/1673C6E4-4986-47AB-9AB3-32C7901A1979_1_102_a-950x640.jpeg\" alt=\"\" class=\"width-100\" \/>\n                                    <\/div>\n                                                            <\/div>\n                        <\/div>\n                    \n                <\/div>\n            <\/div>\n            <\/section>\n\n\n\n    <section class=\"wp-block page-section text-carrousel panel-color frame  \"  style=\"\" data-color=\"gold\">\n\n                    <div class=\"text-carrousel-inner\">\n                <div class=\"row row-reverse-mob row-reverse-desktop-s \">\n                    <div class=\"col-xl-6 col-lg-10 content-area\">\n                        <div class=\"white-box scroll-box parallax-el\" data-parallax-ratio=\"10\" data-parallax-speed=\"0.6\" data-scroll-speed=\"7\">\n\n                                                            <span>Velo-Partner<\/span>\n                                                                                        <h2>Entdecken Sie die Region mit dem Fahrrad \u2013 mit Bikeslab<\/h2>\n                                                                                        <p data-start=\"7591\" data-end=\"7862\">Genie\u00dfen Sie Ihren Aufenthalt in Yverdon und erkunden Sie die Region mit dem Fahrrad dank unseres Partners Bikeslab. Nur wenige Gehminuten vom Hotel entfernt bietet Bikeslab die Vermietung aller Arten von Fahrr\u00e4dern: Citybikes, Mountainbikes, E-Bikes und Kinderfahrr\u00e4der.<\/p>\n<p data-start=\"7864\" data-end=\"8113\">F\u00fcr noch mehr Komfort k\u00f6nnen Sie sich Ihre Fahrr\u00e4der direkt ins Hotel liefern lassen. Ob eine Fahrt am See entlang, ein Ausflug in die Waadtl\u00e4nder Landschaft oder eine sportliche Tour, Sie finden das ideale Fahrrad f\u00fcr ein unvergessliches Erlebnis.<\/p>\n                                                                                        <a class=\"link\" href=\"https:\/\/www.bikeslab.ch\/\" target=\"_blank\">Angebot entdecken<\/a>\n                                                                                <\/div>\n                    <\/div>\n                                            <div class=\"col-xl-8 offset-xl-4 col-lg-10 offset-lg-2 p-0-mob img-area\">\n                                                        <div class=\"section-single-img\">\n                                                                    <div class=\"image\">\n                                        <img decoding=\"async\" src=\"https:\/\/www.laprairiehotel.ch\/app\/uploads\/sites\/2\/2024\/08\/velobikes.png\" alt=\"\" class=\"width-100\" \/>\n                                    <\/div>\n                                                            <\/div>\n                        <\/div>\n                    \n                <\/div>\n            <\/div>\n            <\/section>\n\n\n\n<h2 class=\"wp-block-heading has-text-align-center\"><strong>Warten Sie nicht l\u00e4nger<\/strong><\/h2>\n\n\n\n<p class=\"has-text-align-center\">Komfort, exklusive Vorteile und die Gewissheit eines unvergesslichen Aufenthalts im H\u00f4tel La Prairie.<\/p>\n\n\n\n<div class=\"wp-block-buttons is-content-justification-center is-layout-flex wp-container-core-buttons-is-layout-16018d1d wp-block-buttons-is-layout-flex\">\n<div class=\"wp-block-button\"><a class=\"wp-block-button__link wp-element-button\" href=\"https:\/\/app.mews.com\/distributor\/8f77ef0e-e29e-41d5-bd17-b25000a07bc1\">Buchen<\/a><\/div>\n<\/div>\n\n\n\n<p><\/p>\n","protected":false},"excerpt":{"rendered":"<p>Weil jede Entscheidung z\u00e4hlt, haben wir f\u00fcr Sie Angebote ausgew\u00e4hlt, bei denen Qualit\u00e4t auf Gelegenheit trifft. Es liegt an Ihnen, sie zu entdecken. Warten Sie nicht l\u00e4nger Komfort, exklusive Vorteile und die Gewissheit eines unvergesslichen Aufenthalts im H\u00f4tel La Prairie.<\/p>\n","protected":false},"author":9,"featured_media":3173,"parent":0,"menu_order":82,"comment_status":"closed","ping_status":"closed","template":"","meta":{"_acf_changed":false,"footnotes":""},"class_list":["post-3914","page","type-page","status-publish","has-post-thumbnail","hentry"],"acf":[],"aioseo_notices":[],"_links":{"self":[{"href":"https:\/\/www.laprairiehotel.ch\/de\/wp-json\/wp\/v2\/pages\/3914","targetHints":{"allow":["GET"]}}],"collection":[{"href":"https:\/\/www.laprairiehotel.ch\/de\/wp-json\/wp\/v2\/pages"}],"about":[{"href":"https:\/\/www.laprairiehotel.ch\/de\/wp-json\/wp\/v2\/types\/page"}],"author":[{"embeddable":true,"href":"https:\/\/www.laprairiehotel.ch\/de\/wp-json\/wp\/v2\/users\/9"}],"replies":[{"embeddable":true,"href":"https:\/\/www.laprairiehotel.ch\/de\/wp-json\/wp\/v2\/comments?post=3914"}],"version-history":[{"count":3,"href":"https:\/\/www.laprairiehotel.ch\/de\/wp-json\/wp\/v2\/pages\/3914\/revisions"}],"predecessor-version":[{"id":4104,"href":"https:\/\/www.laprairiehotel.ch\/de\/wp-json\/wp\/v2\/pages\/3914\/revisions\/4104"}],"wp:featuredmedia":[{"embeddable":true,"href":"https:\/\/www.laprairiehotel.ch\/de\/wp-json\/wp\/v2\/media\/3173"}],"wp:attachment":[{"href":"https:\/\/www.laprairiehotel.ch\/de\/wp-json\/wp\/v2\/media?parent=3914"}],"curies":[{"name":"wp","href":"https:\/\/api.w.org\/{rel}","templated":true}]}}