{"id":3923,"date":"2025-10-19T20:19:48","date_gmt":"2025-10-19T18:19:48","guid":{"rendered":"https:\/\/www.laprairiehotel.ch\/offres-partenaires\/agenda\/"},"modified":"2026-02-15T17:44:34","modified_gmt":"2026-02-15T16:44:34","slug":"veranstaltungskalender","status":"publish","type":"page","link":"https:\/\/www.laprairiehotel.ch\/de\/angebote-partner\/veranstaltungskalender\/","title":{"rendered":"Veranstaltungskalender"},"content":{"rendered":"\n\n    <section class=\"wp-block tile-list page-section \"  style=\"\">\n        <div class=\"row\">\n                            <div class=\"room-item col-lg-6 col-md-12\">\n                                            <div class=\"row\">\n                            <div class=\"col-10 img-zone\">\n                                                                <div class=\"single-item\">\n                                                                            <div><img decoding=\"async\" src=\"https:\/\/www.laprairiehotel.ch\/app\/uploads\/sites\/2\/2025\/11\/20251008_113423761_iOS-780x530.jpg\" class=\"width-100\" \/><\/div>\n                                                                    <\/div>\n                            <\/div>\n                            <div class=\"col-2 room-nav\">\n                                                            <\/div>\n                        <\/div>\n                                        <div class=\"row\">\n                        <div class=\"col-md-10 offset-md-2\">\n                            <div class=\"white-box \">\n                                                                                                    <h2 data-start=\"2028\" data-end=\"2047\">Business-Men\u00fc<\/h2>\n<p data-start=\"2049\" data-end=\"2305\">Jeden Mittag treffen Schnelligkeit und Raffinesse aufeinander.<br data-start=\"2111\" data-end=\"2114\" \/>Entdecken Sie unser Business-Men\u00fc, eine genussvolle und ausgewogene Formel, ideal f\u00fcr Ihre gesch\u00e4ftlichen Mittagspausen.<br data-start=\"2235\" data-end=\"2238\" \/>Wochentags, nur mittags verf\u00fcgbar, perfekt zwischen zwei Terminen!<\/p>\n                                                                                                    <a class=\"link\" href=\"https:\/\/www.laprairiehotel.ch\/restaurants\/\" target=\"_self\">Men\u00fc ansehen<\/a>\n                                                            <\/div>\n                        <\/div>\n                    <\/div>\n                <\/div>\n                            <div class=\"room-item col-lg-6 col-md-12\">\n                                            <div class=\"row\">\n                            <div class=\"col-10 img-zone\">\n                                                                <div class=\"single-item\">\n                                                                            <div><img decoding=\"async\" src=\"https:\/\/www.laprairiehotel.ch\/app\/uploads\/sites\/2\/2025\/11\/20251026_102516229_iOS-780x530.jpg\" class=\"width-100\" \/><\/div>\n                                                                    <\/div>\n                            <\/div>\n                            <div class=\"col-2 room-nav\">\n                                                            <\/div>\n                        <\/div>\n                                        <div class=\"row\">\n                        <div class=\"col-md-10 offset-md-2\">\n                            <div class=\"white-box \">\n                                                                                                    <h2 data-start=\"60\" data-end=\"99\">Brunch am Sonntag, 22. Februar 2026<\/h2>\n<p data-start=\"101\" data-end=\"142\"><strong data-start=\"101\" data-end=\"142\">Das genussvolle Highlight des Monats:<\/strong><\/p>\n<p data-start=\"144\" data-end=\"294\">Live-Cooking, frisch vor Ihren Augen zubereitet<br data-start=\"191\" data-end=\"194\" \/>Gro\u00dfe kalte und warme Buffets<br data-start=\"223\" data-end=\"226\" \/>Dessertbuffet<br data-start=\"239\" data-end=\"242\" \/>Weinverkostung und Pr\u00e4sentation durch einen Winzer<\/p>\n<p data-start=\"296\" data-end=\"328\">Reservierung :<span style=\"font-size: 16px\">\u00a0<\/span><a style=\"font-size: 16px\" href=\"tel:0041244233131\">+41 24 423 31 31<\/a><\/p>\n                                                                                            <\/div>\n                        <\/div>\n                    <\/div>\n                <\/div>\n                    <\/div>\n    <\/section>\n\n\n\n<p><\/p>\n","protected":false},"excerpt":{"rendered":"","protected":false},"author":11,"featured_media":876,"parent":3914,"menu_order":83,"comment_status":"closed","ping_status":"closed","template":"","meta":{"_acf_changed":false,"footnotes":""},"class_list":["post-3923","page","type-page","status-publish","has-post-thumbnail","hentry"],"acf":[],"aioseo_notices":[],"_links":{"self":[{"href":"https:\/\/www.laprairiehotel.ch\/de\/wp-json\/wp\/v2\/pages\/3923","targetHints":{"allow":["GET"]}}],"collection":[{"href":"https:\/\/www.laprairiehotel.ch\/de\/wp-json\/wp\/v2\/pages"}],"about":[{"href":"https:\/\/www.laprairiehotel.ch\/de\/wp-json\/wp\/v2\/types\/page"}],"author":[{"embeddable":true,"href":"https:\/\/www.laprairiehotel.ch\/de\/wp-json\/wp\/v2\/users\/11"}],"replies":[{"embeddable":true,"href":"https:\/\/www.laprairiehotel.ch\/de\/wp-json\/wp\/v2\/comments?post=3923"}],"version-history":[{"count":3,"href":"https:\/\/www.laprairiehotel.ch\/de\/wp-json\/wp\/v2\/pages\/3923\/revisions"}],"predecessor-version":[{"id":4110,"href":"https:\/\/www.laprairiehotel.ch\/de\/wp-json\/wp\/v2\/pages\/3923\/revisions\/4110"}],"up":[{"embeddable":true,"href":"https:\/\/www.laprairiehotel.ch\/de\/wp-json\/wp\/v2\/pages\/3914"}],"wp:featuredmedia":[{"embeddable":true,"href":"https:\/\/www.laprairiehotel.ch\/de\/wp-json\/wp\/v2\/media\/876"}],"wp:attachment":[{"href":"https:\/\/www.laprairiehotel.ch\/de\/wp-json\/wp\/v2\/media?parent=3923"}],"curies":[{"name":"wp","href":"https:\/\/api.w.org\/{rel}","templated":true}]}}