{"id":3943,"date":"2024-08-02T16:35:48","date_gmt":"2024-08-02T14:35:48","guid":{"rendered":"https:\/\/www.laprairiehotel.ch\/politique-de-confidentatite\/"},"modified":"2026-02-13T15:37:55","modified_gmt":"2026-02-13T14:37:55","slug":"politique-de-confidentatite","status":"publish","type":"page","link":"https:\/\/www.laprairiehotel.ch\/de\/politique-de-confidentatite\/","title":{"rendered":"Datenschutzerkl\u00e4rung"},"content":{"rendered":"\n<p>Diese Datenschutzerkl\u00e4rung beschreibt die Methoden der Erhebung, Speicherung und Nutzung von Informationen \u00fcber Besucher der Website <a href=\"http:\/\/www.laprairiehotel.ch\">www.laprairiehotel.ch<\/a>. DURCH DIE NUTZUNG DIESER WEBSITE ERKL\u00c4REN SIE SICH MIT DER ERHEBUNG UND VERWENDUNG VON DATEN GEM\u00c4SS DIESER DATENSCHUTZERKL\u00c4RUNG EINVERSTANDEN. SIE STIMMEN ZUDEM ZU, DASS JCV NOUVELLE PRAIRIE SARL DEN INHALT DIESES DOKUMENTS REGELM\u00c4SSIG UND NACH EIGENEM ERMESSEN OHNE VORHERIGE ANK\u00dcNDIGUNG \u00c4NDERN, ERG\u00c4NZEN, L\u00d6SCHEN ODER AKTUALISIEREN KANN. Wir verarbeiten Ihre personenbezogenen Daten stets gem\u00e4\u00df der zum Zeitpunkt der Erhebung geltenden Datenschutzerkl\u00e4rung. Unser Ziel ist es, Sie auf dieser Seite regelm\u00e4\u00dfig \u00fcber etwaige \u00c4nderungen dieser Richtlinie zu informieren, damit Sie jederzeit vollst\u00e4ndig dar\u00fcber informiert sind, welche Kategorien von Informationen wir erheben, wie wir sie verwenden und unter welchen Umst\u00e4nden sie offengelegt werden k\u00f6nnen. Unsere Datenschutzerkl\u00e4rung ist auf unserer Startseite abrufbar und au\u00dferdem auf jeder Seite zug\u00e4nglich, auf der personenbezogene Daten abgefragt werden. Gegebenenfalls informieren zus\u00e4tzliche Hinweise \u00fcber den jeweiligen Verwendungszweck der Daten.<\/p>\n\n\n\n<h2 class=\"wp-block-heading\">1. Verpflichtung zum Datenschutz<\/h2>\n\n\n\n<p>Der Begriff \u201epersonenbezogene Daten\u201c bezeichnet im Sinne dieser Datenschutzerkl\u00e4rung Informationen, die Sie identifizieren k\u00f6nnen, wie beispielsweise Ihren Namen, Ihr Geburtsdatum, Ihre E-Mail-Adresse oder Ihre Telefonnummer. Grunds\u00e4tzlich verarbeiten wir Ihre personenbezogenen Daten streng nach dem in dieser Richtlinie beschriebenen Verfahren. Wir behalten uns jedoch das Recht vor, davon abzuweichen, sofern wir gesetzlich dazu berechtigt oder verpflichtet sind oder im Rahmen einer gerichtlichen oder strafrechtlichen Untersuchung.Die folgenden Abschnitte erl\u00e4utern, wie Ihre personenbezogenen Daten erhoben werden.<\/p>\n\n\n\n<h2 class=\"wp-block-heading\">2. Verwendung personenbezogener Daten<\/h2>\n\n\n\n<p>Die meisten unserer Dienstleistungen erfordern keine Registrierung, sodass Sie unsere Website besuchen k\u00f6nnen, ohne sich identifizieren zu m\u00fcssen. Bestimmte Dienstleistungen k\u00f6nnen jedoch die Angabe personenbezogener Daten erfordern. Wenn Sie sich entscheiden, diese nicht bereitzustellen, k\u00f6nnen Sie m\u00f6glicherweise bestimmte Bereiche der Website nicht nutzen, und wir sind gegebenenfalls nicht in der Lage, Ihre Anfrage zu bearbeiten.<\/p>\n\n\n\n<p>Die Erhebung und Nutzung personenbezogener Daten erm\u00f6glicht es uns, Ihnen Produkte oder Dienstleistungen bereitzustellen, die von Ihnen angeforderten Produkte und Dienstleistungen in Rechnung zu stellen, Produkte und Dienstleistungen zu bewerben, die f\u00fcr Sie von Interesse sein k\u00f6nnten, oder mit Ihnen zu anderen offensichtlichen Zwecken zu kommunizieren, die sich aus den Umst\u00e4nden ergeben oder Ihnen bei der Datenerhebung erl\u00e4utert werden.<\/p>\n\n\n\n<h2 class=\"wp-block-heading\">3. Nichtweitergabe personenbezogener Daten<\/h2>\n\n\n\n<p>Ihre personenbezogenen Daten werden niemals verkauft, weitergegeben oder Dritten offengelegt, au\u00dfer in den in dieser Richtlinie vorgesehenen F\u00e4llen. Ihre personenbezogenen Daten k\u00f6nnen Dritten offengelegt werden, die in unserem Auftrag zu einem bestimmten Zweck handeln, entsprechend den Zwecken, f\u00fcr die sie urspr\u00fcnglich erhoben wurden; sie k\u00f6nnen stets im rechtlichen Rahmen im Zusammenhang mit T\u00e4tigkeiten wie der Erbringung von Dienstleistungen, der Bewertung der Nutzung dieser Website, Marketing, Datenverwaltung oder technischem Support verarbeitet werden. Diese Dritten haben sich vertraglich verpflichtet, Ihre personenbezogenen Daten ausschlie\u00dflich zu den vereinbarten Zwecken zu verwenden, sie nicht an Dritte zu verkaufen und sie nicht weiterzugeben, es sei denn, dies ist gesetzlich vorgeschrieben, ausdr\u00fccklich von uns genehmigt oder in dieser Richtlinie vorgesehen.<\/p>\n\n\n\n<p>Personenbezogene Daten k\u00f6nnen au\u00dferdem im Falle des Verkaufs, der Abtretung oder \u00dcbertragung \u2013 auch teilweise \u2013 der Aktivit\u00e4ten dieser Website und der damit verbundenen Kundendaten an Dritte \u00fcbertragen werden. In diesem Fall verlangen wir vom Erwerber oder Rechtsnachfolger, die personenbezogenen Daten gem\u00e4\u00df dieser Datenschutzerkl\u00e4rung zu verarbeiten. Dar\u00fcber hinaus k\u00f6nnen personenbezogene Daten an Dritte weitergegeben werden, wenn wir gesetzlich, durch Gerichtsbeschluss oder beh\u00f6rdliche Anordnung dazu verpflichtet sind oder wenn die Offenlegung im Rahmen einer gerichtlichen oder strafrechtlichen Untersuchung im In- oder Ausland erforderlich ist.<\/p>\n\n\n\n<h2 class=\"wp-block-heading\">4. Recht auf Auskunft, Berichtigung und Widerspruch<\/h2>\n\n\n\n<p>Bei der Verarbeitung personenbezogener Daten treffen wir angemessene Ma\u00dfnahmen, um sicherzustellen, dass diese korrekt und f\u00fcr die Zwecke, f\u00fcr die sie erhoben wurden, relevant sind. Sie haben das Recht, der Verarbeitung Ihrer personenbezogenen Daten zu widersprechen, sofern diese nicht f\u00fcr einen legitimen Gesch\u00e4ftszweck gem\u00e4\u00df dieser Richtlinie oder zur Einhaltung gesetzlicher Verpflichtungen erforderlich ist. Im Falle von elektronischem Direktmarketing k\u00f6nnen Sie den Erhalt von Werbung ablehnen oder \u2013 sofern gesetzlich vorgeschrieben \u2013 die Art des Erhalts w\u00e4hlen. Um uns bez\u00fcglich der Nutzung Ihrer personenbezogenen Daten zu kontaktieren oder der Verarbeitung zu widersprechen, senden Sie bitte eine E-Mail an <a>contact@laprairiehotel.ch<\/a>. Bitte geben Sie den Namen der Website an, auf der Sie Ihre Daten \u00fcbermittelt haben, spezifizieren Sie die Informationen, die wir berichtigen, aktualisieren oder l\u00f6schen sollen, und identifizieren Sie sich. Antr\u00e4ge auf L\u00f6schung personenbezogener Daten unterliegen etwaigen gesetzlichen oder ethischen Verpflichtungen zur Aufbewahrung oder Archivierung.<\/p>\n\n\n\n<h2 class=\"wp-block-heading\">5. Sicherheit und Vertraulichkeit<\/h2>\n\n\n\n<p>Um die Sicherheit und Vertraulichkeit der online erhobenen personenbezogenen Daten zu gew\u00e4hrleisten, verwenden wir Datennetzwerke, die unter anderem durch Firewalls und Passw\u00f6rter nach branchen\u00fcblichen Standards gesch\u00fctzt sind. Bei der Verarbeitung Ihrer personenbezogenen Daten treffen wir geeignete Ma\u00dfnahmen, um diese vor Verlust, Missbrauch, unbefugtem Zugriff, Offenlegung, \u00c4nderung und L\u00f6schung zu sch\u00fctzen.<\/p>\n\n\n\n<h2 class=\"wp-block-heading\">6. \u201eCookies\u201c und Web-Beacons<\/h2>\n\n\n\n<p>Wir k\u00f6nnen Informationen \u00fcber Ihren Besuch auf dieser Website erheben und verarbeiten, wie etwa die von Ihnen besuchten Seiten, die Website, von der aus Sie auf unsere Seite gelangt sind, sowie bestimmte Suchvorg\u00e4nge. Diese Informationen nutzen wir zur Verbesserung der Inhalte dieser Website und zur Erstellung zusammengefasster Statistiken f\u00fcr interne Marketinganalysen. Zu diesem Zweck k\u00f6nnen \u201eCookies\u201c eingesetzt werden, die den Domainnamen des Nutzers, den Internetanbieter, das Betriebssystem sowie Datum und Uhrzeit des Zugriffs erfassen. Ein \u201eCookie\u201c ist eine kleine Informationseinheit, die an Ihren Browser gesendet und auf der Festplatte Ihres Computers gespeichert wird. Cookies sind f\u00fcr Ihren Computer ungef\u00e4hrlich. Sie k\u00f6nnen Ihren Browser so einstellen, dass Sie \u00fcber den Empfang eines Cookies informiert werden und entscheiden k\u00f6nnen, ob Sie es akzeptieren. Wenn Sie nicht m\u00f6chten, dass wir Cookies installieren, senden Sie bitte eine E-Mail an <a>contact@laprairiehotel.ch<\/a>. Bitte beachten Sie jedoch, dass Sie bei Ablehnung von Cookies m\u00f6glicherweise nicht alle Funktionen der Website nutzen k\u00f6nnen. Wir k\u00f6nnen Dritte mit der Erhebung und Verarbeitung der in diesem Abschnitt beschriebenen Informationen beauftragen.<\/p>\n\n\n\n<p>Wir k\u00f6nnen gelegentlich Web-Beacons (auch Tracking-Pixel oder unsichtbare GIFs genannt) sowie Cookies einsetzen und diese \u00fcber einen Drittanbieter f\u00fcr Werbung oder Web-Analyse platzieren, der sich im Ausland befinden und diese Informationen (einschlie\u00dflich Ihrer IP-Adresse) speichern kann. Diese Technologien werden in Online-Werbeanzeigen und auf verschiedenen Seiten dieser Website eingesetzt. Wir nutzen diese Technologie, um die Besucherzahlen und die Wirksamkeit unserer Werbekampagnen zu messen sowie die Nutzung der Website zu analysieren. Drittanbieter k\u00f6nnen dadurch Daten \u00fcber Besucher unserer Website und anderer Websites sammeln, Berichte \u00fcber Website-Aktivit\u00e4ten erstellen und weitere Dienstleistungen im Zusammenhang mit der Internetnutzung erbringen. Diese Partner k\u00f6nnen Informationen an Dritte weitergeben, sofern dies gesetzlich vorgeschrieben ist oder sie Dritte mit der Datenverarbeitung beauftragen. Weitere Informationen zu Web-Beacons oder Cookies in der Online-Werbung oder zur Deaktivierung der Datenerhebung durch Dritte finden Sie unter <a href=\"http:\/\/www.networkadvertising.org\">http:\/\/www.networkadvertising.org<\/a>.<\/p>\n\n\n\n<p><strong>Google Analytics <br><\/strong>Wir verwenden Google Analytics, um unsere Website zu optimieren, indem wir (i) den Datenverkehr analysieren und optimieren und (ii) gegebenenfalls Webseiten integrieren und verbessern. \u201eGoogle Analytics\u201c ist ein Dienst der Google Inc., der detaillierte Statistiken \u00fcber den Website-Traffic und dessen Herkunft erstellt sowie Konversionsraten und Verk\u00e4ufe misst. Google Analytics verwendet \u201eCookies\u201c, die auf Ihrem Computer gespeichert werden, um das Verhalten der Besucher auf unserer Website zu analysieren.<\/p>\n\n\n\n<p>Die durch Cookies erzeugten Informationen \u00fcber Ihre Nutzung unserer Website, einschlie\u00dflich Ihrer IP-Adresse, werden mithilfe des entsprechenden Parameters (\u201e_anonymizeIp()\u201c oder einer gleichwertigen Funktion) anonymisiert und an Server von Google in den Vereinigten Staaten \u00fcbermittelt. Weitere Informationen zur Funktionsweise der IP-Anonymisierung finden Sie unter:<br><a href=\"https:\/\/support.google.com\/analytics\/answer\/2763052\">https:\/\/support.google.com\/analytics\/answer\/2763052<\/a>.<\/p>\n\n\n\n<p>Google wird diese durch Cookies erzeugten Informationen in unserem Auftrag verwenden, um die Nutzung unserer Website auszuwerten, Berichte \u00fcber die Website-Aktivit\u00e4ten zu erstellen und uns diese Berichte zu Analysezwecken zur Verf\u00fcgung zu stellen.<\/p>\n\n\n\n<p>Google kann diese Informationen an Dritte weitergeben, sofern dies gesetzlich vorgeschrieben ist oder sofern Dritte die Daten im Auftrag von Google verarbeiten. Google wird Ihre IP-Adresse in keinem Fall mit anderen bei Google gespeicherten Daten zusammenf\u00fchren oder verbinden.<\/p>\n\n\n\n<p>Sie k\u00f6nnen die Installation und Speicherung von Cookies durch entsprechende Einstellungen in Ihrem Browser verhindern oder unterbrechen oder das Browser-Add-on zur Deaktivierung von Google Analytics herunterladen und installieren, das unter folgender Adresse verf\u00fcgbar ist:<br><a href=\"https:\/\/tools.google.com\/dlpage\/gaoptout?hl=de\">https:\/\/tools.google.com\/dlpage\/gaoptout?hl=de<\/a>.<br>In diesem Fall k\u00f6nnen Sie m\u00f6glicherweise nicht alle Funktionen unserer Website nutzen.<\/p>\n\n\n\n<p>Durch die Nutzung unserer Website erkl\u00e4ren Sie sich mit der Verarbeitung der von Google \u00fcber Sie erhobenen Daten in der zuvor beschriebenen Art und zu den genannten Zwecken einverstanden.<\/p>\n\n\n\n<h2 class=\"wp-block-heading\">7. Links zu anderen Websites<\/h2>\n\n\n\n<p>Diese Datenschutzerkl\u00e4rung gilt ausschlie\u00dflich f\u00fcr diese Website und nicht f\u00fcr Websites, die von Dritten betrieben werden. Wir k\u00f6nnen Links zu anderen Websites bereitstellen, die f\u00fcr unsere Besucher von Interesse sein k\u00f6nnten. Wir bem\u00fchen uns sicherzustellen, dass diese Websites hohen Standards entsprechen. Aufgrund der Besonderheiten des Internets k\u00f6nnen wir jedoch nicht garantieren, dass alle verlinkten Websites hohe Datenschutzstandards einhalten, noch k\u00f6nnen wir f\u00fcr deren Inhalte verantwortlich gemacht werden. Dar\u00fcber hinaus gilt diese Richtlinie nicht f\u00fcr Websites au\u00dferhalb von JCV Nouvelle Prairie S\u00e0rl, auf die diese Links verweisen.<\/p>\n\n\n\n<h2 class=\"wp-block-heading\">8. Kontakt<\/h2>\n\n\n\n<p>Wenn Sie Anfragen oder Beschwerden bez\u00fcglich der Einhaltung dieser Datenschutzerkl\u00e4rung \u00fcbermitteln oder uns Vorschl\u00e4ge und Kommentare zur Verbesserung zukommen lassen m\u00f6chten, senden Sie bitte eine E-Mail an:<br><a>contact@laprairiehotel.ch<\/a>.<\/p>\n\n\n\n<p><\/p>\n","protected":false},"excerpt":{"rendered":"<p>Diese Datenschutzerkl\u00e4rung beschreibt die Methoden der Erhebung, Speicherung und Nutzung von Informationen \u00fcber Besucher der Website www.laprairiehotel.ch. DURCH DIE NUTZUNG DIESER WEBSITE ERKL\u00c4REN SIE SICH MIT DER ERHEBUNG UND VERWENDUNG VON DATEN GEM\u00c4SS DIESER DATENSCHUTZERKL\u00c4RUNG EINVERSTANDEN. SIE STIMMEN ZUDEM ZU, DASS JCV NOUVELLE PRAIRIE SARL DEN INHALT DIESES DOKUMENTS REGELM\u00c4SSIG UND NACH EIGENEM ERMESSEN OHNE [&hellip;]<\/p>\n","protected":false},"author":1,"featured_media":0,"parent":0,"menu_order":92,"comment_status":"closed","ping_status":"closed","template":"","meta":{"_acf_changed":false,"footnotes":""},"class_list":["post-3943","page","type-page","status-publish","hentry"],"acf":[],"aioseo_notices":[],"_links":{"self":[{"href":"https:\/\/www.laprairiehotel.ch\/de\/wp-json\/wp\/v2\/pages\/3943","targetHints":{"allow":["GET"]}}],"collection":[{"href":"https:\/\/www.laprairiehotel.ch\/de\/wp-json\/wp\/v2\/pages"}],"about":[{"href":"https:\/\/www.laprairiehotel.ch\/de\/wp-json\/wp\/v2\/types\/page"}],"author":[{"embeddable":true,"href":"https:\/\/www.laprairiehotel.ch\/de\/wp-json\/wp\/v2\/users\/1"}],"replies":[{"embeddable":true,"href":"https:\/\/www.laprairiehotel.ch\/de\/wp-json\/wp\/v2\/comments?post=3943"}],"version-history":[{"count":1,"href":"https:\/\/www.laprairiehotel.ch\/de\/wp-json\/wp\/v2\/pages\/3943\/revisions"}],"predecessor-version":[{"id":3948,"href":"https:\/\/www.laprairiehotel.ch\/de\/wp-json\/wp\/v2\/pages\/3943\/revisions\/3948"}],"wp:attachment":[{"href":"https:\/\/www.laprairiehotel.ch\/de\/wp-json\/wp\/v2\/media?parent=3943"}],"curies":[{"name":"wp","href":"https:\/\/api.w.org\/{rel}","templated":true}]}}