{"id":3903,"date":"2024-08-02T15:38:08","date_gmt":"2024-08-02T13:38:08","guid":{"rendered":"https:\/\/www.laprairiehotel.ch\/lhotel\/historique-de-lhotel-la-prairie\/"},"modified":"2026-02-15T17:01:42","modified_gmt":"2026-02-15T16:01:42","slug":"history-of-hotel-la-prairie","status":"publish","type":"page","link":"https:\/\/www.laprairiehotel.ch\/en\/lhotel\/history-of-hotel-la-prairie\/","title":{"rendered":"History of H\u00f4tel La Prairie"},"content":{"rendered":"\n    <\/div>\n            <section class=\"content-section-img frame page-section \"  style=\"\">\n            <div class=\"container p-0-mob\">\n                <div class=\"row\">\n                    <div class=\"col-lg-5 offset-lg-0 col-md-8 offset-md-2 left-content\">\n                        <div class=\"content-section-img-zone\">\n                                                            <img decoding=\"async\" src=\"https:\/\/www.laprairiehotel.ch\/app\/uploads\/sites\/2\/2024\/08\/La-Prairie-livre_v1-010.jpg\" class=\"width-100\" height=\"auto\">\n                                                    <\/div>\n                    <\/div>\n                    <div class=\"col-lg-8 offset-lg-4 col-md-12 offset-md-0 right-content\">\n                        <div class=\"white-box parallax-el\" data-parallax-ratio=\"20\" data-parallax-speed=\"1\">\n                            <h2 data-start=\"151\" data-end=\"181\">History of H\u00f4tel La Prairie<\/h2>\n<p data-start=\"183\" data-end=\"426\">Cities often have a symbolic building. A kind of icon. A reference that is sometimes more sentimental than aesthetic. A place linked to significant personalities \u2014 or that has become so. Also to events. H\u00f4tel La Prairie is all of this at once.<\/p>\n<p data-start=\"428\" data-end=\"790\">Admittedly, \u201cLa Prairie\u201d has not always experienced easy times, but it has always been able to exist thanks to the determination, commitment and above all the passion of three personalities: Otto Rohrer, Charles Decker and Jean-Claude Vagni\u00e8res. Three businessmen with no hotel training who, in turn, loved this place and made it one of the jewels of the region.<\/p>\n<p data-start=\"792\" data-end=\"1044\">Throughout history, the thermal spring of Yverdon has played an important role in the tourist and economic activities of this small provincial town, well located on the Swiss plateau. The evolution of La Prairie is closely linked to that of thermalism.<\/p>\n                                                    <\/div>\n                    <\/div>\n                <\/div>\n            <\/div>\n        <\/section>\n        <div class=\"container\">\n    \n\n\n    <div class=\"wp-block panel-group accordions \"  style=\"\">\n                        <div class=\"accordion-item panel\">\n                    <div class=\"accordion-header panel-heading\">\n                        <div class=\"collapsed\">\n                            <h3>1840<\/h3>\n                        <\/div>\n                    <\/div>\n                    <div class=\"panel-collapse collapse\">\n                        <div class=\"panel-body\">\n                            <p data-start=\"1063\" data-end=\"1198\">As not all spa guests could afford a stay at the hotel, in 1840 a boarding house, the first building of La Prairie, was built nearby.<\/p>\n<p data-start=\"1200\" data-end=\"1340\">During this entire period, Pension Peytermann (La Prairie) lived through crises and revivals, in the shadow or in the sunshine of the baths.<\/p>\n                        <\/div>\n                    <\/div>\n                <\/div>\n                        <div class=\"accordion-item panel\">\n                    <div class=\"accordion-header panel-heading\">\n                        <div class=\"collapsed\">\n                            <h3>1899<\/h3>\n                        <\/div>\n                    <\/div>\n                    <div class=\"panel-collapse collapse\">\n                        <div class=\"panel-body\">\n                            <p>La Prairie (Pension Peytermann) retained this status until the arrival of a particularly dynamic new owner, Otto Rohrer, who wanted to restore splendour to the place. He was the first to perceive the potential offered by the 62,000 m\u00b2 park surrounding the original building.<\/p>\n                        <\/div>\n                    <\/div>\n                <\/div>\n                        <div class=\"accordion-item panel\">\n                    <div class=\"accordion-header panel-heading\">\n                        <div class=\"collapsed\">\n                            <h3>1903<\/h3>\n                        <\/div>\n                    <\/div>\n                    <div class=\"panel-collapse collapse\">\n                        <div class=\"panel-body\">\n                            <p>Discovery of the La Prairie mineral spring, then called Yverdon water, which would later become Arkina.<\/p>\n                        <\/div>\n                    <\/div>\n                <\/div>\n                        <div class=\"accordion-item panel\">\n                    <div class=\"accordion-header panel-heading\">\n                        <div class=\"collapsed\">\n                            <h3>1905-1910<\/h3>\n                        <\/div>\n                    <\/div>\n                    <div class=\"panel-collapse collapse\">\n                        <div class=\"panel-body\">\n                            <p>Otto Rohrer aimed to transform this boarding house into a true hotel. It was enlarged between 1905 and 1910, intended for a more affluent clientele.<\/p>\n                        <\/div>\n                    <\/div>\n                <\/div>\n                        <div class=\"accordion-item panel\">\n                    <div class=\"accordion-header panel-heading\">\n                        <div class=\"collapsed\">\n                            <h3>1914-1918<\/h3>\n                        <\/div>\n                    <\/div>\n                    <div class=\"panel-collapse collapse\">\n                        <div class=\"panel-body\">\n                            <p>The Great War (1914\u20131918) destroyed the European economy and thermalism was severely affected. H\u00f4tel des Bains was threatened with disappearance.<\/p>\n                        <\/div>\n                    <\/div>\n                <\/div>\n                        <div class=\"accordion-item panel\">\n                    <div class=\"accordion-header panel-heading\">\n                        <div class=\"collapsed\">\n                            <h3>1921<\/h3>\n                        <\/div>\n                    <\/div>\n                    <div class=\"panel-collapse collapse\">\n                        <div class=\"panel-body\">\n                            <p>Puzant Masraff (an Armenian businessman) acquired half of Otto Rohrer\u2019s property in 1921 and developed the La Prairie spring, renamed Arkina, after a famous spring in Armenia.<\/p>\n                        <\/div>\n                    <\/div>\n                <\/div>\n                        <div class=\"accordion-item panel\">\n                    <div class=\"accordion-header panel-heading\">\n                        <div class=\"collapsed\">\n                            <h3>1932<\/h3>\n                        <\/div>\n                    <\/div>\n                    <div class=\"panel-collapse collapse\">\n                        <div class=\"panel-body\">\n                            <p>Closure of H\u00f4tel des Bains in 1932. La Prairie became the only establishment available to spa guests coming to the Yverdon Baths.<\/p>\n                        <\/div>\n                    <\/div>\n                <\/div>\n                        <div class=\"accordion-item panel\">\n                    <div class=\"accordion-header panel-heading\">\n                        <div class=\"collapsed\">\n                            <h3>1939-1945<\/h3>\n                        <\/div>\n                    <\/div>\n                    <div class=\"panel-collapse collapse\">\n                        <div class=\"panel-body\">\n                            <p data-start=\"2454\" data-end=\"2608\">Although it welcomed few tourists during the great global conflict that devastated Europe, H\u00f4tel La Prairie accommodated many soldiers and later refugees.<\/p>\n<p data-start=\"2610\" data-end=\"2771\">If La Prairie had long lived in the wake of the Baths, things would be different after the war. At the end of the conflict, the establishment was in a sad state.<\/p>\n<p data-start=\"2773\" data-end=\"2896\">Despite the efforts of Otto Rohrer\u2019s successors, his family was unable to gather the necessary means to renovate the hotel.<\/p>\n                        <\/div>\n                    <\/div>\n                <\/div>\n                        <div class=\"accordion-item panel\">\n                    <div class=\"accordion-header panel-heading\">\n                        <div class=\"collapsed\">\n                            <h3>1946<\/h3>\n                        <\/div>\n                    <\/div>\n                    <div class=\"panel-collapse collapse\">\n                        <div class=\"panel-body\">\n                            <p data-start=\"2914\" data-end=\"3199\">It was under these circumstances that Charles Decker bought the hotel in 1948. It became the place everyone talked about \u2014 the place where people passed through, dined and enjoyed themselves, the meeting point of Yverdon\u2019s high society, but also a place from which no one was excluded.<\/p>\n<p data-start=\"3201\" data-end=\"3362\">Charles Decker hired Andr\u00e9 and Eva Curchod. Andr\u00e9 in the kitchen and his wife Eva at reception \u2014 a couple inseparable from the hotel\u2019s longest prosperous period.<\/p>\n                        <\/div>\n                    <\/div>\n                <\/div>\n                        <div class=\"accordion-item panel\">\n                    <div class=\"accordion-header panel-heading\">\n                        <div class=\"collapsed\">\n                            <h3>1974<\/h3>\n                        <\/div>\n                    <\/div>\n                    <div class=\"panel-collapse collapse\">\n                        <div class=\"panel-body\">\n                            <p data-start=\"3381\" data-end=\"3459\">Jean-Paul Curchod took over the operation of La Prairie until the end of 1982.<\/p>\n<p data-start=\"3461\" data-end=\"3614\">Afterwards, Charles Decker (who died in 2004), then his heirs, entrusted the management to several successive operators, with varying degrees of success.<\/p>\n                        <\/div>\n                    <\/div>\n                <\/div>\n                        <div class=\"accordion-item panel\">\n                    <div class=\"accordion-header panel-heading\">\n                        <div class=\"collapsed\">\n                            <h3>2014<\/h3>\n                        <\/div>\n                    <\/div>\n                    <div class=\"panel-collapse collapse\">\n                        <div class=\"panel-body\">\n                            <p data-start=\"3632\" data-end=\"3789\">As the sky over this jewel of hospitality was turning grey, Jean-Claude Vagni\u00e8res took over the operation of H\u00f4tel La Prairie and purchased it in early 2015.<\/p>\n<p data-start=\"3791\" data-end=\"3982\">He ensured a smooth transition with the existing staff, refined his strategy and prepared major renovation works aimed at bringing this historic establishment to a level never reached before.<\/p>\n<p data-start=\"3984\" data-end=\"4052\">One can speak of a true reconstruction of a large part of the hotel.<\/p>\n<p data-start=\"4054\" data-end=\"4210\">It now houses air-conditioned luxury rooms with spacious bathrooms, meeting rooms equipped with all technical facilities, and bright openings onto the park.<\/p>\n                        <\/div>\n                    <\/div>\n                <\/div>\n                        <div class=\"accordion-item panel\">\n                    <div class=\"accordion-header panel-heading\">\n                        <div class=\"collapsed\">\n                            <h3>2024<\/h3>\n                        <\/div>\n                    <\/div>\n                    <div class=\"panel-collapse collapse\">\n                        <div class=\"panel-body\">\n                            <p data-start=\"4228\" data-end=\"4546\">In May 2024, the Michoud family, already owners of H\u00f4tel du Th\u00e9\u00e2tre, joined forces with investor Marcus Weber to take over H\u00f4tel La Prairie in Yverdon-les-Bains. Driven by a family and local vision, this acquisition promises a new momentum for this emblematic establishment, combining tradition, elegance and dynamism.<\/p>\n                        <\/div>\n                    <\/div>\n                <\/div>\n            <\/div>\n\n\n\n\n    <div class=\"row gallery-row \"  style=\"\">\n        <div class=\"lightgallery\">\n                                                                        <div class=\"col-lg-4 col-md-6 col-sm-12 pointer video-box\" data-src=\"https:\/\/www.laprairiehotel.ch\/app\/uploads\/sites\/2\/2024\/08\/La-Prairie-livre_v1-010.jpg\" data-sub-html=\"\">\n                            <div>\n                                <a href=\"#\">\n                                    <img loading=\"lazy\" decoding=\"async\" src=\"https:\/\/www.laprairiehotel.ch\/app\/uploads\/sites\/2\/2024\/08\/La-Prairie-livre_v1-010-640x430.jpg\" class=\"width-100\" width=\"640\" height=\"430\" \/>\n                                <\/a>\n                            <\/div>\n                        <\/div>\n                                                                                                            <div class=\"col-lg-4 col-md-6 col-sm-12 pointer video-box\" data-src=\"https:\/\/www.laprairiehotel.ch\/app\/uploads\/sites\/2\/2025\/10\/lplp.jpeg\" data-sub-html=\"\">\n                            <div>\n                                <a href=\"#\">\n                                    <img loading=\"lazy\" decoding=\"async\" src=\"https:\/\/www.laprairiehotel.ch\/app\/uploads\/sites\/2\/2025\/10\/lplp-640x430.jpeg\" class=\"width-100\" width=\"640\" height=\"430\" \/>\n                                <\/a>\n                            <\/div>\n                        <\/div>\n                                                                                                            <div class=\"col-lg-4 col-md-6 col-sm-12 pointer video-box\" data-src=\"https:\/\/www.laprairiehotel.ch\/app\/uploads\/sites\/2\/2024\/08\/La-Prairie-livre_v1-008.jpg\" data-sub-html=\"\">\n                            <div>\n                                <a href=\"#\">\n                                    <img loading=\"lazy\" decoding=\"async\" src=\"https:\/\/www.laprairiehotel.ch\/app\/uploads\/sites\/2\/2024\/08\/La-Prairie-livre_v1-008-640x430.jpg\" class=\"width-100\" width=\"640\" height=\"430\" \/>\n                                <\/a>\n                            <\/div>\n                        <\/div>\n                                                        <\/div>\n    <\/div>\n\n","protected":false},"excerpt":{"rendered":"","protected":false},"author":1,"featured_media":1788,"parent":3889,"menu_order":75,"comment_status":"closed","ping_status":"closed","template":"","meta":{"_acf_changed":false,"footnotes":""},"class_list":["post-3903","page","type-page","status-publish","has-post-thumbnail","hentry"],"acf":[],"aioseo_notices":[],"_links":{"self":[{"href":"https:\/\/www.laprairiehotel.ch\/en\/wp-json\/wp\/v2\/pages\/3903","targetHints":{"allow":["GET"]}}],"collection":[{"href":"https:\/\/www.laprairiehotel.ch\/en\/wp-json\/wp\/v2\/pages"}],"about":[{"href":"https:\/\/www.laprairiehotel.ch\/en\/wp-json\/wp\/v2\/types\/page"}],"author":[{"embeddable":true,"href":"https:\/\/www.laprairiehotel.ch\/en\/wp-json\/wp\/v2\/users\/1"}],"replies":[{"embeddable":true,"href":"https:\/\/www.laprairiehotel.ch\/en\/wp-json\/wp\/v2\/comments?post=3903"}],"version-history":[{"count":1,"href":"https:\/\/www.laprairiehotel.ch\/en\/wp-json\/wp\/v2\/pages\/3903\/revisions"}],"predecessor-version":[{"id":3906,"href":"https:\/\/www.laprairiehotel.ch\/en\/wp-json\/wp\/v2\/pages\/3903\/revisions\/3906"}],"up":[{"embeddable":true,"href":"https:\/\/www.laprairiehotel.ch\/en\/wp-json\/wp\/v2\/pages\/3889"}],"wp:featuredmedia":[{"embeddable":true,"href":"https:\/\/www.laprairiehotel.ch\/en\/wp-json\/wp\/v2\/media\/1788"}],"wp:attachment":[{"href":"https:\/\/www.laprairiehotel.ch\/en\/wp-json\/wp\/v2\/media?parent=3903"}],"curies":[{"name":"wp","href":"https:\/\/api.w.org\/{rel}","templated":true}]}}